{"id":176,"date":"2018-12-21T13:03:23","date_gmt":"2018-12-21T11:03:23","guid":{"rendered":"http:\/\/dinamitzacio-social-digital-test.recursos.uoc.edu\/conceptes-claus\/?page_id=176"},"modified":"2022-01-03T12:38:04","modified_gmt":"2022-01-03T10:38:04","slug":"1-3-la-digitalizacion-y-las-habilidades-en-el-entorno-laboral","status":"publish","type":"page","link":"http:\/\/dinamitzacio-social-digital-test.recursos.uoc.edu\/conceptes-claus\/es\/1-3-la-digitalizacion-y-las-habilidades-en-el-entorno-laboral\/","title":{"rendered":"1.3. La digitalizaci\u00f3n y las habilidades en el entorno laboral"},"content":{"rendered":"<p>Hemos comentado que las TIC y la digitalizaci\u00f3n modifican las formas de organizar el trabajo, as\u00ed como las habilidades necesarias para acceder o desarrollar correctamente estos trabajos. De acuerdo con informes derivados del WEF o de la <a href=\"javascript:void(0);\" class=\"tooltip\" data-toggle=\"popover\" data-placement=\"bottom\" data-content=\"Para un an\u00e1lisis detallado de las habilidades necesarias para trabajar en la econom\u00eda digital, y su comparativa por pa\u00edses, pod\u00e9is consultar el informe de la OCDE (2016). \u00abNew Skills for the Digital Economy: measuring the demand and supply of ICT skills at work\u00bb. <em>Meeting on the Digital Economy Technical Report<\/em> (n\u00fam. 258).\" data-placement=\"top\" data-html=\"true\" >OCDE<\/a>, hay una serie de competencias b\u00e1sicas de los trabajadores que se ven modificadas sustancialmente por los entornos de trabajo actual. As\u00ed, de acuerdo con la OCDE, en el mercado de trabajo en la sociedad de la informaci\u00f3n, adem\u00e1s de la capacitaci\u00f3n digital de los trabajadores y de la creciente demanda en especialistas en TIC, es esencial tambi\u00e9n el desarrollo de habilidades complementar\u00edas a las TIC que no tienen tanto que ver con el uso de las TIC, sino con el entorno de trabajo que se genera debido a su aplicaci\u00f3n. De acuerdo con el informe:<\/p>\n<blockquote><p>\u00ab[\u2026] el hecho de trabajar en un entorno intensivo en informaci\u00f3n accesible a trav\u00e9s de herramientas y plataformas digitales requiere m\u00e1s capacidad de planificaci\u00f3n. Las estructuras de trabajo horizontal facilitadas por las TIC requieren m\u00e1s trabajo en equipo, cooperaci\u00f3n y un fuerte liderazgo. Una mayor difusi\u00f3n de informaci\u00f3n entre un gran n\u00famero de trabajadores aumenta la importancia de la coordinaci\u00f3n. Las habilidades de venta implicadas en el comercio electr\u00f3nico difieren de las necesarias por el comercio tradicional.\u00bb<\/p>\n<p>OCDE (2016). \u00abNew Skills for the Digital Economy: measuring the demand and supply of ICT skills at work\u00bb. <em>Meeting on the Digital Economy Technical Report<\/em> (n\u00fam. 258).<\/p><\/blockquote>\n<p>Podemos decir, pues, que uno de los impactos m\u00e1s importantes originados por la introducci\u00f3n de las TIC en las empresas reside en la capacidad de poder interconectar diferentes departamentos entre ellos, con otras empresas, etc. El hecho de compartir informaci\u00f3n origina estructuras menos jerarquizadas y m\u00e1s din\u00e1micas. As\u00ed, se imponen estructuras m\u00e1s planas, en las cuales la autonom\u00eda de los trabajadores, su capacidad de autogestionar el tiempo o el trabajo en equipo, entre otras que hemos comentado, son competencias muy importantes. Tambi\u00e9n se modifica la forma en que las empresas se relacionan con proveedores y clientes. En todo esto, la comunicaci\u00f3n desempe\u00f1a un papel fundamental, por lo que las competencias y habilidades comunicativas son otro eje competencial importante en cuanto al uso intensivo de la tecnolog\u00eda en entornos laborales, aparte de su impacto en otros escenarios mediados por la tecnolog\u00eda.<\/p>\n<div class=\"featured featured-grey\"><\/p>\n<h3>Competencias digitales de estudiantes universitarios<\/h3>\n<p>Ejemplo y estudio de caso a partir de Galindo, F.; Ruiz, S.; Ruiz, F. J. (2017). <em>Competencias digitales ante la irrupci\u00f3n de la Cuarta Revoluci\u00f3n Industrial<\/em>. Estudos em Comunica\u00e7\u00e3o, 25, 1. Los autores analizan las competencias digitales de estudiantes universitarios y su adecuaci\u00f3n al marco de los retos profesionales sugeridos por las innovaciones de la cuarta revoluci\u00f3n industrial. El estudio llega a las siguientes conclusiones:<\/p>\n<ul>\n<li>Se observa un alto nivel de conectividad a las redes y las TIC, con f\u00e1cil acceso a internet y a diferentes dispositivos.<\/li>\n<li>Poca elaboraci\u00f3n de contenidos por parte de los estudiantes participantes en el estudio.<\/li>\n<li>Pese al alto consumo tecnol\u00f3gico y de conexi\u00f3n, se emplea poca diversidad de herramientas y plataformas.<\/li>\n<li>Existe una autocomplacencia respecto a la propia percepci\u00f3n de la competencia digital.<\/li>\n<li>Se hace un uso l\u00fadico de herramientas y plataformas sociales digitales, y falta una preparaci\u00f3n para hacer un uso de las mismas orientado al \u00e1mbito laboral.<\/li>\n<\/ul>\n<p><strong>Reflexi\u00f3n<\/strong><strong>:<\/strong> \u00bfestamos preparando a los futuros estudiantes para afrontar los retos de la sociedad de la informaci\u00f3n y de la cuarta revoluci\u00f3n industrial?<\/p>\n<p>\n<\/div>\n","protected":false},"excerpt":{"rendered":"<p>Hemos comentado que las TIC y la digitalizaci\u00f3n modifican las formas de organizar el trabajo, as\u00ed como las habilidades necesarias para acceder o desarrollar correctamente estos trabajos. De acuerdo con informes derivados del WEF o de la , hay una serie de competencias b\u00e1sicas de los trabajadores que se ven modificadas sustancialmente por los entornos [&hellip;]<\/p>\n","protected":false},"author":1,"featured_media":0,"parent":0,"menu_order":3,"comment_status":"closed","ping_status":"closed","template":"","meta":[],"_links":{"self":[{"href":"http:\/\/dinamitzacio-social-digital-test.recursos.uoc.edu\/conceptes-claus\/es\/wp-json\/wp\/v2\/pages\/176"}],"collection":[{"href":"http:\/\/dinamitzacio-social-digital-test.recursos.uoc.edu\/conceptes-claus\/es\/wp-json\/wp\/v2\/pages"}],"about":[{"href":"http:\/\/dinamitzacio-social-digital-test.recursos.uoc.edu\/conceptes-claus\/es\/wp-json\/wp\/v2\/types\/page"}],"author":[{"embeddable":true,"href":"http:\/\/dinamitzacio-social-digital-test.recursos.uoc.edu\/conceptes-claus\/es\/wp-json\/wp\/v2\/users\/1"}],"replies":[{"embeddable":true,"href":"http:\/\/dinamitzacio-social-digital-test.recursos.uoc.edu\/conceptes-claus\/es\/wp-json\/wp\/v2\/comments?post=176"}],"version-history":[{"count":4,"href":"http:\/\/dinamitzacio-social-digital-test.recursos.uoc.edu\/conceptes-claus\/es\/wp-json\/wp\/v2\/pages\/176\/revisions"}],"predecessor-version":[{"id":341,"href":"http:\/\/dinamitzacio-social-digital-test.recursos.uoc.edu\/conceptes-claus\/es\/wp-json\/wp\/v2\/pages\/176\/revisions\/341"}],"wp:attachment":[{"href":"http:\/\/dinamitzacio-social-digital-test.recursos.uoc.edu\/conceptes-claus\/es\/wp-json\/wp\/v2\/media?parent=176"}],"curies":[{"name":"wp","href":"https:\/\/api.w.org\/{rel}","templated":true}]}}