{"id":184,"date":"2018-12-21T13:29:00","date_gmt":"2018-12-21T11:29:00","guid":{"rendered":"http:\/\/dinamitzacio-social-digital-test.recursos.uoc.edu\/conceptes-claus\/?page_id=184"},"modified":"2022-01-03T12:49:15","modified_gmt":"2022-01-03T10:49:15","slug":"1-5-la-sociedad-digital-en-europa-y-espana","status":"publish","type":"page","link":"http:\/\/dinamitzacio-social-digital-test.recursos.uoc.edu\/conceptes-claus\/es\/1-5-la-sociedad-digital-en-europa-y-espana\/","title":{"rendered":"1.5. La sociedad digital en Europa y Espa\u00f1a"},"content":{"rendered":"<p>La Uni\u00f3n Europea elabora <em>The Digital Economy and Society Index<\/em> (DESI), que analiza los indicadores europeos de rendimiento digital y la evoluci\u00f3n de los estados miembros de la Uni\u00f3n Europea en cuanto a la competitividad digital. Incluye cinco dimensiones para evaluar este \u00edndice: conectividad, capital humano, uso de internet, integraci\u00f3n de las tecnolog\u00edas digitales y servicios digitales p\u00fablicos (Gobierno electr\u00f3nico). Como hab\u00e9is visto al inicio de este m\u00f3dulo, algunos datos que se desprenden en la \u00faltima edici\u00f3n del informe DESI (2021) son que un 84 % de la poblaci\u00f3n europea usa Internet cada d\u00eda, pero solo un 56 % dispone de las competencias digitales b\u00e1sicas, un n\u00famero que, a pesar de todo, ha ido creciendo lentamente desde 2015. Aunque se observa que gran parte de la poblaci\u00f3n europea utiliza Internet con regularidad, se observa que todav\u00eda persisten algunas barreras. Por ejemplo, una de las principales razones por las que no se dispone de Internet en casa es la falta de necesidad o inter\u00e9s (45 % de los hogares sin acceso a Internet en 2019), junto con otros factores como las habilidades insuficientes (45 %), los costes del equipamiento (25 %) y las barreras de costes de conexi\u00f3n elevados (23 %). El efecto disuasivo de cada uno de estos factores var\u00eda significativamente entre los Estados miembros. En este sentido, por ejemplo, solo el 5 % de los hogares estonios sin acceso a Internet mencionaron los costes como barrera, pero, en cambio, en Portugal lo mencionaron hasta un 53 %. Asimismo, la falta de habilidades relevantes es un factor importante en este sentido. Teniendo en cuenta que este limita la conciencia de los beneficios potenciales de la digitalizaci\u00f3n, tambi\u00e9n puede ser uno de los motivos del gran n\u00famero de hogares de la UE que todav\u00eda afirman no tener acceso a Internet en casa porque no lo necesitan.<\/p>\n<p>Del mismo modo, estos indicadores tambi\u00e9n est\u00e1n fuertemente influenciados por varios aspectos sociodemogr\u00e1ficos, como el nivel de estudios, los ingresos econ\u00f3micos, la edad o el hecho de vivir en \u00e1reas rurales o urbanas. Pod\u00e9is ampliar toda esta informaci\u00f3n accediendo al \u00faltimo informe DESI desde <a href=\"https:\/\/digital-strategy.ec.europa.eu\/en\/policies\/desi-human-capital\" target=\"_blank\" rel=\"noopener\">este enlace<\/a><u>.<\/u><\/p>\n<p>En cuanto a Espa\u00f1a, y para disponer de una visi\u00f3n exhaustiva de los cambios sociales, laborales y personales de la introducci\u00f3n de las TIC, pod\u00e9is consultar los informes anuales sobre la situaci\u00f3n digital en Espa\u00f1a elaborados por Telef\u00f3nica. Este informe, adem\u00e1s, incluye toda una serie de indicadores y una comparativa por comunidades aut\u00f3nomas. Pod\u00e9is consultar el \u00faltimo informe desde <a href=\"https:\/\/www.fundaciontelefonica.com\/cultura-digital\/publicaciones\/sociedad-digital-en-espana-2020-2021\/730\/.\" target=\"_blank\" rel=\"noopener\">este enlace<\/a>.<\/p>\n<p>Por su parte,\u00a0<em>Plan<\/em> <em>Espa\u00f1a Digital 2025 <\/em> del gobierno espa\u00f1ol recoge \u00abun conjunto de medidas, reformas e inversiones, articuladas en diez ejes estrat\u00e9gicos, alineados a las pol\u00edticas digitales marcadas por la Comisi\u00f3n Europea para el nuevo periodo. Las acciones de la Agenda est\u00e1n orientadas a impulsar un crecimiento m\u00e1s sostenible e inclusivo, impulsado por las sinergias de las transiciones digital y ecol\u00f3gica, que llegue al conjunto de la sociedad y concilie las nuevas oportunidades que ofrece el mundo digital con el respeto de los valores constitucionales y la protecci\u00f3n de los derechos individuales y colectivos\u00bb. En este contexto, se pueden consultar los diferentes planes de acci\u00f3n que van desde la digitalizaci\u00f3n de las empresas hasta los aspectos relacionados con la capacitaci\u00f3n digital de la poblaci\u00f3n.\u00a0 Pod\u00e9is acceder al <em>Plan Espa\u00f1a Digital 2025<\/em> a trav\u00e9s de este <a href=\"https:\/\/www.lamoncloa.gob.es\/presidente\/actividades\/Documents\/2020\/230720-Espa%C3%B1aDigital_2025.pdf\" target=\"_blank\" rel=\"noopener\">enlace<\/a>.<\/p>\n","protected":false},"excerpt":{"rendered":"<p>La Uni\u00f3n Europea elabora The Digital Economy and Society Index (DESI), que analiza los indicadores europeos de rendimiento digital y la evoluci\u00f3n de los estados miembros de la Uni\u00f3n Europea en cuanto a la competitividad digital. Incluye cinco dimensiones para evaluar este \u00edndice: conectividad, capital humano, uso de internet, integraci\u00f3n de las tecnolog\u00edas digitales y [&hellip;]<\/p>\n","protected":false},"author":1,"featured_media":0,"parent":0,"menu_order":5,"comment_status":"closed","ping_status":"closed","template":"","meta":[],"_links":{"self":[{"href":"http:\/\/dinamitzacio-social-digital-test.recursos.uoc.edu\/conceptes-claus\/es\/wp-json\/wp\/v2\/pages\/184"}],"collection":[{"href":"http:\/\/dinamitzacio-social-digital-test.recursos.uoc.edu\/conceptes-claus\/es\/wp-json\/wp\/v2\/pages"}],"about":[{"href":"http:\/\/dinamitzacio-social-digital-test.recursos.uoc.edu\/conceptes-claus\/es\/wp-json\/wp\/v2\/types\/page"}],"author":[{"embeddable":true,"href":"http:\/\/dinamitzacio-social-digital-test.recursos.uoc.edu\/conceptes-claus\/es\/wp-json\/wp\/v2\/users\/1"}],"replies":[{"embeddable":true,"href":"http:\/\/dinamitzacio-social-digital-test.recursos.uoc.edu\/conceptes-claus\/es\/wp-json\/wp\/v2\/comments?post=184"}],"version-history":[{"count":4,"href":"http:\/\/dinamitzacio-social-digital-test.recursos.uoc.edu\/conceptes-claus\/es\/wp-json\/wp\/v2\/pages\/184\/revisions"}],"predecessor-version":[{"id":347,"href":"http:\/\/dinamitzacio-social-digital-test.recursos.uoc.edu\/conceptes-claus\/es\/wp-json\/wp\/v2\/pages\/184\/revisions\/347"}],"wp:attachment":[{"href":"http:\/\/dinamitzacio-social-digital-test.recursos.uoc.edu\/conceptes-claus\/es\/wp-json\/wp\/v2\/media?parent=184"}],"curies":[{"name":"wp","href":"https:\/\/api.w.org\/{rel}","templated":true}]}}