{"id":186,"date":"2018-12-21T13:43:48","date_gmt":"2018-12-21T11:43:48","guid":{"rendered":"http:\/\/dinamitzacio-social-digital-test.recursos.uoc.edu\/conceptes-claus\/?page_id=186"},"modified":"2022-01-03T13:02:11","modified_gmt":"2022-01-03T11:02:11","slug":"2-1-aproximacion-al-concepto-de-exclusion-social","status":"publish","type":"page","link":"http:\/\/dinamitzacio-social-digital-test.recursos.uoc.edu\/conceptes-claus\/es\/2-1-aproximacion-al-concepto-de-exclusion-social\/","title":{"rendered":"2.1. Aproximaci\u00f3n al concepto de exclusi\u00f3n social"},"content":{"rendered":"<p>El concepto de exclusi\u00f3n social surge en el contexto de los debates en torno a los sectores m\u00e1s desfavorecidos de la sociedad; a pesar de que inicialmente asociado al concepto de pobreza, en los \u00faltimos a\u00f1os ha adquirido una concepci\u00f3n multidimensional y engloba muchos otros factores. En este sentido, el concepto de exclusi\u00f3n social puede ser dif\u00edcil de definir, puesto que se puede entender desde el punto de vista de factores estructurales o desde el punto de vista de las experiencias de vida individuales, tal y como afirman <a href=\"javascript:void(0);\" class=\"tooltip\" data-toggle=\"popover\" data-placement=\"bottom\" data-content=\"Mervyn y otros (2014). \u00abDigital inclusion and social inclusion: a tale of two cities\u00bb. <em>Information, communication and society <\/em>(n\u00fam. 17, vol. 9, p\u00e1gs. 1.086-1.104). Este trabajo de investigaci\u00f3n plantea una interesante reflexi\u00f3n sobre c\u00f3mo las tecnolog\u00edas m\u00f3viles pueden influir en la exclusi\u00f3n social.\" data-placement=\"top\" data-html=\"true\" >Mervyn y otros (2014)<\/a>.<\/p>\n<p>La definici\u00f3n siguiente nos proporciona una visi\u00f3n amplia del concepto de exclusi\u00f3n, y nos puede servir como punto de partida para afrontar nuevas formas de exclusi\u00f3n.<\/p>\n<div class=\"featured featured-blue\"><p>Entendemos por <strong>exclusi\u00f3n social<\/strong> el conjunto de procesos a partir de los cuales individuos o grupos no pueden participar de manera plena en la sociedad en la que viven y, por lo tanto, disfrutar de una serie de derechos de tipo pol\u00edtico, laboral, econ\u00f3mico o social.<\/p>\n<\/div>\n<p>Para la Uni\u00f3n Europea, la exclusi\u00f3n social consiste en lo siguiente:<\/p>\n<blockquote><p>\u00abProceso en el que determinados individuos est\u00e1n separados de la sociedad y no pueden participar en la misma de manera plena por su pobreza, o la <strong>falta<\/strong> <strong>de competencias b\u00e1sicas y de oportunidades de aprendizaje a lo largo de la vida<\/strong>, o como resultado de una discriminaci\u00f3n. Esto los distancia del trabajo, de las oportunidades de educaci\u00f3n y de participar en redes sociales y comunitarias.\u00bb<\/p>\n<p>European Council (2004). <em>Joint Report by the Commission and the Council of Social Inclusion<\/em>.<\/p><\/blockquote>\n<p>De las definiciones anteriores, podemos remarcar que la exclusi\u00f3n social hace que haya individuos que no pueden disfrutar plenamente de determinados derechos y ventajas propios de la sociedad donde viven. Por lo tanto, habr\u00e1 que saber cu\u00e1les son estos derechos y oportunidades y qu\u00e9 condiciones pueden crear situaciones desfavorables para determinadas personas.<\/p>\n<p>La misma Uni\u00f3n Europea identifica una serie de cambios estructurales en la sociedad, que tienen un fuerte impacto en los procesos de exclusi\u00f3n social y que, por lo tanto, hay que considerar a la hora de abordarla. Los principales cambios, algunos de los cuales ya hab\u00edamos apuntado, son:<\/p>\n<ul>\n<li>Cambios en las condiciones de acceso al mercado de trabajo y de las habilidades pedidas.<\/li>\n<li>Incremento en la esperanza de vida de la poblaci\u00f3n y, en consecuencia, de la demanda de servicios de salud.<\/li>\n<li>Inmigraci\u00f3n y diversidad \u00e9tnica creciente.<\/li>\n<li>Cambios en las estructuras familiares.<\/li>\n<li>Emancipaci\u00f3n de la mujer.<\/li>\n<li>Impacto de las TIC y otras tecnolog\u00edas.<\/li>\n<\/ul>\n<p>Otra manera cl\u00e1sica de abordar el estudio de las condiciones que pueden provocar una situaci\u00f3n de exclusi\u00f3n es a partir del an\u00e1lisis de sus dimensiones, que tradicionalmente se agrupan de la siguiente manera:<\/p>\n<ul>\n<li><strong>Dimensi\u00f3n estructural o econ\u00f3mica<\/strong>, que est\u00e1 relacionada con la falta de recursos materiales o de acceso a los mismos, y se centra principalmente en las dificultades para acceder a un puesto de trabajo o tener una situaci\u00f3n precaria en el mercado laboral.<\/li>\n<li><strong>Dimensi\u00f3n pol\u00edtica<\/strong> que implica las posibilidades de participar democr\u00e1ticamente y estar representado en las decisiones que afectan a la vida de los individuos.<\/li>\n<li><strong>Dimensi\u00f3n social y personal<\/strong>, relacionada con todos aquellos aspectos vinculados con la vida emocional y de salud de una persona.<\/li>\n<\/ul>\n<p>Para luchar contra la exclusi\u00f3n social, el Ministerio de Derechos Sociales y Agenda 2030 ha elaborado el \u00abPlan operativo 2020 de desarrollo de la estrategia nacional de prevenci\u00f3n y lucha contra la pobreza y la exclusi\u00f3n social 2019-2023\u00bb, que os pod\u00e9is descargar desde este enlace: <a href=\"https:\/\/www.mscbs.gob.es\/ssi\/familiasInfancia\/inclusionSocial\/inclusionSocialEspana\/home.htm.\" target=\"_blank\" rel=\"noopener\"><u>https:\/\/www.mscbs.gob.es\/ssi\/familiasInfancia\/inclusionSocial\/inclusionSocialEspana\/home.htm.<\/u><\/a><\/p>\n<p>De acuerdo con el mencionado plan de acci\u00f3n, algunos de los principales factores que inciden en la exclusi\u00f3n social son<strong> la falta de acceso al mercado de trabajo o situaci\u00f3n de desempleo, la educaci\u00f3n, la vivienda y la dependencia<\/strong>.<\/p>\n<p>Entre las distintas metas estrat\u00e9gicas que se plantean en este plano operativo, en el objetivo 2.1 referente a educaci\u00f3n equitativa e inclusiva, hay un punto en concreto que se refiere a la capacitaci\u00f3n digital:<\/p>\n<div class=\"featured featured-blue\"><p>\u00ab[&#8230;] se han continuado desarrollando medidas para avanzar en el marco de la Agenda Digital, con el fin de preparar a las personas para la econom\u00eda digital y reducir la brecha digital que existe en los distintos territorios de nuestro pa\u00eds, as\u00ed como entre perfiles y grupos de poblaci\u00f3n diferente\u00bb.<\/p>\n<\/div>\n<p>All\u00ed ver\u00e9is las diferentes acciones previstas en este sentido.<\/p>\n<p>Otras <a href=\"javascript:void(0);\" class=\"tooltip\" data-toggle=\"popover\" data-placement=\"bottom\" data-content=\"Pod\u00e9is consultar el documento <a href='https:\/\/www.bancodealimentos.es\/wp-content\/uploads\/2017\/10\/Exclusion-social.pdf' target='_blank'>\u00abLa exclusi\u00f3n social en Espa\u00f1a: factores, colectivos en riesgo y el papel de los bancos de alimentos\u00bb <\/a>. de A. Alfonso y S. Sastre (2017), c\u00e1tedra Banco de Alimentos de la UPM, para una visi\u00f3n de las diferentes acciones llevadas a cabo por las comunidades aut\u00f3nomas de Espa\u00f1a sobre este tema.\" data-placement=\"top\" data-html=\"true\" >condiciones de exclusi\u00f3n social<\/a> pueden venir provocadas por aspectos como motivos geogr\u00e1ficos, falta de relaciones sociales o familiares, cuestiones relacionadas con el nivel educativo, etc. Hay que apuntar que las personas que se podr\u00edan identificar con alguna de estas situaciones de riesgo pueden no tener conciencia de su situaci\u00f3n de exclusi\u00f3n, o no percibir la necesidad de sentirse excluidas (a pesar de que esto pueda significar una p\u00e9rdida en su calidad de vida), dado que el entorno de una persona determina sus referentes y, por tanto, sus expectativas.<\/p>\n<div class=\"featured featured-blue\"><p>A partir de lo que hemos expuesto hasta ahora podemos decir que un individuo se encuentra en una situaci\u00f3n de exclusi\u00f3n cuando, por varios motivos, tiene dificultades para disfrutar de determinados derechos que otros individuos de su entorno pueden disfrutar o que no se puede desarrollar en iguales condiciones que ellos y, como consecuencia, se ve privado de ejercer opciones consideradas muy importantes para su desarrollo humano.<\/p>\n<\/div>\n<p>De los elementos expuestos hasta ahora, nos centraremos en un aspecto clave en torno al cual articularemos el resto de los apartados: <strong>el acceso y la capacitaci\u00f3n de las personas en relaci\u00f3n con las TIC<\/strong>.<\/p>\n","protected":false},"excerpt":{"rendered":"<p>El concepto de exclusi\u00f3n social surge en el contexto de los debates en torno a los sectores m\u00e1s desfavorecidos de la sociedad; a pesar de que inicialmente asociado al concepto de pobreza, en los \u00faltimos a\u00f1os ha adquirido una concepci\u00f3n multidimensional y engloba muchos otros factores. En este sentido, el concepto de exclusi\u00f3n social puede [&hellip;]<\/p>\n","protected":false},"author":1,"featured_media":0,"parent":0,"menu_order":6,"comment_status":"closed","ping_status":"closed","template":"","meta":[],"_links":{"self":[{"href":"http:\/\/dinamitzacio-social-digital-test.recursos.uoc.edu\/conceptes-claus\/es\/wp-json\/wp\/v2\/pages\/186"}],"collection":[{"href":"http:\/\/dinamitzacio-social-digital-test.recursos.uoc.edu\/conceptes-claus\/es\/wp-json\/wp\/v2\/pages"}],"about":[{"href":"http:\/\/dinamitzacio-social-digital-test.recursos.uoc.edu\/conceptes-claus\/es\/wp-json\/wp\/v2\/types\/page"}],"author":[{"embeddable":true,"href":"http:\/\/dinamitzacio-social-digital-test.recursos.uoc.edu\/conceptes-claus\/es\/wp-json\/wp\/v2\/users\/1"}],"replies":[{"embeddable":true,"href":"http:\/\/dinamitzacio-social-digital-test.recursos.uoc.edu\/conceptes-claus\/es\/wp-json\/wp\/v2\/comments?post=186"}],"version-history":[{"count":4,"href":"http:\/\/dinamitzacio-social-digital-test.recursos.uoc.edu\/conceptes-claus\/es\/wp-json\/wp\/v2\/pages\/186\/revisions"}],"predecessor-version":[{"id":351,"href":"http:\/\/dinamitzacio-social-digital-test.recursos.uoc.edu\/conceptes-claus\/es\/wp-json\/wp\/v2\/pages\/186\/revisions\/351"}],"wp:attachment":[{"href":"http:\/\/dinamitzacio-social-digital-test.recursos.uoc.edu\/conceptes-claus\/es\/wp-json\/wp\/v2\/media?parent=186"}],"curies":[{"name":"wp","href":"https:\/\/api.w.org\/{rel}","templated":true}]}}