{"id":199,"date":"2018-12-21T14:17:56","date_gmt":"2018-12-21T12:17:56","guid":{"rendered":"http:\/\/dinamitzacio-social-digital-test.recursos.uoc.edu\/conceptes-claus\/?page_id=199"},"modified":"2018-12-21T14:25:49","modified_gmt":"2018-12-21T12:25:49","slug":"3-1-introduccion","status":"publish","type":"page","link":"http:\/\/dinamitzacio-social-digital-test.recursos.uoc.edu\/conceptes-claus\/es\/3-1-introduccion\/","title":{"rendered":"3.1. Introducci\u00f3n"},"content":{"rendered":"<blockquote><p>\u00abThe term \u2018digital skills\u2019 refers to a range of diferent abilities, many of which are not only \u2018skills\u2019 per se, but a combination of behaviours, expertise, know-how, work habits, character traits, dispositions and critical understandings.\u00bb<\/p>\n<p>UNESCO_ITU (2017, p\u00e1g. 9).<\/p><\/blockquote>\n<p>En los apartados anteriores, hemos asentado los conceptos b\u00e1sicos para entender c\u00f3mo funcionar en un entorno digitalizado y qu\u00e9 elementos pueden llevar a las personas a verse involucradas en alg\u00fan tipo de exclusi\u00f3n y, concretamente, en la exclusi\u00f3n digital. Ahora toca centrarnos en analizar en qu\u00e9 consiste exactamente la capacitaci\u00f3n digital y de qu\u00e9 manera podemos acercarnos a la misma.<\/p>\n<p>Antes de entrar a definir las competencias asociadas a esta capacitaci\u00f3n, y que trabajaremos en el apartado siguiente, queremos exponer brevemente distintas aproximaciones que nos pueden ayudar a reflexionar sobre la forma de abordar este asunto.<\/p>\n","protected":false},"excerpt":{"rendered":"<p>\u00abThe term \u2018digital skills\u2019 refers to a range of diferent abilities, many of which are not only \u2018skills\u2019 per se, but a combination of behaviours, expertise, know-how, work habits, character traits, dispositions and critical understandings.\u00bb UNESCO_ITU (2017, p\u00e1g. 9). En los apartados anteriores, hemos asentado los conceptos b\u00e1sicos para entender c\u00f3mo funcionar en un entorno [&hellip;]<\/p>\n","protected":false},"author":1,"featured_media":0,"parent":0,"menu_order":10,"comment_status":"closed","ping_status":"closed","template":"","meta":[],"_links":{"self":[{"href":"http:\/\/dinamitzacio-social-digital-test.recursos.uoc.edu\/conceptes-claus\/es\/wp-json\/wp\/v2\/pages\/199"}],"collection":[{"href":"http:\/\/dinamitzacio-social-digital-test.recursos.uoc.edu\/conceptes-claus\/es\/wp-json\/wp\/v2\/pages"}],"about":[{"href":"http:\/\/dinamitzacio-social-digital-test.recursos.uoc.edu\/conceptes-claus\/es\/wp-json\/wp\/v2\/types\/page"}],"author":[{"embeddable":true,"href":"http:\/\/dinamitzacio-social-digital-test.recursos.uoc.edu\/conceptes-claus\/es\/wp-json\/wp\/v2\/users\/1"}],"replies":[{"embeddable":true,"href":"http:\/\/dinamitzacio-social-digital-test.recursos.uoc.edu\/conceptes-claus\/es\/wp-json\/wp\/v2\/comments?post=199"}],"version-history":[{"count":1,"href":"http:\/\/dinamitzacio-social-digital-test.recursos.uoc.edu\/conceptes-claus\/es\/wp-json\/wp\/v2\/pages\/199\/revisions"}],"predecessor-version":[{"id":200,"href":"http:\/\/dinamitzacio-social-digital-test.recursos.uoc.edu\/conceptes-claus\/es\/wp-json\/wp\/v2\/pages\/199\/revisions\/200"}],"wp:attachment":[{"href":"http:\/\/dinamitzacio-social-digital-test.recursos.uoc.edu\/conceptes-claus\/es\/wp-json\/wp\/v2\/media?parent=199"}],"curies":[{"name":"wp","href":"https:\/\/api.w.org\/{rel}","templated":true}]}}