{"id":209,"date":"2018-12-21T14:41:40","date_gmt":"2018-12-21T12:41:40","guid":{"rendered":"http:\/\/dinamitzacio-social-digital-test.recursos.uoc.edu\/conceptes-claus\/?page_id=209"},"modified":"2018-12-21T14:41:40","modified_gmt":"2018-12-21T12:41:40","slug":"4-1-introduccion","status":"publish","type":"page","link":"http:\/\/dinamitzacio-social-digital-test.recursos.uoc.edu\/conceptes-claus\/es\/4-1-introduccion\/","title":{"rendered":"4.1. Introducci\u00f3n"},"content":{"rendered":"<p>Para referirse a las cuestiones relacionadas con la capacitaci\u00f3n de las personas en la sociedad de la informaci\u00f3n, nos podemos encontrar, en diferentes documentos y discursos, el uso de t\u00e9rminos sin\u00f3nimos o relacionados para referirse a conceptos similares o una misma idea: ayudar a las personas a emplear correctamente las herramientas tecnol\u00f3gicas y la informaci\u00f3n digital. As\u00ed pues, nos podemos encontrar expresiones como \u00abalfabetizaci\u00f3n digital\u00bb, \u00abcapacitaci\u00f3n digital\u00bb, \u00abhabilidades digitales\u00bb o \u00abcompetencia digital\u00bb para referirse a esta misma idea.<\/p>\n<div class=\"featured featured-blue\"><p>Entendemos por capacitaci\u00f3n el conjunto de acciones y actividades did\u00e1cticas orientadas a proporcionar y mejorar conocimientos, habilidades y actitudes de las personas en un \u00e1mbito determinado.<\/p>\n<\/div>\n","protected":false},"excerpt":{"rendered":"<p>Para referirse a las cuestiones relacionadas con la capacitaci\u00f3n de las personas en la sociedad de la informaci\u00f3n, nos podemos encontrar, en diferentes documentos y discursos, el uso de t\u00e9rminos sin\u00f3nimos o relacionados para referirse a conceptos similares o una misma idea: ayudar a las personas a emplear correctamente las herramientas tecnol\u00f3gicas y la informaci\u00f3n [&hellip;]<\/p>\n","protected":false},"author":1,"featured_media":0,"parent":0,"menu_order":13,"comment_status":"closed","ping_status":"closed","template":"","meta":[],"_links":{"self":[{"href":"http:\/\/dinamitzacio-social-digital-test.recursos.uoc.edu\/conceptes-claus\/es\/wp-json\/wp\/v2\/pages\/209"}],"collection":[{"href":"http:\/\/dinamitzacio-social-digital-test.recursos.uoc.edu\/conceptes-claus\/es\/wp-json\/wp\/v2\/pages"}],"about":[{"href":"http:\/\/dinamitzacio-social-digital-test.recursos.uoc.edu\/conceptes-claus\/es\/wp-json\/wp\/v2\/types\/page"}],"author":[{"embeddable":true,"href":"http:\/\/dinamitzacio-social-digital-test.recursos.uoc.edu\/conceptes-claus\/es\/wp-json\/wp\/v2\/users\/1"}],"replies":[{"embeddable":true,"href":"http:\/\/dinamitzacio-social-digital-test.recursos.uoc.edu\/conceptes-claus\/es\/wp-json\/wp\/v2\/comments?post=209"}],"version-history":[{"count":1,"href":"http:\/\/dinamitzacio-social-digital-test.recursos.uoc.edu\/conceptes-claus\/es\/wp-json\/wp\/v2\/pages\/209\/revisions"}],"predecessor-version":[{"id":210,"href":"http:\/\/dinamitzacio-social-digital-test.recursos.uoc.edu\/conceptes-claus\/es\/wp-json\/wp\/v2\/pages\/209\/revisions\/210"}],"wp:attachment":[{"href":"http:\/\/dinamitzacio-social-digital-test.recursos.uoc.edu\/conceptes-claus\/es\/wp-json\/wp\/v2\/media?parent=209"}],"curies":[{"name":"wp","href":"https:\/\/api.w.org\/{rel}","templated":true}]}}