{"id":211,"date":"2018-12-21T14:45:36","date_gmt":"2018-12-21T12:45:36","guid":{"rendered":"http:\/\/dinamitzacio-social-digital-test.recursos.uoc.edu\/conceptes-claus\/?page_id=211"},"modified":"2019-01-14T17:52:43","modified_gmt":"2019-01-14T15:52:43","slug":"4-2-la-alfabetizacion","status":"publish","type":"page","link":"http:\/\/dinamitzacio-social-digital-test.recursos.uoc.edu\/conceptes-claus\/es\/4-2-la-alfabetizacion\/","title":{"rendered":"4.2. La alfabetizaci\u00f3n"},"content":{"rendered":"<p>En la Declaraci\u00f3n Universal de los Derechos Humanos, se reconoce el derecho a la educaci\u00f3n b\u00e1sica y, dentro de esta educaci\u00f3n, la alfabetizaci\u00f3n constituye un elemento fundamental, hasta el punto de que la UNESCO declar\u00f3 el periodo 2003-2012 como la <strong>d\u00e9cada<\/strong> <strong>de la alfabetizaci\u00f3n<\/strong>, y la defini\u00f3 de la siguiente manera:<\/p>\n<blockquote><p>\u00ab Literacy is about more than reading and writing \u2013it is about how we communicate in society. It is about social practices and relationships, about knowledge, language and culture. Literacy \u2013the use of written communication\u2013 finds its place in our lives alongside other ways of communicating. Indeed, literacy itself takes many forms: on paper, on the computer screen, on TV, on posters and signs. Those who use literacy take it for granted, but those who cannot use it are excluded from much communication in today\u2019s world. Indeed, it is the excluded who can best appreciate the notion of \u2018literacy as freedom\u2019.\u00bb<\/p>\n<p><em>Education Today<\/em> (n\u00fam. 2, 2002).<\/p><\/blockquote>\n<p>De este modo, en su p\u00e1gina web sobre alfabetizaci\u00f3n pod\u00e9is leer:<\/p>\n<blockquote><p>\u00abM\u00e1s all\u00e1 de su concepto convencional como conjunto de competencias de lectura, escritura y c\u00e1lculo, la alfabetizaci\u00f3n se entiende hoy d\u00eda como un medio de identificaci\u00f3n, comprensi\u00f3n, interpretaci\u00f3n, creaci\u00f3n y comunicaci\u00f3n en un mundo cada vez m\u00e1s digitalizado, basado en textos, rico en informaci\u00f3n y en r\u00e1pida mutaci\u00f3n (2018).\u00bb<\/p>\n<p>UNESCO. <u><a href=\"https:\/\/es.unesco.org\/themes\/alfabetizacion\" target=\"_blank\" rel=\"noopener\">https:\/\/es.unesco.org\/themes\/alfabetizacion<\/a><\/u><\/p><\/blockquote>\n<p>El concepto de alfabetizaci\u00f3n ha adquirido muchas acepciones en los \u00faltimos a\u00f1os, y ha originado muchos textos que profundizan y que identifican diferentes tipos de alfabetizaciones:<\/p>\n<blockquote><p>\u00ab[&#8230;] los aspectos b\u00e1sicos de una educaci\u00f3n para comprender y mejorar el mundo: una educaci\u00f3n para la diversidad, para la tolerancia, para la paz, para la igualdad de oportunidades. La alfabetizaci\u00f3n m\u00faltiple, m\u00e1s all\u00e1 de su dimensi\u00f3n instrumental y b\u00e1sica, fundamentalmente ling\u00fc\u00edstica, comprende una dimensi\u00f3n emocional, una dimensi\u00f3n \u00e9tica o moral, una dimensi\u00f3n social. Solo as\u00ed la alfabetizaci\u00f3n puede contribuir al desarrollo integral de la persona en su entorno social.\u00bb<\/p>\n<p>Guti\u00e9rrez Mart\u00edn (2003). <em>Alfabetitzaci\u00f3n digital: algo m\u00e1s que ratones y teclas<\/em> (p\u00e1g. 36). Barcelona: Gedisa.<\/p><\/blockquote>\n<p>Si profundiz\u00e1ramos en los distintos tipos de alfabetizaciones, podr\u00edamos identificar muchas, desde la alfabetizaci\u00f3n en medios, que pretende desarrollar una capacidad cr\u00edtica en relaci\u00f3n con los medios de comunicaci\u00f3n de masas, hasta la alfabetizaci\u00f3n inform\u00e1tica, entendida como la capacidad para saber utilizar los ordenadores personales.<\/p>\n<p>Profundizar en este tema exceder\u00eda el objetivo de esta asignatura. Lo que nos interesa es reflexionar sobre la necesidad de adaptar el concepto de alfabetizaci\u00f3n b\u00e1sica a la realidad de la sociedad de la informaci\u00f3n y en relaci\u00f3n con la brecha digital y, por lo tanto, con la introducci\u00f3n de las TIC. Es decir, lo que Guti\u00e9rrez Mart\u00edn denomina la necesidad de \u00abrealfabetizar a los alfabetizados\u00bb. Nos quedar\u00edamos, pues, en el pelda\u00f1o de la llamada <strong>alfabetizaci\u00f3n funcional<\/strong>.<\/p>\n<div class=\"featured featured-blue\"><p>Se considera que una persona est\u00e1 alfabetizada funcionalmente cuando es capaz de leer, escribir y hacer operaciones matem\u00e1ticas b\u00e1sicas en las situaciones de su vida cotidiana.<\/p>\n<\/div>\n<p>Veamos qu\u00e9 otras dimensiones puede adquirir este concepto.<\/p>\n<p>Seg\u00fan la UNESCO, una persona est\u00e1 alfabetizada funcionalmente:<\/p>\n<blockquote><p>\u00ab[\u2026] cuando en su vida cotidiana puede leer y escribir, comprender una oraci\u00f3n sencilla&#8230; La alfabetizaci\u00f3n funcional se refiere a aquellas personas que pueden hacer todas las actividades necesarias para el funcionamiento eficaz de su grupo y comunidad y que, adem\u00e1s, les permite utilizar la lectura, la escritura y el c\u00e1lculo para su desarrollo y para el de su comunidad.\u00bb<\/p>\n<p>UNESCO (1986)<\/p><\/blockquote>\n<p>La introducci\u00f3n de las TIC en todas las esferas de la vida cotidiana ha provocado una reflexi\u00f3n sobre el concepto de alfabetizaci\u00f3n funcional.<\/p>\n<p>Hoy d\u00eda, en nuestro entorno m\u00e1s inmediato, en cualquier programa de educaci\u00f3n primaria ense\u00f1ar a utilizar el ordenador constituye uno de los n\u00facleos de conocimiento b\u00e1sicos como la lectura, el aprendizaje de una lengua extranjera o el conocimiento de las matem\u00e1ticas.<\/p>\n<p>Para concluir este apartado, presentaremos esquem\u00e1ticamente los conceptos clave de la definici\u00f3n de alfabetizaci\u00f3n de la UNESCO, de la definici\u00f3n de exclusi\u00f3n y de la definici\u00f3n de las TIC:<\/p>\n<ul>\n<li>Conceptos clave de la definici\u00f3n de alfabetizaci\u00f3n de la UNESCO:\n<ul>\n<li>La capacidad de comunicarse.<\/li>\n<li>La capacidad de leer y escribir.<\/li>\n<li>El desarrollo personal necesario para hacer actividades cotidianas.<\/li>\n<\/ul>\n<\/li>\n<li>Conceptos clave de la definici\u00f3n de exclusi\u00f3n:\n<ul>\n<li>No poder desarrollarse con normalidad en la sociedad donde se vive.<\/li>\n<li>No poder ejercer opciones consideradas de gran importancia para el propio desarrollo.<\/li>\n<\/ul>\n<\/li>\n<li>Conceptos clave de la definici\u00f3n de las TIC:\n<ul>\n<li>Herramientas y canales de comunicaci\u00f3n.<\/li>\n<li>Procesamiento de informaci\u00f3n.<\/li>\n<\/ul>\n<\/li>\n<\/ul>\n<p>De manera impl\u00edcita, el concepto de alfabetizaci\u00f3n digital incluye la potenciaci\u00f3n de la autonom\u00eda de las personas (en ingl\u00e9s se conoce como <em>empowerment<\/em>). Es decir, hay que ir m\u00e1s all\u00e1 del hecho de ense\u00f1ar a utilizar la tecnolog\u00eda y localizar informaci\u00f3n. La <strong>alfabetizaci\u00f3n digital <\/strong>ha de tener como objetivo que las personas tengan suficiente autonom\u00eda para desarrollarse en cualquier situaci\u00f3n en el contexto de la sociedad de la informaci\u00f3n.<\/p>\n<p>Emplearemos, pues, el concepto de <strong>capacitaci\u00f3n digital<\/strong> para referirnos al conjunto de acciones formativas que llevaremos a cabo para conseguir esta <strong>alfabetizaci\u00f3n<\/strong><em>. <\/em>Para definir correctamente en qu\u00e9 tienen que consistir las acciones formativas, emplearemos el concepto de competencias y veremos qu\u00e9 tipo de competencias hay que favorecer para capacitar a una persona \u00abdigitalmente\u00bb y llegar a ser <strong>competente digital<\/strong>.<\/p>\n<p>&nbsp;<\/p>\n","protected":false},"excerpt":{"rendered":"<p>En la Declaraci\u00f3n Universal de los Derechos Humanos, se reconoce el derecho a la educaci\u00f3n b\u00e1sica y, dentro de esta educaci\u00f3n, la alfabetizaci\u00f3n constituye un elemento fundamental, hasta el punto de que la UNESCO declar\u00f3 el periodo 2003-2012 como la d\u00e9cada de la alfabetizaci\u00f3n, y la defini\u00f3 de la siguiente manera: \u00ab Literacy is about [&hellip;]<\/p>\n","protected":false},"author":1,"featured_media":0,"parent":0,"menu_order":14,"comment_status":"closed","ping_status":"closed","template":"","meta":[],"_links":{"self":[{"href":"http:\/\/dinamitzacio-social-digital-test.recursos.uoc.edu\/conceptes-claus\/es\/wp-json\/wp\/v2\/pages\/211"}],"collection":[{"href":"http:\/\/dinamitzacio-social-digital-test.recursos.uoc.edu\/conceptes-claus\/es\/wp-json\/wp\/v2\/pages"}],"about":[{"href":"http:\/\/dinamitzacio-social-digital-test.recursos.uoc.edu\/conceptes-claus\/es\/wp-json\/wp\/v2\/types\/page"}],"author":[{"embeddable":true,"href":"http:\/\/dinamitzacio-social-digital-test.recursos.uoc.edu\/conceptes-claus\/es\/wp-json\/wp\/v2\/users\/1"}],"replies":[{"embeddable":true,"href":"http:\/\/dinamitzacio-social-digital-test.recursos.uoc.edu\/conceptes-claus\/es\/wp-json\/wp\/v2\/comments?post=211"}],"version-history":[{"count":2,"href":"http:\/\/dinamitzacio-social-digital-test.recursos.uoc.edu\/conceptes-claus\/es\/wp-json\/wp\/v2\/pages\/211\/revisions"}],"predecessor-version":[{"id":267,"href":"http:\/\/dinamitzacio-social-digital-test.recursos.uoc.edu\/conceptes-claus\/es\/wp-json\/wp\/v2\/pages\/211\/revisions\/267"}],"wp:attachment":[{"href":"http:\/\/dinamitzacio-social-digital-test.recursos.uoc.edu\/conceptes-claus\/es\/wp-json\/wp\/v2\/media?parent=211"}],"curies":[{"name":"wp","href":"https:\/\/api.w.org\/{rel}","templated":true}]}}