{"id":38,"date":"2018-12-02T12:20:43","date_gmt":"2018-12-02T10:20:43","guid":{"rendered":"http:\/\/dinamitzacio-social-digital-test.recursos.uoc.edu\/conceptes-claus-en-inclusio-exclusio-i-capacitacio-digital\/?page_id=38"},"modified":"2022-01-10T13:17:52","modified_gmt":"2022-01-10T11:17:52","slug":"1-5-la-societat-digital-a-europa-i-espanya","status":"publish","type":"page","link":"http:\/\/dinamitzacio-social-digital-test.recursos.uoc.edu\/conceptes-claus\/1-5-la-societat-digital-a-europa-i-espanya\/","title":{"rendered":"1.5. La societat digital a Europa i Espanya"},"content":{"rendered":"<p>La Uni\u00f3 Europea elabora l\u2019\u00edndex anomenat<em> The Digital Economy and Society Index<\/em> (DESI), que analitza els indicadors europeus de rendiment digital i l\u2019evoluci\u00f3 dels estats membres de la Uni\u00f3 Europea pel que fa a la competitivitat digital. L\u2019\u00edndex inclou cinc dimensions per a avaluar aquest \u00edndex: connectivitat, capital hum\u00e0, \u00fas d\u2019internet, integraci\u00f3 de les tecnologies digitals i serveis digitals p\u00fablics (govern digital). Com heu vist al comen\u00e7ament d\u2019aquest m\u00f2dul, algunes dades que es desprenen en la darrera edici\u00f3 de l\u2019informe DESI (2021) s\u00f3n que un 84 % de la poblaci\u00f3 europea empra internet cada dia, per\u00f2 nom\u00e9s un 56 % disposa de les compet\u00e8ncies digitals b\u00e0siques, un nombre que, malgrat tot, ha anat creixent lentament des del 2015. Tot i que s\u2019observa que bona part de la poblaci\u00f3 europea utilitza internet amb regularitat, s\u2019observa que encara persisteixen algunes barreres. Per exemple, una de les principals raons per les quals no es disposa d\u2019internet a casa \u00e9s la manca de necessitat o d\u2019inter\u00e8s (45 % de les llars sense acc\u00e9s a internet el 2019), juntament amb altres factors com les habilitats insuficients (45 %), els costos de l&#8217;equipament (25 %) i les barreres de costos de connexi\u00f3 elevats (23 %). L&#8217;efecte dissuasiu de cadascun d&#8217;aquests factors varia significativament entre els estats membres. En aquest sentit, per exemple, nom\u00e9s el 5 % de les llars estonianes sense acc\u00e9s a internet van mencionar els costos com a barrera, per\u00f2, en canvi, a Portugal ho van mencionar fins a un 53 %. Tanmateix, la manca d&#8217;habilitats rellevants \u00e9s un factor important en aquest sentit. At\u00e8s que aquest limita la consci\u00e8ncia dels beneficis potencials de la digitalitzaci\u00f3, tamb\u00e9 pot ser un dels motius del gran nombre de llars de la UE que encara afirmen no tenir acc\u00e9s a internet a casa perqu\u00e8 no en necessiten.<\/p>\n<p>De la mateixa manera, aquests indicadors tamb\u00e9 estan fortament influenciats per diversos aspectes sociodemogr\u00e0fics, com el nivell d\u2019estudis, els ingressos econ\u00f2mics, l\u2019edat o el fet de viure en \u00e0rees rurals o urbanes. Podeu ampliar tota aquesta informaci\u00f3 accedint al darrer informe DESI des d\u2019<a href=\"https:\/\/digital-strategy.ec.europa.eu\/en\/policies\/desi-human-capital\" target=\"_blank\" rel=\"noopener\">aquest enlla\u00e7<\/a><u>.<\/u><\/p>\n<p>Pel que fa a Espanya, i per a disposar d\u2019una visi\u00f3 exhaustiva dels canvis socials, laborals i personals de la introducci\u00f3 de les TIC, podeu consultar els informes anuals sobre la situaci\u00f3 digital a Espanya elaborats per Telef\u00f3nica. Aquest informe, a m\u00e9s, inclou tot un seguit d\u2019indicadors i una comparativa per comunitats aut\u00f2nomes. Podeu consultar el darrer informe des d&#8217;<a href=\"https:\/\/www.fundaciontelefonica.com\/cultura-digital\/publicaciones\/sociedad-digital-en-espana-2020-2021\/730\/.\" target=\"_blank\" rel=\"noopener\">aquest enlla\u00e7.<\/a><\/p>\n<p>Per la seva banda, <em>Plan<\/em> <em>Espa\u00f1a Digital 2025 <\/em> del govern espanyol recull \u00abun conjunto de medidas, reformas e inversiones, articuladas en diez ejes estrat\u00e9gicos, alineados a las pol\u00edticas digitales marcadas por la Comisi\u00f3n Europea para el nuevo periodo. Las acciones de la Agenda est\u00e1n orientadas a impulsar un crecimiento m\u00e1s sostenible e inclusivo, impulsado por las sinergias de las transiciones digital y ecol\u00f3gica, que llegue al conjunto de la sociedad y concilie las nuevas oportunidades que ofrece el mundo digital con el respeto de los valores constitucionales y la protecci\u00f3n de los derechos individuales y colectivos\u00bb. En aquest context es poden consultar els diferents plans d\u2019acci\u00f3 que van des de la digitalitzaci\u00f3 de les empreses als aspectes de capacitaci\u00f3 digital de la poblaci\u00f3. Podeu accedir-hi des d&#8217;<a href=\"https:\/\/www.lamoncloa.gob.es\/presidente\/actividades\/Documents\/2020\/230720-Espa%C3%B1aDigital_2025.pdf\" target=\"_blank\" rel=\"noopener\">aquest enlla\u00e7<\/a>.<\/p>\n","protected":false},"excerpt":{"rendered":"<p>La Uni\u00f3 Europea elabora l\u2019\u00edndex anomenat The Digital Economy and Society Index (DESI), que analitza els indicadors europeus de rendiment digital i l\u2019evoluci\u00f3 dels estats membres de la Uni\u00f3 Europea pel que fa a la competitivitat digital. L\u2019\u00edndex inclou cinc dimensions per a avaluar aquest \u00edndex: connectivitat, capital hum\u00e0, \u00fas d\u2019internet, integraci\u00f3 de les tecnologies [&hellip;]<\/p>\n","protected":false},"author":1,"featured_media":0,"parent":0,"menu_order":5,"comment_status":"closed","ping_status":"closed","template":"","meta":[],"_links":{"self":[{"href":"http:\/\/dinamitzacio-social-digital-test.recursos.uoc.edu\/conceptes-claus\/wp-json\/wp\/v2\/pages\/38"}],"collection":[{"href":"http:\/\/dinamitzacio-social-digital-test.recursos.uoc.edu\/conceptes-claus\/wp-json\/wp\/v2\/pages"}],"about":[{"href":"http:\/\/dinamitzacio-social-digital-test.recursos.uoc.edu\/conceptes-claus\/wp-json\/wp\/v2\/types\/page"}],"author":[{"embeddable":true,"href":"http:\/\/dinamitzacio-social-digital-test.recursos.uoc.edu\/conceptes-claus\/wp-json\/wp\/v2\/users\/1"}],"replies":[{"embeddable":true,"href":"http:\/\/dinamitzacio-social-digital-test.recursos.uoc.edu\/conceptes-claus\/wp-json\/wp\/v2\/comments?post=38"}],"version-history":[{"count":11,"href":"http:\/\/dinamitzacio-social-digital-test.recursos.uoc.edu\/conceptes-claus\/wp-json\/wp\/v2\/pages\/38\/revisions"}],"predecessor-version":[{"id":353,"href":"http:\/\/dinamitzacio-social-digital-test.recursos.uoc.edu\/conceptes-claus\/wp-json\/wp\/v2\/pages\/38\/revisions\/353"}],"wp:attachment":[{"href":"http:\/\/dinamitzacio-social-digital-test.recursos.uoc.edu\/conceptes-claus\/wp-json\/wp\/v2\/media?parent=38"}],"curies":[{"name":"wp","href":"https:\/\/api.w.org\/{rel}","templated":true}]}}