{"id":66,"date":"2018-12-03T01:31:15","date_gmt":"2018-12-02T23:31:15","guid":{"rendered":"http:\/\/dinamitzacio-social-digital-test.recursos.uoc.edu\/conceptes-claus-en-inclusio-exclusio-i-capacitacio-digital\/?page_id=66"},"modified":"2018-12-03T02:16:43","modified_gmt":"2018-12-03T00:16:43","slug":"4-1-introduccio","status":"publish","type":"page","link":"http:\/\/dinamitzacio-social-digital-test.recursos.uoc.edu\/conceptes-claus\/4-1-introduccio\/","title":{"rendered":"4.1. Introducci\u00f3"},"content":{"rendered":"<p>Per a referir-se a les q\u00fcestions relacionades amb la capacitaci\u00f3 de les persones en la societat de la informaci\u00f3 podem trobar, en diferents documents i discursos, l\u2019\u00fas de termes sin\u00f2nims o relacionats per a referir-se a conceptes similars o una mateixa idea: ajudar les persones a emprar correctament les eines tecnol\u00f2giques i la informaci\u00f3 digital. Aix\u00ed, doncs, podem trobar expressions com \u00abalfabetitzaci\u00f3 digital\u00bb, \u00abcapacitaci\u00f3 digital\u00bb, \u00abhabilitats digitals\u00bb o \u00abcompet\u00e8ncia digital\u00bb per a referir-se a aquesta mateixa idea.<\/p>\n<div class=\"featured featured-blue\"><p>Entenem per capacitaci\u00f3 el conjunt d\u2019accions i activitats did\u00e0ctiques orientades a proporcionar i millorar coneixements, habilitats i actituds de les persones en un \u00e0mbit determinat.<\/p>\n<\/div>\n","protected":false},"excerpt":{"rendered":"<p>Per a referir-se a les q\u00fcestions relacionades amb la capacitaci\u00f3 de les persones en la societat de la informaci\u00f3 podem trobar, en diferents documents i discursos, l\u2019\u00fas de termes sin\u00f2nims o relacionats per a referir-se a conceptes similars o una mateixa idea: ajudar les persones a emprar correctament les eines tecnol\u00f2giques i la informaci\u00f3 digital. [&hellip;]<\/p>\n","protected":false},"author":1,"featured_media":0,"parent":0,"menu_order":13,"comment_status":"closed","ping_status":"closed","template":"","meta":[],"_links":{"self":[{"href":"http:\/\/dinamitzacio-social-digital-test.recursos.uoc.edu\/conceptes-claus\/wp-json\/wp\/v2\/pages\/66"}],"collection":[{"href":"http:\/\/dinamitzacio-social-digital-test.recursos.uoc.edu\/conceptes-claus\/wp-json\/wp\/v2\/pages"}],"about":[{"href":"http:\/\/dinamitzacio-social-digital-test.recursos.uoc.edu\/conceptes-claus\/wp-json\/wp\/v2\/types\/page"}],"author":[{"embeddable":true,"href":"http:\/\/dinamitzacio-social-digital-test.recursos.uoc.edu\/conceptes-claus\/wp-json\/wp\/v2\/users\/1"}],"replies":[{"embeddable":true,"href":"http:\/\/dinamitzacio-social-digital-test.recursos.uoc.edu\/conceptes-claus\/wp-json\/wp\/v2\/comments?post=66"}],"version-history":[{"count":1,"href":"http:\/\/dinamitzacio-social-digital-test.recursos.uoc.edu\/conceptes-claus\/wp-json\/wp\/v2\/pages\/66\/revisions"}],"predecessor-version":[{"id":67,"href":"http:\/\/dinamitzacio-social-digital-test.recursos.uoc.edu\/conceptes-claus\/wp-json\/wp\/v2\/pages\/66\/revisions\/67"}],"wp:attachment":[{"href":"http:\/\/dinamitzacio-social-digital-test.recursos.uoc.edu\/conceptes-claus\/wp-json\/wp\/v2\/media?parent=66"}],"curies":[{"name":"wp","href":"https:\/\/api.w.org\/{rel}","templated":true}]}}