{"id":70,"date":"2018-12-03T01:38:43","date_gmt":"2018-12-02T23:38:43","guid":{"rendered":"http:\/\/dinamitzacio-social-digital-test.recursos.uoc.edu\/conceptes-claus-en-inclusio-exclusio-i-capacitacio-digital\/?page_id=70"},"modified":"2018-12-09T19:24:17","modified_gmt":"2018-12-09T17:24:17","slug":"4-3-el-desenvolupament-de-competencies","status":"publish","type":"page","link":"http:\/\/dinamitzacio-social-digital-test.recursos.uoc.edu\/conceptes-claus\/4-3-el-desenvolupament-de-competencies\/","title":{"rendered":"4.3. El desenvolupament de compet\u00e8ncies"},"content":{"rendered":"<p>Que una persona estigui alfabetitzada, en la seva concepci\u00f3 m\u00e9s tradicional (saber llegir i escriure), no significa que ser\u00e0 capa\u00e7 d\u2019elaborar textos d\u2019una certa complexitat, que demanen un coneixement profund de determinades t\u00e8cniques de redacci\u00f3 o sobre una mat\u00e8ria concreta. Per aix\u00f2, en un estadi inicial, direm que una persona est\u00e0 alfabetitzada quan \u00e9s capa\u00e7 de demostrar que sap fer determinades coses d\u2019una manera absoluta: sap llegir o no en sap.<\/p>\n<div class=\"featured featured-grey\"><p>Imagineu que aneu de vacances a un pa\u00eds de parla anglesa i nom\u00e9s una persona del grup parla angl\u00e8s. \u00d2bviament, aquesta persona \u00abfuncionar\u00e0\u00bb amb tota normalitat en el nou entorn, perqu\u00e8 \u00e9s perfectament capa\u00e7 de comunicar-se en angl\u00e8s. Per a assolir aquesta capacitat per a desenvolupar-se amb normalitat en una llengua que no \u00e9s la seva ha experimentat un proc\u00e9s de formaci\u00f3.<\/p>\n<\/div>\n<p>En el proc\u00e9s de capacitaci\u00f3 de les persones hi pot haver diferents estadis de complexitat i anar augmentant el nivell d\u2019expertesa a l\u2019hora de demostrar aquesta capacitaci\u00f3. L\u2019enfocament de les accions de capacitaci\u00f3 a partir de compet\u00e8ncies \u00e9s molt \u00fatil per a determinar diferents nivells de coneixements i habilitats que determinaran l\u2019articulaci\u00f3 de les propostes de formaci\u00f3.<\/p>\n<p>Quan parlem de compet\u00e8ncia ens referim a la capacitat per a fer les coses correctament. El DRAE defineix el terme compet\u00e8ncia com a \u00abincumbencia\/pericia, aptitud, idoneidad para hacer algo o intervenir en un asunto determinado\u00bb.<\/p>\n<p>M\u00e9s \u00e0mpliament, el concepte de <a class=\"tooltip\"  href=\"javascript:void(0);\" data-toggle=\"popover\" data-placement=\"bottom\" data-content=\"Sovint es parla d\u2019habilitats digitals en els documents de refer\u00e8ncia sobre aquests tipus de compet\u00e8ncies i s\u2019engloba, en la seva descripci\u00f3, el conjunt de coneixement i actituds que hi estan implicades.\">compet\u00e8ncia<\/a> ha estat definit de la manera seg\u00fcent:<\/p>\n<blockquote><p>\u00abLas competencias son descripciones generales de las habilidades que una persona necesita para desarrollar con \u00e9xito una tarea espec\u00edfica. Los perfiles de competencia especifican los conocimientos, habilidades y actitudes, y expresan los requerimientos de ejecuci\u00f3n en t\u00e9rminos de comportamiento.\u00bb<\/p>\n<p>Public Service Comission of Canada (1998)<\/p><\/blockquote>\n<p>Analitzem detingudament aquesta definici\u00f3:<\/p>\n<ul>\n<li>Per a desenvolupar la compet\u00e8ncia una persona ha d\u2019haver adquirit determinats <strong>coneixements<\/strong> <strong>(saber)<\/strong> sobre alguna cosa.<\/li>\n<li>A m\u00e9s de tenir aquests coneixements, ha de demostrar que els sap aplicar i, per tant, cal que demostri certes <strong>habilitats (saber fer)<\/strong>.<\/li>\n<li>A banda de demostrar que sap aplicar determinats coneixements, ho ha de fer amb una predisposici\u00f3 determinada, amb una <strong>actitud <\/strong>determinada <strong>(voler fer)<\/strong>.<\/li>\n<li>Veiem, a m\u00e9s, que aquests comportaments s\u00f3n observables, \u00e9s a dir, que d\u2019alguna manera els podem mesurar.<\/li>\n<li>El perfil de compet\u00e8ncia permet definir, en una situaci\u00f3 determinada i per a un p\u00fablic espec\u00edfic, quin nivell de coneixements i habilitats cal demostrar.<\/li>\n<\/ul>\n<p>En general s\u2019acostumen a identificar diferents graus d\u2019execuci\u00f3 de la compet\u00e8ncia des d\u2019un nivell b\u00e0sic o essencial a un nivell expert. El tipus de gradacions que s\u2019apliquen pot variar. Sigui com sigui, el que importa \u00e9s definir la manera com una persona amb un tipus concret de capacitaci\u00f3 pot incrementar el grau d\u2019expertesa.<\/p>\n<div class=\"featured featured-grey\"><p><strong>Reflexi\u00f3<em>: <\/em>El cas d\u2019en Pere<\/strong><\/p>\n<p>En Pere \u00e9s un jubilat que viu sol amb una pensi\u00f3 que li permet viure b\u00e9, per\u00f2 t\u00e9 problemes de mobilitat.<\/p>\n<p>L\u2019ajuntament de la seva localitat ha tingut la iniciativa de facilitar la infraestructura necess\u00e0ria per a proporcionar acc\u00e9s a la xarxa des dels domicilis de les persones que ho necessitin i, a m\u00e9s, ofereix un curs b\u00e0sic d\u2019ofim\u00e0tica i acc\u00e9s a internet. Aix\u00f2 ha afavorit molt en Pere, que a partir d\u2019ara es podr\u00e0 posar en contacte per correu electr\u00f2nic amb el seu assistent social, fer la compra per internet o accedir a un munt d\u2019informaci\u00f3.<\/p>\n<p>Al cap d\u2019unes quantes setmanes de tenir internet a casa, necessita comprar menjar per\u00f2 aquella setmana l\u2019assistent est\u00e0 de vacances i, com que no l\u2019han substitu\u00eft, en Pere no podr\u00e0 rebre ajut per a fer-ho. Decideix fer la compra per internet.<\/p>\n<p>Engega l\u2019ordinador i, recordant el que li van ensenyar, accedeix a un cercador per a mirar de trobar el supermercat del barri que li han dit que porta la compra a domicili i on es poden fer les comandes per internet.<\/p>\n<p>El cercador li torna un munt de refer\u00e8ncies, per\u00f2 cap no es correspon amb el supermercat del barri. En Pere es desanima! Ha fet tot el que li havien ensenyat i no ha estat capa\u00e7 de resoldre el seu problema: el curs al qual va assistir no va arribar a detalls tan concrets com aquest. En Pere no sap que un cop a la p\u00e0gina web del supermercat ha d\u2019identificar-se i posar el codi postal.<\/p>\n<p>Per qu\u00e8 creieu que en Pere no troba l\u2019adre\u00e7a web del supermercat? Li serveix d\u2019alguna cosa tenir internet en aquesta situaci\u00f3? Quin tipus de formaci\u00f3 creieu que no li van donar al curset de l\u2019ajuntament? Qu\u00e8 creieu que necessitaria per a poder trobar amb facilitat la informaci\u00f3 que cercava i poder-se beneficiar de l\u2019acc\u00e9s a la xarxa? Quin nivell de compet\u00e8ncia digital creieu que t\u00e9 en Pere? Es pot considerar analfabet digital?<\/p>\n<\/div>\n<p>En definir les compet\u00e8ncies que cal que una persona assoleixi despr\u00e9s d\u2019una acci\u00f3 formativa, s\u2019ha de pensar en quina mena de coneixements de refer\u00e8ncia caldr\u00e0 tenir en compte, com s\u2019aplicaran aquests coneixements, i si cal inculcar l\u2019adopci\u00f3 d\u2019unes actituds i uns valors determinats en el seu desenvolupament.<\/p>\n<div class=\"featured featured-grey\"><p><strong>Exemple<\/strong><\/p>\n<p>En ensenyar una persona a utilitzar el correu electr\u00f2nic caldr\u00e0 transmetre-li una s\u00e8rie de coneixements sobre les caracter\u00edstiques dels gestors de correu (concepte de b\u00fastia i les seves classes, concepte de fitxer adjunt, concepte de llista de distribuci\u00f3, etc.), i haur\u00e0 de demostrar que t\u00e9 un seguit d\u2019habilitats (ser capa\u00e7 d\u2019enviar un missatge amb un fitxer adjunt, per exemple) i d\u2019actituds (tenir cura de comprovar que els fitxers que envia no tenen virus, per exemple).<\/p>\n<\/div>\n<p>Podem acabar apuntant que l\u2019enfocament per compet\u00e8ncies permet:<\/p>\n<ul>\n<li>Identificar els coneixements i les habilitats que cal transmetre en una situaci\u00f3 determinada i, per tant, definir el grau d\u2019aprofundiment amb qu\u00e8 es tractaran.<\/li>\n<li>Promoure determinades actituds referents a la compet\u00e8ncia concreta que es treballa.<\/li>\n<li>Descriure indicadors de rendiment que han de permetre avaluar el nivell d\u2019adquisici\u00f3 de la compet\u00e8ncia.<\/li>\n<\/ul>\n","protected":false},"excerpt":{"rendered":"<p>Que una persona estigui alfabetitzada, en la seva concepci\u00f3 m\u00e9s tradicional (saber llegir i escriure), no significa que ser\u00e0 capa\u00e7 d\u2019elaborar textos d\u2019una certa complexitat, que demanen un coneixement profund de determinades t\u00e8cniques de redacci\u00f3 o sobre una mat\u00e8ria concreta. Per aix\u00f2, en un estadi inicial, direm que una persona est\u00e0 alfabetitzada quan \u00e9s capa\u00e7 [&hellip;]<\/p>\n","protected":false},"author":1,"featured_media":0,"parent":0,"menu_order":15,"comment_status":"closed","ping_status":"closed","template":"","meta":[],"_links":{"self":[{"href":"http:\/\/dinamitzacio-social-digital-test.recursos.uoc.edu\/conceptes-claus\/wp-json\/wp\/v2\/pages\/70"}],"collection":[{"href":"http:\/\/dinamitzacio-social-digital-test.recursos.uoc.edu\/conceptes-claus\/wp-json\/wp\/v2\/pages"}],"about":[{"href":"http:\/\/dinamitzacio-social-digital-test.recursos.uoc.edu\/conceptes-claus\/wp-json\/wp\/v2\/types\/page"}],"author":[{"embeddable":true,"href":"http:\/\/dinamitzacio-social-digital-test.recursos.uoc.edu\/conceptes-claus\/wp-json\/wp\/v2\/users\/1"}],"replies":[{"embeddable":true,"href":"http:\/\/dinamitzacio-social-digital-test.recursos.uoc.edu\/conceptes-claus\/wp-json\/wp\/v2\/comments?post=70"}],"version-history":[{"count":2,"href":"http:\/\/dinamitzacio-social-digital-test.recursos.uoc.edu\/conceptes-claus\/wp-json\/wp\/v2\/pages\/70\/revisions"}],"predecessor-version":[{"id":143,"href":"http:\/\/dinamitzacio-social-digital-test.recursos.uoc.edu\/conceptes-claus\/wp-json\/wp\/v2\/pages\/70\/revisions\/143"}],"wp:attachment":[{"href":"http:\/\/dinamitzacio-social-digital-test.recursos.uoc.edu\/conceptes-claus\/wp-json\/wp\/v2\/media?parent=70"}],"curies":[{"name":"wp","href":"https:\/\/api.w.org\/{rel}","templated":true}]}}