{"id":256,"date":"2018-12-21T15:44:04","date_gmt":"2018-12-21T13:44:04","guid":{"rendered":"http:\/\/dinamitzacio-social-digital-test.recursos.uoc.edu\/contextos-exclusio\/?page_id=256"},"modified":"2021-01-21T10:34:33","modified_gmt":"2021-01-21T08:34:33","slug":"1-2-1-introduccion","status":"publish","type":"page","link":"http:\/\/dinamitzacio-social-digital-test.recursos.uoc.edu\/contextos-exclusio\/es\/1-2-1-introduccion\/","title":{"rendered":"1.2.1. Introducci\u00f3n"},"content":{"rendered":"<div class=\"featured featured-blue\"><p>Las <strong>barreras t\u00e9cnicas y comerciales<\/strong> constituyen el primer nivel de la cuesti\u00f3n, son una dificultad previa que hay que eliminar para poder trabajar en capacitaci\u00f3n digital. Hacen referencia a las dificultades relacionadas con la propia naturaleza f\u00edsica de internet: hardware, software, acceso, etc.<\/p>\n<\/div>\n<p>El hardware, el software, las conexiones y los precios. La popularizaci\u00f3n de los tel\u00e9fonos inteligentes (Blackberrys y Iphones primero, y todo el universo de tel\u00e9fonos inteligentes Android despu\u00e9s) ha supuesto un enorme salto en la extensi\u00f3n de las nuevas tecnolog\u00edas a pr\u00e1cticamente toda la poblaci\u00f3n. Hemos pasado en pocos a\u00f1os de hacer inform\u00e1tica sobre todo con ordenadores (caros y no al alcance de toda la poblaci\u00f3n) a hacerlo b\u00e1sicamente con tel\u00e9fonos inteligentes. Y un tel\u00e9fono inteligente no deja de ser un ordenador en peque\u00f1o. Mucha gente entra ya en este mundo directamente a trav\u00e9s de los primeros, sin pasar por los ordenadores, o gran parte hace sus actividades TIC desde el mismo (como los j\u00f3venes). Hoy d\u00eda, por lo tanto, de una manera un poco m\u00e1s asequible, cualquier persona puede tener acceso a gran parte de las herramientas digitales cuyo aprendizaje se considera b\u00e1sico. En este sentido, el hardware ha dejado de ser una barrera de primer nivel, como hace unos a\u00f1os, como se muestra en los <a href=\"https:\/\/ec.europa.eu\/digital-single-market\/en\/human-capital-and-digital-skills\" target=\"_blank\" rel=\"noopener\">\u00faltimos informes DESI<\/a>.<\/p>\n<p>Es m\u00e1s que posible, sin embargo, que en un futuro no muy lejano aparezcan nuevos dispositivos vinculados al <a href=\"javascript:void(0);\" class=\"tooltip\" data-toggle=\"popover\" data-placement=\"bottom\" data-content=\"<b>Reflexi\u00f3n<\/b>:\u00a0Pensad qu\u00e9 dispositivos IoT utiliz\u00e1is en vuestras vidas.\" data-placement=\"top\" data-html=\"true\" >internet de las cosas (IoT)<\/a> que puedan propiciar nuevas brechas digitales.<\/p>\n<p>En cuanto al software, es cierto que las licencias de algunos de los principales programas comerciales de ordenador son caras, pero a menudo vienen instaladas al comprar uno. Es cierto que muchas veces son versiones de prueba que, una vez acabado el tiempo de testeo, hay que pagar si queremos seguir disfrut\u00e1ndolas. En todo caso, para los principales usos hay aplicaciones de <a href=\"https:\/\/ca.wikipedia.org\/wiki\/programari_lliure\" target=\"_blank\" rel=\"noopener\">software libre<\/a>. Y adem\u00e1s, debemos tener en cuenta que gran parte de los usuarios utilizan las TIC desde el m\u00f3vil, donde hay que decir que la mayor\u00eda de las aplicaciones son gratuitas o a muy bajo precio.<\/p>\n<p>Tambi\u00e9n ha habido un importante abaratamiento del precio de las conexiones y una mejora en la velocidad y calidad. Esto ha permitido un salto cuantitativo en cuanto a las personas conectadas. De la conexi\u00f3n de ADSL exclusivamente en casa de hace unos a\u00f1os, con tarifas de conexi\u00f3n elevadas, hemos pasado a todo un abanico de precios adaptados a todos los bolsillos, especialmente para los que se conectan con los tel\u00e9fonos inteligentes, as\u00ed como la posibilidad que ofrecen estos dispositivos de conectarse a Wi-Fi ajeno (por ejemplo, Wi-Fi abierto como el que ofrecen ayuntamientos, bibliotecas u otros servicios). Adem\u00e1s, la guerra de precios entre las compa\u00f1\u00edas proveedoras ha abaratado los precios o, al menos, ha aumentado la velocidad y cantidad de datos suministrados. No parece que esta tendencia deba cambiar en breve.<\/p>\n<p>Si hablamos de conectividad a alta velocidad, Espa\u00f1a ha pasado, una vez acabados los a\u00f1os duros de la crisis, a ser l\u00edder en la extensi\u00f3n a los hogares de la fibra \u00f3ptica en un \u00e1mbito europeo.<\/p>\n<p>Todo esto es un panorama atractivo si lo comparamos con hace unos 10 a\u00f1os.<\/p>\n<p>Pero, a\u00fan y as\u00ed, todav\u00eda hay una parte de la poblaci\u00f3n con limitaciones pata conectarse y\/o para acceder a dispositivos, o territorios en los que todo esto no ha llegado plenamente. De hecho, durante el primer confinamiento debido a la pandemia del Covid-19, todo esto quedo patente. Pod\u00e9is consultar datos al respecto en este informe elaborado por la Fundaci\u00f3 Ferrer i Gu\u00e0rdia, e impulsado desde M4Social, de la Mesa del Tercer Sector Social de Catalunya: <a href=\"https:\/\/www.ferrerguardia.org\/download\/BRETXADIGITAL2020_CAST.pdf\" target=\"_blank\" rel=\"noopener\">\u00abBrechas digitales: nuevas expresiones de las desigualdades\u00bb<\/a> (pod\u00e9is acceder al informe completo, \u00ab<a href=\"https:\/\/www.m4social.org\/ca\/2020\/bretxa-digital-entitats-socials\" target=\"_blank\" rel=\"noopener\">La bretxa digital en les persones ateses per entitats socials<\/a>\u00ab, solo disponible en catal\u00e1n).<\/p>\n<p>As\u00ed pues, ser\u00e1 necesario que las administraciones trabajen en este sentido.<\/p>\n","protected":false},"excerpt":{"rendered":"<p>El hardware, el software, las conexiones y los precios. La popularizaci\u00f3n de los tel\u00e9fonos inteligentes (Blackberrys y Iphones primero, y todo el universo de tel\u00e9fonos inteligentes Android despu\u00e9s) ha supuesto un enorme salto en la extensi\u00f3n de las nuevas tecnolog\u00edas a pr\u00e1cticamente toda la poblaci\u00f3n. Hemos pasado en pocos a\u00f1os de hacer inform\u00e1tica sobre todo [&hellip;]<\/p>\n","protected":false},"author":1,"featured_media":0,"parent":0,"menu_order":0,"comment_status":"closed","ping_status":"closed","template":"","meta":[],"_links":{"self":[{"href":"http:\/\/dinamitzacio-social-digital-test.recursos.uoc.edu\/contextos-exclusio\/es\/wp-json\/wp\/v2\/pages\/256"}],"collection":[{"href":"http:\/\/dinamitzacio-social-digital-test.recursos.uoc.edu\/contextos-exclusio\/es\/wp-json\/wp\/v2\/pages"}],"about":[{"href":"http:\/\/dinamitzacio-social-digital-test.recursos.uoc.edu\/contextos-exclusio\/es\/wp-json\/wp\/v2\/types\/page"}],"author":[{"embeddable":true,"href":"http:\/\/dinamitzacio-social-digital-test.recursos.uoc.edu\/contextos-exclusio\/es\/wp-json\/wp\/v2\/users\/1"}],"replies":[{"embeddable":true,"href":"http:\/\/dinamitzacio-social-digital-test.recursos.uoc.edu\/contextos-exclusio\/es\/wp-json\/wp\/v2\/comments?post=256"}],"version-history":[{"count":5,"href":"http:\/\/dinamitzacio-social-digital-test.recursos.uoc.edu\/contextos-exclusio\/es\/wp-json\/wp\/v2\/pages\/256\/revisions"}],"predecessor-version":[{"id":822,"href":"http:\/\/dinamitzacio-social-digital-test.recursos.uoc.edu\/contextos-exclusio\/es\/wp-json\/wp\/v2\/pages\/256\/revisions\/822"}],"wp:attachment":[{"href":"http:\/\/dinamitzacio-social-digital-test.recursos.uoc.edu\/contextos-exclusio\/es\/wp-json\/wp\/v2\/media?parent=256"}],"curies":[{"name":"wp","href":"https:\/\/api.w.org\/{rel}","templated":true}]}}