{"id":259,"date":"2018-12-21T15:52:58","date_gmt":"2018-12-21T13:52:58","guid":{"rendered":"http:\/\/dinamitzacio-social-digital-test.recursos.uoc.edu\/contextos-exclusio\/?page_id=259"},"modified":"2018-12-21T15:59:21","modified_gmt":"2018-12-21T13:59:21","slug":"1-2-2-el-formato-y-contenidos","status":"publish","type":"page","link":"http:\/\/dinamitzacio-social-digital-test.recursos.uoc.edu\/contextos-exclusio\/es\/1-2-2-el-formato-y-contenidos\/","title":{"rendered":"1.2.2. El formato y contenidos"},"content":{"rendered":"<p>La <strong>accesibilidad<\/strong> y la usabilidad de las webs y aplicaciones son barreras a las que se enfrentan las personas con alg\u00fan tipo de diversidad funcional. Muchas no est\u00e1n adaptadas a estos tipos de usuarios, lo cual repercute en dificultades para acceder a la sociedad digital. Hay entidades como <a href=\"javascript:void(0);\" class=\"tooltip\" data-toggle=\"popover\" data-placement=\"bottom\" data-content=\"Entidad que vela por la accesibilidad en la Red: <a href='https:\/\/www.discapnet.es\/areas-tematicas\/tecnologia-inclusiva' target='_blank'>https:\/\/www.discapnet.es\/areas-tematicas\/tecnologia-inclusiva<\/a>.\" data-placement=\"top\" data-html=\"true\" >Discapnet<\/a> (de la Fundaci\u00f3n ONCE) o <a href=\"javascript:void(0);\" class=\"tooltip\" data-toggle=\"popover\" data-placement=\"bottom\" data-content=\"Entidad que vela por la accesibilidad en la Red: <a href='https:\/\/www.w3c.es\/Traducciones\/es\/WAI\/intro\/accessibility' target='_blank'>https:\/\/www.w3c.es\/traducciones\/es\/wai\/intro\/accessibility<\/a>.\" data-placement=\"top\" data-html=\"true\" >W3.org<\/a> que velan por este desempe\u00f1o.<\/p>\n<blockquote><p>\u00abPor \u201caccesibilidad de portales Web\u201d, entendemos el conjunto de tecnolog\u00edas, normas de aplicaci\u00f3n y dise\u00f1o que facilitan la utilizaci\u00f3n de los sitios web siguiendo las pautas del \u201cdise\u00f1o para todos\u201d. El fundamento para desarrollar una web accesible radica en comprender que las personas acceden a internet de maneras distintas:<\/p>\n<ul>\n<li>Usuarios con ceguera total que usan un programa lector de pantalla para acceder al contenido del navegador, escuch\u00e1ndolo por los altavoces o ley\u00e9ndolo con sus dedos mediante una l\u00ednea Braille.<\/li>\n<li>Usuarios con deficiencia visual, visi\u00f3n parcial o ceguera al color, que emplean sistemas de ampliaci\u00f3n de la pantalla, recurren al aumento del tama\u00f1o de las letras o requieren un contraste efectivo de color entre el texto y el fondo.<\/li>\n<li>Usuarios con limitaci\u00f3n motriz en sus manos, que no pueden utilizar el rat\u00f3n y acceden al contenido web exclusivamente mediante el teclado de su ordenador o lo hacen mediante sistemas de reconocimiento de voz, navegando mediante instrucciones verbales que dan a su ordenador.<\/li>\n<li>Usuarios con sordera total que requieren de alternativas textuales a elementos multimedia sonoros.<\/li>\n<\/ul>\n<p>Pero tambi\u00e9n hay usuarios de conexiones lentas a internet o que acceden mediante equipos port\u00e1tiles del tipo <em>palm top<\/em> o tel\u00e9fonos m\u00f3viles con reducidas pantallas gr\u00e1ficas, que se benefician del dise\u00f1o accesible.\u00bb<\/p>\n<p>Extra\u00eddo de <a href=\"https:\/\/www.discapnet.es\/areas-tematicas\/tecnologia-inclusiva\/observatorio-de-accesibilidad-tic\/la-accesibilidad-web\" target=\"_blank\" rel=\"noopener\">https:\/\/www.discapnet.es\/areas-tematicas\/tecnologia-inclusiva\/observatorio-de-accesibilidad-tic\/la-accesibilidad-web<\/a><\/p><\/blockquote>\n<p>Algunos usuarios, especialmente los m\u00e1s mayores, pueden sentir cierto rechazo al formato de las webs, sobre todo las m\u00e1s agresivas en cuanto a <em>pop-ups<\/em>, colores llamativos, letra peque\u00f1a, inserci\u00f3n de publicidad enga\u00f1osa, etc. Si no resulta agradable, en \u00faltimo t\u00e9rmino pueden abandonar la experiencia.<\/p>\n<p>En cuanto a las aplicaciones accesibles, tambi\u00e9n hay <a href=\"https:\/\/www.discapnet.es\/areas-tematicas\/tecnologia-inclusiva\/aplicaciones-moviles\/aplicaciones-moviles-para-windows-iphone-7-y-android\" target=\"_blank\" rel=\"noopener\">dec\u00e1logos<\/a> y listados para descargar en la misma web.<\/p>\n<p>El <strong>lenguaje<\/strong> supone una barrera relativa para acceder a las TIC en nuestra sociedad. El espa\u00f1ol tiene bastante <a href=\"javascript:void(0);\" class=\"tooltip\" data-toggle=\"popover\" data-placement=\"bottom\" data-content=\"En el enlace <a href='https:\/\/es.wikipedia.org\/wiki\/anexo:Idiomas_en_Internet' target='_blank'>https:\/\/es.wikipedia.org\/wiki\/anexo:Idiomas_en_Internet<\/a> pod\u00e9is ver la distribuci\u00f3n de los idiomas en internet.\" data-placement=\"top\" data-html=\"true\" >presencia en la red<\/a>, aunque no en la proporci\u00f3n que le tocar\u00eda seg\u00fan el n\u00famero de usuarios. En todo caso, el ingl\u00e9s, con diferencia, es el idioma en el que est\u00e1n escritas m\u00e1s webs. Si a esto a\u00f1adimos la gran cantidad de neologismos sacados de este idioma, el resultado puede ser que se vea limitada la capacidad de algunas personas de entender conceptos o de acceder a determinados contenidos y, en definitiva, les resulte una experiencia frustrante que les pueda llevar a dejarlo.<\/p>\n","protected":false},"excerpt":{"rendered":"<p>La accesibilidad y la usabilidad de las webs y aplicaciones son barreras a las que se enfrentan las personas con alg\u00fan tipo de diversidad funcional. Muchas no est\u00e1n adaptadas a estos tipos de usuarios, lo cual repercute en dificultades para acceder a la sociedad digital. Hay entidades como (de la Fundaci\u00f3n ONCE) o que velan [&hellip;]<\/p>\n","protected":false},"author":1,"featured_media":0,"parent":0,"menu_order":0,"comment_status":"closed","ping_status":"closed","template":"","meta":[],"_links":{"self":[{"href":"http:\/\/dinamitzacio-social-digital-test.recursos.uoc.edu\/contextos-exclusio\/es\/wp-json\/wp\/v2\/pages\/259"}],"collection":[{"href":"http:\/\/dinamitzacio-social-digital-test.recursos.uoc.edu\/contextos-exclusio\/es\/wp-json\/wp\/v2\/pages"}],"about":[{"href":"http:\/\/dinamitzacio-social-digital-test.recursos.uoc.edu\/contextos-exclusio\/es\/wp-json\/wp\/v2\/types\/page"}],"author":[{"embeddable":true,"href":"http:\/\/dinamitzacio-social-digital-test.recursos.uoc.edu\/contextos-exclusio\/es\/wp-json\/wp\/v2\/users\/1"}],"replies":[{"embeddable":true,"href":"http:\/\/dinamitzacio-social-digital-test.recursos.uoc.edu\/contextos-exclusio\/es\/wp-json\/wp\/v2\/comments?post=259"}],"version-history":[{"count":3,"href":"http:\/\/dinamitzacio-social-digital-test.recursos.uoc.edu\/contextos-exclusio\/es\/wp-json\/wp\/v2\/pages\/259\/revisions"}],"predecessor-version":[{"id":263,"href":"http:\/\/dinamitzacio-social-digital-test.recursos.uoc.edu\/contextos-exclusio\/es\/wp-json\/wp\/v2\/pages\/259\/revisions\/263"}],"wp:attachment":[{"href":"http:\/\/dinamitzacio-social-digital-test.recursos.uoc.edu\/contextos-exclusio\/es\/wp-json\/wp\/v2\/media?parent=259"}],"curies":[{"name":"wp","href":"https:\/\/api.w.org\/{rel}","templated":true}]}}