{"id":267,"date":"2018-12-24T09:42:47","date_gmt":"2018-12-24T07:42:47","guid":{"rendered":"http:\/\/dinamitzacio-social-digital-test.recursos.uoc.edu\/contextos-exclusio\/?page_id=267"},"modified":"2019-02-01T15:52:02","modified_gmt":"2019-02-01T13:52:02","slug":"1-2-4-la-seguridad","status":"publish","type":"page","link":"http:\/\/dinamitzacio-social-digital-test.recursos.uoc.edu\/contextos-exclusio\/es\/1-2-4-la-seguridad\/","title":{"rendered":"1.2.4. La seguridad"},"content":{"rendered":"<p>Internet sigue siendo percibido como un medio poco seguro para muchas personas. S\u00ed es cierto que, en este sentido, puede llegar a ser un terreno abonado para los nuevos delincuentes inform\u00e1ticos, puesto que la propia naturaleza de la Red y su libertad son, a la vez, su debilidad.<\/p>\n<p>El uso de herramientas y plataformas para comunicarse digitalmente no est\u00e1 exento de riesgos. A continuaci\u00f3n, os exponemos algunos de los identificados por el programa <a href=\"javascript:void(0);\" class=\"tooltip\" data-toggle=\"popover\" data-placement=\"bottom\" data-content=\"En el enlace <a href='https:\/\/internetsegura.cat\/joves\/resoldre-problema-internet\/' target='_blank'>https:\/\/internetsegura.cat\/joves\/resoldre-problema-internet\/<\/a> encontrar\u00e9is informaci\u00f3n sobre j\u00f3venes e internet de la Generalitat de Catalu\u00f1a.\" data-placement=\"top\" data-html=\"true\" >Internet Segura<\/a> de la Generalitat de Catalu\u00f1a (pod\u00e9is encontrar <a href=\"http:\/\/e-legales.net\/glosario-de-terminos\/\" target=\"_blank\" rel=\"noopener\">glosarios<\/a> de t\u00e9rminos en la Red sobre el tema):<\/p>\n<ul>\n<li><em>Ciberbullying<\/em> o acoso escolar en internet.<\/li>\n<li>Calumnias, injurias y amenazas en la Red.<\/li>\n<li>Uso no autorizado de vuestra imagen en internet.<\/li>\n<li><em>Grooming<\/em> o acoso sexual en la red (incluido <em>sexting<\/em> o sextorsi\u00f3n).<\/li>\n<li>Toma de identidad, en redes sociales o en otros entornos (personas que se hacen pasar por vosotros, creando un perfil falso).<\/li>\n<\/ul>\n<p>El anonimato que a menudo ampara a las personas que hacen estas acciones, y la facilidad de uso, favorecen el hecho de que estos fen\u00f3menos sean relativamente frecuentes. Por este motivo, como profesionales de la educaci\u00f3n social habr\u00e1 que estar atentos a estas din\u00e1micas y ense\u00f1ar a prever y hacer frente a estas conductas.<\/p>\n<p>Encontramos otros <a href=\"javascript:void(0);\" class=\"tooltip\" data-toggle=\"popover\" data-placement=\"bottom\" data-content=\"En el enlace <a href='https:\/\/www.osi.es\/es' target='_blank'>https:\/\/www.osi.es\/es<\/a> encontrar\u00e9is informaci\u00f3n sobre c\u00f3mo resolver problemas de seguridad.\" data-placement=\"top\" data-html=\"true\" >problemas relacionados con la seguridad<\/a>:<\/p>\n<ul>\n<li>Virus, troyanos, gusanos, etc. que infectan la Red y pueden llegar a paralizarla, con grandes gastos para el usuario.<\/li>\n<li><em>Spywares<\/em> o programas que vigilan el uso que hacemos de la Red, normalmente con finalidades comerciales.<\/li>\n<li>Suplantaciones de identidad, consiguiendo acceder a las claves de acceso y contrase\u00f1as obtenidas a trav\u00e9s de varios m\u00e9todos fraudulentos.<\/li>\n<li><em>Dialers<\/em> o redireccionadores a n\u00fameros de alto coste para el usuario.<\/li>\n<li>Correo no deseado o <em>spam<\/em>, etc.<\/li>\n<\/ul>\n<p>Estos riesgos pueden suponer una barrera para el buen funcionamiento de la Red, y repercuten especialmente en la percepci\u00f3n que tienen de internet las personas no capacitadas digitalmente o con poca relaci\u00f3n con la tecnolog\u00eda. La percepci\u00f3n de inseguridad a veces viene alimentada por algunas noticias llamativas en los medios de comunicaci\u00f3n. En este sentido, la inclusi\u00f3n electr\u00f3nica tendr\u00eda que dar elementos que permitan a las personas hacer un uso seguro de la Red, especialmente cuando se tienen que hacer gestiones, tr\u00e1mites y\/o compras. Por ejemplo, hacerlo en webs reconocidas, que haya usado alguien antes sin problemas, con protocolos de encriptaci\u00f3n de datos (HTTPS), con monederos electr\u00f3nicos o webs intermediarias (tipo <a href=\"https:\/\/www.paypal.com\/es\/home\" target=\"_blank\" rel=\"noopener\">Paypal<\/a>), etc.<\/p>\n<div class=\"featured featured-blue\"><p>Es decir, los riesgos existen, pero se pueden minimizar si se dispone de la informaci\u00f3n adecuada.<\/p>\n<\/div>\n","protected":false},"excerpt":{"rendered":"<p>Internet sigue siendo percibido como un medio poco seguro para muchas personas. S\u00ed es cierto que, en este sentido, puede llegar a ser un terreno abonado para los nuevos delincuentes inform\u00e1ticos, puesto que la propia naturaleza de la Red y su libertad son, a la vez, su debilidad. El uso de herramientas y plataformas para [&hellip;]<\/p>\n","protected":false},"author":1,"featured_media":0,"parent":0,"menu_order":0,"comment_status":"closed","ping_status":"closed","template":"","meta":[],"_links":{"self":[{"href":"http:\/\/dinamitzacio-social-digital-test.recursos.uoc.edu\/contextos-exclusio\/es\/wp-json\/wp\/v2\/pages\/267"}],"collection":[{"href":"http:\/\/dinamitzacio-social-digital-test.recursos.uoc.edu\/contextos-exclusio\/es\/wp-json\/wp\/v2\/pages"}],"about":[{"href":"http:\/\/dinamitzacio-social-digital-test.recursos.uoc.edu\/contextos-exclusio\/es\/wp-json\/wp\/v2\/types\/page"}],"author":[{"embeddable":true,"href":"http:\/\/dinamitzacio-social-digital-test.recursos.uoc.edu\/contextos-exclusio\/es\/wp-json\/wp\/v2\/users\/1"}],"replies":[{"embeddable":true,"href":"http:\/\/dinamitzacio-social-digital-test.recursos.uoc.edu\/contextos-exclusio\/es\/wp-json\/wp\/v2\/comments?post=267"}],"version-history":[{"count":3,"href":"http:\/\/dinamitzacio-social-digital-test.recursos.uoc.edu\/contextos-exclusio\/es\/wp-json\/wp\/v2\/pages\/267\/revisions"}],"predecessor-version":[{"id":717,"href":"http:\/\/dinamitzacio-social-digital-test.recursos.uoc.edu\/contextos-exclusio\/es\/wp-json\/wp\/v2\/pages\/267\/revisions\/717"}],"wp:attachment":[{"href":"http:\/\/dinamitzacio-social-digital-test.recursos.uoc.edu\/contextos-exclusio\/es\/wp-json\/wp\/v2\/media?parent=267"}],"curies":[{"name":"wp","href":"https:\/\/api.w.org\/{rel}","templated":true}]}}