{"id":278,"date":"2018-12-24T10:02:13","date_gmt":"2018-12-24T08:02:13","guid":{"rendered":"http:\/\/dinamitzacio-social-digital-test.recursos.uoc.edu\/contextos-exclusio\/?page_id=278"},"modified":"2021-01-29T15:26:51","modified_gmt":"2021-01-29T13:26:51","slug":"1-5-factores-socioeconomicos","status":"publish","type":"page","link":"http:\/\/dinamitzacio-social-digital-test.recursos.uoc.edu\/contextos-exclusio\/es\/1-5-factores-socioeconomicos\/","title":{"rendered":"1.5. Factores socioecon\u00f3micos"},"content":{"rendered":"<p>Es evidente que hay aspectos socioecon\u00f3micos que afectan a la posibilidad de capacitaci\u00f3n digital. Sin ir m\u00e1s lejos, en algunos an\u00e1lisis recientes en Espa\u00f1a (2019) podemos encontrar algunas ideas que van en esta direcci\u00f3n:<\/p>\n<ul>\n<li><strong>Edad<em>.\u00a0<\/em><\/strong>La pir\u00e1mide estad\u00edstica de internautas que se conectan tanto habitual como ocasionalmente es decreciente seg\u00fan la edad. Cuando m\u00e1s mayor, m\u00e1s desconectado.<\/li>\n<li><strong>Sexo<em>.<\/em><\/strong> Por fortuna, no hay pr\u00e1cticamente diferencias de conectividad seg\u00fan sexo.<\/li>\n<li><strong>Ocupaci\u00f3n<\/strong>. Igualmente decreciente seg\u00fan la ocupaci\u00f3n, partiendo de los estudiantes (m\u00e1s conectados) hasta llegar a los pensionistas y las amas de casa (menos).<\/li>\n<li><strong>Estudios<em>.\u00a0<\/em><\/strong>Y por supuesto, seg\u00fan los estudios. Cuantos menos estudios, m\u00e1s desconexi\u00f3n.<\/li>\n<li><strong>Lugar de residencia.<\/strong> Aun as\u00ed, decrece seg\u00fan el lugar de residencia. Desde las grandes ciudades a los pueblos.<\/li>\n<li><strong>Estado civil.<\/strong> Seg\u00fan el estado civil, no hay grandes diferencias salvo en las personas viudas que se encuentran en la franja baja.<\/li>\n<li><strong>Ingresos<em>.<\/em><\/strong> Y por \u00faltimo, seg\u00fan los ingresos. Cuantos menos ingresos, menor conexi\u00f3n.<\/li>\n<\/ul>\n<figure id=\"attachment_834\" aria-describedby=\"caption-attachment-834\" style=\"width: 1187px\" class=\"wp-caption alignnone\"><img loading=\"lazy\" class=\"wp-image-834 size-full\" src=\"\/wp-content\/uploads\/sites\/6\/2021\/01\/Captura-de-pantalla-2021-01-21-a-les-10.54.34-1.png\" alt=\"\" width=\"1187\" height=\"889\" srcset=\"\/wp-content\/uploads\/sites\/6\/2021\/01\/Captura-de-pantalla-2021-01-21-a-les-10.54.34-1.png 1187w, \/wp-content\/uploads\/sites\/6\/2021\/01\/Captura-de-pantalla-2021-01-21-a-les-10.54.34-1-300x225.png 300w, \/wp-content\/uploads\/sites\/6\/2021\/01\/Captura-de-pantalla-2021-01-21-a-les-10.54.34-1-768x575.png 768w, \/wp-content\/uploads\/sites\/6\/2021\/01\/Captura-de-pantalla-2021-01-21-a-les-10.54.34-1-1024x767.png 1024w\" sizes=\"(max-width: 1187px) 100vw, 1187px\" \/><figcaption id=\"caption-attachment-834\" class=\"wp-caption-text\">Fuente: ontsi.red.es \u00abPerfil sociodemogr\u00e1fico de los internautas. An\u00e1lisis de datos INE 2019\u00bb. Disponible en: https:\/\/www.ontsi.red.es\/sites\/ontsi\/files\/2020-06\/PerfilSociodemograficoInternautas2019.pdf<\/figcaption><\/figure>\n<div class=\"featured featured-blue\"><p>De este modo, la radiograf\u00eda estatal sobre el perfil diana de la inclusi\u00f3n electr\u00f3nica se podr\u00eda resumir en personas mayores, pensionistas o amas de casa, con pocos estudios, viviendo en pueblos, viudas y con pocos ingresos.<\/p>\n<\/div>\n<p><strong>An\u00e1lisis seg\u00fan capacidades digitales<\/strong><\/p>\n<p>Si entramos en el detalle de las capacidades digitales, este perfil m\u00e1s desconectado es tambi\u00e9n el que obtiene peores resultados en las variables que se analizan en este estudio, como las referentes a informaci\u00f3n, resoluci\u00f3n de problemas, comunicaci\u00f3n y software para la manipulaci\u00f3n de contenido. Aqu\u00ed hay que destacar que s\u00ed se encuentran diferencias seg\u00fan el sexo: las mujeres presentan peores indicadores en cuanto a la resoluci\u00f3n de problemas y del uso de software por la manipulaci\u00f3n de contenido, y mejores en cuanto a la comunicaci\u00f3n.<\/p>\n<p>Todo esto nos da pistas bastante importantes sobre qu\u00e9 se tiene que trabajar con estos colectivos.<\/p>\n","protected":false},"excerpt":{"rendered":"<p>Es evidente que hay aspectos socioecon\u00f3micos que afectan a la posibilidad de capacitaci\u00f3n digital. Sin ir m\u00e1s lejos, en algunos an\u00e1lisis recientes en Espa\u00f1a (2019) podemos encontrar algunas ideas que van en esta direcci\u00f3n: Edad.\u00a0La pir\u00e1mide estad\u00edstica de internautas que se conectan tanto habitual como ocasionalmente es decreciente seg\u00fan la edad. Cuando m\u00e1s mayor, m\u00e1s [&hellip;]<\/p>\n","protected":false},"author":1,"featured_media":0,"parent":0,"menu_order":0,"comment_status":"closed","ping_status":"closed","template":"","meta":[],"_links":{"self":[{"href":"http:\/\/dinamitzacio-social-digital-test.recursos.uoc.edu\/contextos-exclusio\/es\/wp-json\/wp\/v2\/pages\/278"}],"collection":[{"href":"http:\/\/dinamitzacio-social-digital-test.recursos.uoc.edu\/contextos-exclusio\/es\/wp-json\/wp\/v2\/pages"}],"about":[{"href":"http:\/\/dinamitzacio-social-digital-test.recursos.uoc.edu\/contextos-exclusio\/es\/wp-json\/wp\/v2\/types\/page"}],"author":[{"embeddable":true,"href":"http:\/\/dinamitzacio-social-digital-test.recursos.uoc.edu\/contextos-exclusio\/es\/wp-json\/wp\/v2\/users\/1"}],"replies":[{"embeddable":true,"href":"http:\/\/dinamitzacio-social-digital-test.recursos.uoc.edu\/contextos-exclusio\/es\/wp-json\/wp\/v2\/comments?post=278"}],"version-history":[{"count":6,"href":"http:\/\/dinamitzacio-social-digital-test.recursos.uoc.edu\/contextos-exclusio\/es\/wp-json\/wp\/v2\/pages\/278\/revisions"}],"predecessor-version":[{"id":889,"href":"http:\/\/dinamitzacio-social-digital-test.recursos.uoc.edu\/contextos-exclusio\/es\/wp-json\/wp\/v2\/pages\/278\/revisions\/889"}],"wp:attachment":[{"href":"http:\/\/dinamitzacio-social-digital-test.recursos.uoc.edu\/contextos-exclusio\/es\/wp-json\/wp\/v2\/media?parent=278"}],"curies":[{"name":"wp","href":"https:\/\/api.w.org\/{rel}","templated":true}]}}