{"id":280,"date":"2018-12-24T10:03:31","date_gmt":"2018-12-24T08:03:31","guid":{"rendered":"http:\/\/dinamitzacio-social-digital-test.recursos.uoc.edu\/contextos-exclusio\/?page_id=280"},"modified":"2021-01-29T13:06:02","modified_gmt":"2021-01-29T11:06:02","slug":"1-6-el-factor-politico","status":"publish","type":"page","link":"http:\/\/dinamitzacio-social-digital-test.recursos.uoc.edu\/contextos-exclusio\/es\/1-6-el-factor-politico\/","title":{"rendered":"1.6. El factor pol\u00edtico"},"content":{"rendered":"<p>Otro de los factores que influyen en que la inclusi\u00f3n electr\u00f3nica est\u00e9 m\u00e1s o menos extendida es el pol\u00edtico, puesto que es condici\u00f3n <em>sine qua non<\/em> que este est\u00e9 convencido de la necesidad de establecer el derecho a la capacitaci\u00f3n digital, o al menos, del inter\u00e9s en desarrolar la sociedad digital, aunque sea por motivos econ\u00f3micos. Cuando hay convencimiento de esta necesidad, se implementan estrategias, programas y proyectos. Tenemos multitud de ejemplos al respecto, algunos de los cuales se han recogido en el m\u00f3dulo \u00abPol\u00edticas y programas de alfabetizaci\u00f3n digital en la UE\u00bb de este material. Estrategias, programas marco, proyectos, etc.; carteras de sociedad de la informaci\u00f3n, con responsable pol\u00edtico asignado, con presupuesto, t\u00e9cnicos cualificados, equipamientos, recursos, etc.<\/p>\n<p>Sin embargo, esto no siempre pasa. A veces, el factor pol\u00edtico queda en nuestro \u00e1mbito. Hacer pol\u00edtica consiste en priorizar acciones con los recursos disponibles, y no siempre se entiende la importancia de las pol\u00edticas de inclusi\u00f3n electr\u00f3nica. <a href=\"javascript:void(0);\" class=\"tooltip\" data-toggle=\"popover\" data-placement=\"bottom\" data-content=\"<b>Reflexi\u00f3n<\/b>: Leed la nota de prensa en la que Manuel Castells niega la brecha digital, que encontrar\u00e9is en el enlace <a href='https:\/\/www.publico.es\/ciencias\/brecha-digital-no-existe.html' target='_blank'>https:\/\/www.publico.es\/ciencias\/brecha-digital-no-existe.html<\/a>.\" data-placement=\"top\" data-html=\"true\" >O bien se niega la brecha digital<\/a>, o bien se piensa que el mercado la saturar\u00e1 sola (un pensamiento acorde con los postulados neoliberales) y no hay que hacer nada.<\/p>\n<div class=\"featured featured-grey\"><p><strong>Reflexi\u00f3n<\/strong><\/p>\n<p>Teniendo en cuenta todo el contexto generado a ra\u00edz de la pandemia de la Covid-19, y la consecuente necesidad de digitalizaci\u00f3n en muchos \u00e1mbitos, \u00bfcre\u00e9is que la brecha digital est\u00e1 superada?<\/p>\n<\/div>\n<p>&nbsp;<\/p>\n","protected":false},"excerpt":{"rendered":"<p>Otro de los factores que influyen en que la inclusi\u00f3n electr\u00f3nica est\u00e9 m\u00e1s o menos extendida es el pol\u00edtico, puesto que es condici\u00f3n sine qua non que este est\u00e9 convencido de la necesidad de establecer el derecho a la capacitaci\u00f3n digital, o al menos, del inter\u00e9s en desarrolar la sociedad digital, aunque sea por motivos [&hellip;]<\/p>\n","protected":false},"author":1,"featured_media":0,"parent":0,"menu_order":0,"comment_status":"closed","ping_status":"closed","template":"","meta":[],"_links":{"self":[{"href":"http:\/\/dinamitzacio-social-digital-test.recursos.uoc.edu\/contextos-exclusio\/es\/wp-json\/wp\/v2\/pages\/280"}],"collection":[{"href":"http:\/\/dinamitzacio-social-digital-test.recursos.uoc.edu\/contextos-exclusio\/es\/wp-json\/wp\/v2\/pages"}],"about":[{"href":"http:\/\/dinamitzacio-social-digital-test.recursos.uoc.edu\/contextos-exclusio\/es\/wp-json\/wp\/v2\/types\/page"}],"author":[{"embeddable":true,"href":"http:\/\/dinamitzacio-social-digital-test.recursos.uoc.edu\/contextos-exclusio\/es\/wp-json\/wp\/v2\/users\/1"}],"replies":[{"embeddable":true,"href":"http:\/\/dinamitzacio-social-digital-test.recursos.uoc.edu\/contextos-exclusio\/es\/wp-json\/wp\/v2\/comments?post=280"}],"version-history":[{"count":6,"href":"http:\/\/dinamitzacio-social-digital-test.recursos.uoc.edu\/contextos-exclusio\/es\/wp-json\/wp\/v2\/pages\/280\/revisions"}],"predecessor-version":[{"id":878,"href":"http:\/\/dinamitzacio-social-digital-test.recursos.uoc.edu\/contextos-exclusio\/es\/wp-json\/wp\/v2\/pages\/280\/revisions\/878"}],"wp:attachment":[{"href":"http:\/\/dinamitzacio-social-digital-test.recursos.uoc.edu\/contextos-exclusio\/es\/wp-json\/wp\/v2\/media?parent=280"}],"curies":[{"name":"wp","href":"https:\/\/api.w.org\/{rel}","templated":true}]}}