{"id":288,"date":"2018-12-24T10:10:13","date_gmt":"2018-12-24T08:10:13","guid":{"rendered":"http:\/\/dinamitzacio-social-digital-test.recursos.uoc.edu\/contextos-exclusio\/?page_id=288"},"modified":"2021-01-21T12:26:10","modified_gmt":"2021-01-21T10:26:10","slug":"2-2-1-comunicacion","status":"publish","type":"page","link":"http:\/\/dinamitzacio-social-digital-test.recursos.uoc.edu\/contextos-exclusio\/es\/2-2-1-comunicacion\/","title":{"rendered":"2.2.1. Comunicaci\u00f3n"},"content":{"rendered":"<p>Es obvia la importancia de internet en el actual sistema de relaciones humanas, al menos en sociedades como la nuestra. Si pens\u00e1is en c\u00f3mo eran las comunicaciones interpersonales ahora hace 20 a\u00f1os, seguro que estaremos de acuerdo en que han cambiado much\u00edsimo. Hemos pasado, en poco tiempo, de los tel\u00e9fonos fijos a los <a href=\"https:\/\/es.wikipedia.org\/wiki\/mens%C3%A1fono\" target=\"_blank\" rel=\"noopener\">mens\u00e1fonos<\/a> (los \u00abbuscas\u00bb), a los m\u00f3viles con SMS, a los tel\u00e9fonos inteligentes con conexi\u00f3n a internet y diferentes aplicaciones de comunicaci\u00f3n (Whatsapp, Telegram, correo, videoconferencia, etc.). De los primeros chats y foros a las actuales redes sociales, cada vez m\u00e1s visuales y con m\u00e1s opciones de interactividad, que las mejoras de aparatos y conectividad han hecho posibles.<\/p>\n<p>En la actualidad, lo m\u00e1s habitual es encontrar a gente que se relaciona con estos medios, llegando pr\u00e1cticamente al 100 % entre los j\u00f3venes (pod\u00e9is ver el <a href=\"https:\/\/www.ine.es\/ss\/Satellite?L=es_ES&amp;c=INESeccion_C&amp;cid=1259925528782&amp;p=1254735110672&amp;pagename=ProductosYServicios%2FPYSLayout\" target=\"_blank\" rel=\"noopener\">estudio por edades del Instituto Nacional de Estad\u00edstica<\/a>). Entre otras cuestiones, esto supone, en cuanto a ventajas, una superaci\u00f3n de las barreras espaciales y\/o temporales (distancias, conectividad siempre), con una conexi\u00f3n casi constante que posibilita compartir en el momento, difundir de manera masiva, etc.<\/p>\n<figure id=\"attachment_807\" aria-describedby=\"caption-attachment-807\" style=\"width: 548px\" class=\"wp-caption alignnone\"><img loading=\"lazy\" class=\"wp-image-807 size-full\" src=\"\/wp-content\/uploads\/sites\/6\/2020\/12\/dades_usos_edats_TIC_2020.png\" alt=\"\" width=\"548\" height=\"885\" srcset=\"\/wp-content\/uploads\/sites\/6\/2020\/12\/dades_usos_edats_TIC_2020.png 548w, \/wp-content\/uploads\/sites\/6\/2020\/12\/dades_usos_edats_TIC_2020-186x300.png 186w\" sizes=\"(max-width: 548px) 100vw, 548px\" \/><figcaption id=\"caption-attachment-807\" class=\"wp-caption-text\">Fuente: \u00abEncuesta sobre equipamiento y uso de tecnolog\u00edas de la informaci\u00f3n y comunicaci\u00f3n en los hogares\u00bb. INE Estad\u00edsticas de sociedad de la informaci\u00f3n. Eurostat (<a href=\"https:\/\/www.ine.es\/ss\/Satellite?L=es_ES&amp;c=INESeccion_C&amp;cid=1259925528782&amp;p=1254735110672&amp;pagename=ProductosYServicios%2FPYSLayout\" target=\"_blank\" rel=\"noopener\">https:\/\/www.ine.es\/ss\/Satellite?L=es_ES&amp;c=INESeccion_C&amp;cid=1259925528782&amp;p=1254735110672&amp;pagename=ProductosYServicios%2FPYSLayout<\/a>)<\/figcaption><\/figure>\n<p>Llevado al extremo, y en negativo, tambi\u00e9n puede generar adicciones y, parad\u00f3jicamente, <a href=\"javascript:void(0);\" class=\"tooltip\" data-toggle=\"popover\" data-placement=\"bottom\" data-content=\"<b>Reflexi\u00f3n<\/b>: Despu\u00e9s de leer el enlace <a href='http:\/\/www.elmundo.es\/sociedad\/2017\/09\/21\/59c2a0fb46163faa058b45f8.html' target='_blank'>http:\/\/www.elmundo.es\/sociedad\/2017\/09\/21\/59c2a0fb46163faa058b45f8.html<\/a>, reflexionad sobre si internet puede provocar soledad.\" data-placement=\"top\" data-html=\"true\" >sentimiento de soledad<\/a>. En este sentido, puede favorecer frustraciones debido a las expectativas depositadas en estas comunicaciones. Sin embargo, la realidad es que este tipo de comunicaci\u00f3n\/relaci\u00f3n digital parece que ha venido para quedarse. Y no saberse mover con estas herramientas puede ser motivo de exclusi\u00f3n. Esto se da cuando no se saben utilizar y\/o no se tiene acceso a las mismas. Nos estamos refiriendo a herramientas como las redes sociales, las diferentes aplicaciones de mensajer\u00eda instant\u00e1nea, aplicaciones de videoconferencia, correo electr\u00f3nico, etc.<\/p>\n<p>A pesar de que una de las claves del \u00e9xito de estas herramientas y aplicaciones para la comunicaci\u00f3n es su facilidad de uso, nos podemos encontrar con personas que no las saben utilizar y que, por lo tanto, pueden quedar excluidas en diferentes \u00e1mbitos de su vida cotidiana. Hay que prestar atenci\u00f3n especial a los siguientes colectivos:<\/p>\n<ul>\n<li><strong>Gente mayor:<\/strong> saber utilizar estas herramientas les permite, por ejemplo, poder estar en contacto con familiares, especialmente si estos est\u00e1n lejos, y sentirse acompa\u00f1ados y atendidos, sobre todo aquellas personas mayores que viven solas y\/o las que tienen alguna dolencia importante (un tipo de sustitutivo de los botones de teleasistencia).<\/li>\n<li><strong>Inmigrantes:<\/strong> seguir en contacto con familiares y amigos, as\u00ed como con la comunidad de procedencia, evitando el desarraigo, dejar constancia de su recorrido vital.<\/li>\n<li><strong>Personas que por diferentes motivos lo est\u00e1n pasando mal debido a diferentes situaciones<\/strong> (ya sea por motivos de enfermedad, luto, etc.). Internet permite conocer comunidades de personas que puedan estar en la misma situaci\u00f3n, facilitando establecer contacto y evitar el aislamiento, un hecho que puede evitar la posible exclusi\u00f3n social de estas personas. Algunos ejemplos son grupos de ayuda, de aficiones, gente de la misma zona, etc.<\/li>\n<\/ul>\n","protected":false},"excerpt":{"rendered":"<p>Es obvia la importancia de internet en el actual sistema de relaciones humanas, al menos en sociedades como la nuestra. Si pens\u00e1is en c\u00f3mo eran las comunicaciones interpersonales ahora hace 20 a\u00f1os, seguro que estaremos de acuerdo en que han cambiado much\u00edsimo. Hemos pasado, en poco tiempo, de los tel\u00e9fonos fijos a los mens\u00e1fonos (los [&hellip;]<\/p>\n","protected":false},"author":1,"featured_media":0,"parent":0,"menu_order":0,"comment_status":"closed","ping_status":"closed","template":"","meta":[],"_links":{"self":[{"href":"http:\/\/dinamitzacio-social-digital-test.recursos.uoc.edu\/contextos-exclusio\/es\/wp-json\/wp\/v2\/pages\/288"}],"collection":[{"href":"http:\/\/dinamitzacio-social-digital-test.recursos.uoc.edu\/contextos-exclusio\/es\/wp-json\/wp\/v2\/pages"}],"about":[{"href":"http:\/\/dinamitzacio-social-digital-test.recursos.uoc.edu\/contextos-exclusio\/es\/wp-json\/wp\/v2\/types\/page"}],"author":[{"embeddable":true,"href":"http:\/\/dinamitzacio-social-digital-test.recursos.uoc.edu\/contextos-exclusio\/es\/wp-json\/wp\/v2\/users\/1"}],"replies":[{"embeddable":true,"href":"http:\/\/dinamitzacio-social-digital-test.recursos.uoc.edu\/contextos-exclusio\/es\/wp-json\/wp\/v2\/comments?post=288"}],"version-history":[{"count":8,"href":"http:\/\/dinamitzacio-social-digital-test.recursos.uoc.edu\/contextos-exclusio\/es\/wp-json\/wp\/v2\/pages\/288\/revisions"}],"predecessor-version":[{"id":842,"href":"http:\/\/dinamitzacio-social-digital-test.recursos.uoc.edu\/contextos-exclusio\/es\/wp-json\/wp\/v2\/pages\/288\/revisions\/842"}],"wp:attachment":[{"href":"http:\/\/dinamitzacio-social-digital-test.recursos.uoc.edu\/contextos-exclusio\/es\/wp-json\/wp\/v2\/media?parent=288"}],"curies":[{"name":"wp","href":"https:\/\/api.w.org\/{rel}","templated":true}]}}