{"id":295,"date":"2018-12-24T10:46:24","date_gmt":"2018-12-24T08:46:24","guid":{"rendered":"http:\/\/dinamitzacio-social-digital-test.recursos.uoc.edu\/contextos-exclusio\/?page_id=295"},"modified":"2021-01-29T14:01:09","modified_gmt":"2021-01-29T12:01:09","slug":"2-2-3-trabajo-y-formacion","status":"publish","type":"page","link":"http:\/\/dinamitzacio-social-digital-test.recursos.uoc.edu\/contextos-exclusio\/es\/2-2-3-trabajo-y-formacion\/","title":{"rendered":"2.2.3. Trabajo y formaci\u00f3n"},"content":{"rendered":"<p>El \u00e1mbito laboral es seguramente uno de los usos donde m\u00e1s claramente se plasma la exclusi\u00f3n social derivada de la exclusi\u00f3n digital. Actualmente, el conocimiento de las t\u00e9cnicas de investigaci\u00f3n de trabajo a trav\u00e9s de internet, y el uso de la tecnolog\u00eda en cualquier trabajo, son necesarios para tener posibilidades de ocupabilidad y, por lo tanto, de inclusi\u00f3n social (tener trabajo y un sueldo digno).<\/p>\n<p>Entre estos usos m\u00e1s espec\u00edficos, encontramos la posibilidad de hacer todas las gestiones de b\u00fasqueda de trabajo por internet, as\u00ed como los tr\u00e1mites relacionados con el desempleo. En buena parte de los casos, la Administraci\u00f3n permite gestionar las prestaciones por desempleo (por ejemplo, <a href=\"https:\/\/www.oficinadetreball.gencat.cat\/socfuncions\/canviidiomademandants.do?canviidioma=es&amp;url=&amp;urlAmbAmbit=false\" target=\"_blank\" rel=\"noopener\">renovar la demanda de ocupaci\u00f3n<\/a>), as\u00ed como la actualizaci\u00f3n de la informaci\u00f3n personal en el servicio de empleo, la consulta de ofertas p\u00fablicas, etc.<\/p>\n<p>Aun as\u00ed, actualmente no se entiende la b\u00fasqueda de trabajo sin usar portales privados de internet, <a href=\"javascript:void(0);\" class=\"tooltip\" data-toggle=\"popover\" data-placement=\"bottom\" data-content=\"<b>Reflexi\u00f3n<\/b>: Despu\u00e9s de visitar el enlace <a href='https:\/\/www.xatakamovil.com\/aplicaciones\/siete-aplicaciones-para-encontrar-trabajo-desde-el-movil-en-android-y-ios' target='_blank'> https:\/\/www.xatakamovil.com\/aplicaciones\/siete-aplicaciones-para-encontrar-trabajo-desde-el-movil-en-android-y-ios<\/a>, reflexionad sobre si tienen ventajas las aplicaciones de b\u00fasqueda de trabajo respecto a los portales cl\u00e1sicos de internet.\" data-placement=\"top\" data-html=\"true\" >incluidos los dirigidos espec\u00edficamente al m\u00f3vil<\/a>. La raz\u00f3n la tenemos que buscar en la comodidad de uso para el usuario (basta con unos minutos dedicados a darse de alta en un portal de trabajo y una consulta semanal en el correo personal), y en el abaratamiento de los costes para las empleos solicitantes de candidatos.<\/p>\n<p>Esta b\u00fasqueda activa de trabajo utilizando la Red a veces tambi\u00e9n puede resultar complicada para algunas personas, ya sea por carencias en el uso de la tecnolog\u00eda (por ejemplo, no saber c\u00f3mo subir el curr\u00edculo a un portal, o c\u00f3mo insertarle la foto) y\/o bien relacionados con la b\u00fasqueda y selecci\u00f3n de informaci\u00f3n (no tener claro d\u00f3nde buscar ofertas que tengan que ver con nuestro perfil, y\/o cu\u00e1les de las ofertas recibidas son reales). Por eso, es necesario adquirir las competencias digitales necesarias que doten a las personas de autonom\u00eda para poder hacer todas estas gestiones.<\/p>\n<p>Por otro lado, gestionar la <a href=\"http:\/\/bid.ub.edu\/24\/giones2.htm\" target=\"_blank\" rel=\"noopener\">identidad digital<\/a> para tener una buena reputaci\u00f3n en l\u00ednea laboral es tambi\u00e9n una cuesti\u00f3n importante en los procesos de b\u00fasqueda de trabajo. Sobre esto, hay que tener en cuenta que, actualmente, los departamentos de recursos humanos de muchas empresas utilizan internet para encontrar informaci\u00f3n sobre los candidatos. Por lo tanto, es capital aprender a tener cuidado de nuestra imagen en la Red, en funci\u00f3n de lo que decimos, compartimos y\/o colgamos, y utilizarlo en beneficio propio, y tener claro qu\u00e9 imagen queremos dar de nosotros mismos. Herramientas como <a href=\"https:\/\/www.linkedin.com\/\" target=\"_blank\" rel=\"noopener\">Linkedin<\/a>, <a href=\"http:\/\/cuvitt.talentkey.io\/\" target=\"_blank\" rel=\"noopener\">Smart Profile<\/a>, <a href=\"https:\/\/about.me\/\" target=\"_blank\" rel=\"noopener\">About.me<\/a>, etc. permiten gestionar esta identidad digital de manera adecuada.<\/p>\n<p>A continuaci\u00f3n, podr\u00e9is ver un v\u00eddeo sobre la actitud digital:<\/p>\n<p><a href=\"http:\/\/materials.cv.uoc.edu\/cdocent\/pid_00236366\/\" target=\"_blank\" rel=\"noopener\">http:\/\/materials.cv.uoc.edu\/cdocent\/pid_00236366\/<\/a><\/p>\n<figure id=\"attachment_62\" aria-describedby=\"caption-attachment-62\" style=\"width: 780px\" class=\"wp-caption alignnone\"><img loading=\"lazy\" class=\"wp-image-62 size-full\" src=\"\/wp-content\/uploads\/sites\/6\/2018\/12\/02532_m8.jpg\" alt=\"\" width=\"780\" height=\"577\" srcset=\"\/wp-content\/uploads\/sites\/6\/2018\/12\/02532_m8.jpg 780w, \/wp-content\/uploads\/sites\/6\/2018\/12\/02532_m8-300x222.jpg 300w, \/wp-content\/uploads\/sites\/6\/2018\/12\/02532_m8-768x568.jpg 768w\" sizes=\"(max-width: 780px) 100vw, 780px\" \/><figcaption id=\"caption-attachment-62\" class=\"wp-caption-text\">Fuente: <a href=\"http:\/\/bid.ub.edu\/24\/giones2.htm\" target=\"_blank\" rel=\"noopener\">http:\/\/bid.ub.edu\/24\/giones2.htm<\/a><\/figcaption><\/figure>\n<p>La aplicaci\u00f3n de las TIC en los entornos laborales entra plenamente en este apartado, puesto que ofrecen varias posibilidades en cuanto al ahorro de tiempo, compartici\u00f3n de conocimientos (gesti\u00f3n del conocimiento en la empresa), productividad, etc., con potentes herramientas de trabajo en equipo y de comunicaci\u00f3n (intranets,herramientas a la nube, etc).<\/p>\n<p>En este sentido, el <a href=\"javascript:void(0);\" class=\"tooltip\" data-toggle=\"popover\" data-placement=\"bottom\" data-content=\"Para conocer los beneficios sobre el teletrabajo, pod\u00e9is visitar el enlace <a href='https:\/\/www.uoc.edu\/portal\/ca\/news\/actualitat\/2016\/136-teletreball.html' target='_blank'>https:\/\/www.uoc.edu\/portal\/ca\/news\/actualitat\/2016\/136-teletreball.html<\/a>.\" data-placement=\"top\" data-html=\"true\" >teletrabajo<\/a> ser\u00eda el m\u00e1ximo exponente de esta aplicaci\u00f3n de las TIC en el entorno laboral, posibilitando trabajar desde casa o desde cualquier otro lugar donde haya conectividad sin desplazamientos al centro de trabajo, si el contexto laboral lo permite. Directamente relacionado con esto,\u00a0 la crisis de la Covid-19 ha obligado a diversas empresas y organizaciones ha instaurar el teletrabajo, comportando cambios en las maneras de trabajar con todas las implicaciones que conlleva, especialmente en lo referente a la reorganizaci\u00f3n del tiempo y de los h\u00e1bitos laborales para conciliarlos con la vida personal. Pod\u00e9is consultar este informe elaborado por Eurofound, con datos sobre el impacto de la Covid-19 en la vida y el trabajo a nivel europeo: <a href=\"https:\/\/www.eurofound.europa.eu\/sites\/default\/files\/ef_publication\/field_ef_document\/ef20059en.pdf\" target=\"_blank\" rel=\"noopener\">Living, working and Covid-19.<\/a><\/p>\n<p>De manera relacionada con el teletrabajo, conocer estas herramientas permite convertirse en <a href=\"http:\/\/www.eleconomista.es\/blogs\/empresamientos\/?p=548\" target=\"_blank\" rel=\"noopener\">trabajador-n\u00f3mada<\/a>, cuya definici\u00f3n podr\u00eda ser: aquel que, para aumentar la productividad, utiliza las TIC para poder flexibilizar la jornada laboral ya que, en un principio, el teletrabajo tendr\u00eda que permitir flexibilizar horarios e intensidades, el lugar f\u00edsico desde donde se ejerce el trabajo, etc. Desgraciadamente, el abuso de esta flexibilizaci\u00f3n est\u00e1 llevando a regular el <a href=\"https:\/\/cincodias.elpais.com\/cincodias\/2018\/10\/03\/midinero\/1538587470_050609.html\" target=\"_blank\" rel=\"noopener\">derecho del trabajador a la desconexi\u00f3n<\/a>, como ya se hace en otros pa\u00edses.<\/p>\n<p>Por su parte, los espacios de <a href=\"https:\/\/www.coworker.com\/lab\/what-is-coworking\/\" target=\"_blank\" rel=\"noopener\"><em>coworking<\/em><\/a> permiten deslocalizar nuestro espacio de trabajo y reducir costes laborales. En Catalu\u00f1a, contamos con asociaciones como <a href=\"https:\/\/www.coworker.com\/lab\/what-is-coworking\/\" target=\"_blank\" rel=\"noopener\">Cowocat<\/a>.<\/p>\n<p>En cuanto a la formaci\u00f3n, una atenci\u00f3n especial merece el denominado <strong><em>aprendizaje electr\u00f3nico<\/em><\/strong>, que aqu\u00ed entendemos como:<\/p>\n<blockquote><p>\u00ab[&#8230;] una modalidad de ense\u00f1anza y aprendizaje, que puede representar todo o una parte del modelo educativo en el que se aplica, que explota los medios y dispositivos electr\u00f3nicos para facilitar el acceso, la evoluci\u00f3n y la mejora de la calidad de la educaci\u00f3n y la formaci\u00f3n.\u00bb<\/p>\n<p>Sangr\u00e0 y otros (2011). <a href=\"http:\/\/openaccess.uoc.edu\/webapps\/o2\/bitstream\/10609\/10541\/6\/inf_ed_cast.pdf\" target=\"_blank\" rel=\"noopener\">http:\/\/openaccess.uoc.edu\/webapps\/o2\/bitstream\/10609\/10541\/6\/inf_ed_cast.pdf<\/a><\/p><\/blockquote>\n<p>As\u00ed pues, la aplicaci\u00f3n de la tecnolog\u00eda en los procesos educativos, ya sea introduciendo hardware, software e internet en las aulas, ya sea de manera completamente virtual, utilizando solo medios electr\u00f3nicos e internet, es otro de los campos donde la exclusi\u00f3n digital puede hacerse social si no se dispone de conexi\u00f3n ni de las competencias digitales adecuadas, como se ha evidenciado durante el primer confinamiento a ra\u00edz del Covid-19.<\/p>\n<p>En un primer nivel de aprendizaje electr\u00f3nico, encontramos la implantaci\u00f3n de hardware, software y alta conectividad en las aulas escolares como paso previo para la familiarizaci\u00f3n de los j\u00f3venes con las herramientas inform\u00e1ticas. Aunque necesaria, esta medida no es suficiente. Las iniciativas tienen que contemplar, en este sentido, tambi\u00e9n la capacitaci\u00f3n <a href=\"javascript:void(0);\" class=\"tooltip\" data-toggle=\"popover\" data-placement=\"bottom\" data-content=\"El enlace <a href='http:\/\/aprende.intef.es\/sites\/default\/files\/2018-05\/2017_1020_marco-com%C3%Bando-de-Competencia-Digital-Docente.pdf' target='_blank'>http:\/\/aprende.intef.es\/sites\/default\/files\/2018-05\/2017_1020_marco-com%C3%Bando-de-Competencia-Digital-Docente.pdf<\/a> expone las competencias digitales de los docentes.<br>El enlace <a href='http:\/\/ensenyament.gencat.cat\/web\/.contento\/hombre\/departamento\/publicaciones\/monograf\u00edas\/competencia-digital-docente\/competencia-digital-docente.pdf' target='_blank'>http:\/\/ensenyament.gencat.cat\/web\/.contento\/hombre\/departamento\/publicaciones\/monograf\u00edas\/competencia-digital-docente\/competencia-digital-docente.pdf<\/a> de la Generalitat.\" data-placement=\"top\" data-html=\"true\" >de los profesionales de la educaci\u00f3n social<\/a>: hace falta tambi\u00e9n que ense\u00f1en a saber hacer y a querer hacer, y siempre de manera cr\u00edtica; los estudiantes (ya en las primeras etapas de la formaci\u00f3n) tendr\u00edan que aprender a usar un ordenador y los programas que necesiten, pero, m\u00e1s all\u00e1 del uso instrumental, tambi\u00e9n se tendr\u00edan que adquirir otras competencias relacionadas, como saber buscar, seleccionar y gestionar la informaci\u00f3n de manera efectiva, saber comunicarse adecuadamente en la Red, saber planificarse y organizarse, etc.<\/p>\n<p>Por su parte, <a href=\"javascript:void(0);\" class=\"tooltip\" data-toggle=\"popover\" data-placement=\"bottom\" data-content=\"<b>Ejemplos de formaci\u00f3n en l\u00ednia<\/b>: <a href='https:\/\/www.uoc.edu\/portal\/ca\/index.html' target='_blank'> UOC <\/a>, <a href='https:\/\/fp.uoc.fje.edu\/' target='_blank'> formaci\u00f3n profesional<\/a> o secundaria, <a href='https:\/\/ioc.xtec.cat\/educacio\/' target='_blank'> bachillerato y\/u otros ciclos formativos<\/a>.\" data-placement=\"top\" data-html=\"true\" >la formaci\u00f3 totalment en l\u00ednia<\/a> proporciona flexibilidad de horarios, superando barreras espaciales y temporales, posibilitando una personalizaci\u00f3n de los aprendizajes y m\u00e1s agilidad para poder actualizar los contenidos. Actualmente, gracias a todas las herramientas web 2.0 y a toda la evoluci\u00f3n tecnol\u00f3gica, tambi\u00e9n permite m\u00e1s interactividad y colaboraci\u00f3n, y, a la vez, facilita el trabajo y desarrollo de las competencias digitales. Ahora bien, es cierto que tambi\u00e9n requiere m\u00e1s autonom\u00eda por parte del estudiante, capacidad de organizaci\u00f3n, fuerza de voluntad y un cierto dominio y\/o tiempo para habituarse a las herramientas y a los procesos que implica, como el hecho de gestionar vol\u00famenes importantes de informaci\u00f3n y de trabajar sin contacto f\u00edsico con equipo docente y compa\u00f1eros, algo a lo que muchos colectivos no est\u00e1n acostumbrados. Por este motivo, el porcentaje de abandono de los cursos en l\u00ednea es mayor que en los entornos presenciales.<\/p>\n<p>Durante el primer confinamiento a ra\u00edz de la pandemia de la Covid-19, la suspensi\u00f3n de las clases presenciales oblig\u00f3 a toda la comunidad educativa a realizar una adaptaci\u00f3n digital acelerada, pasando toda su actividad al entorno virtual. Fruto de esa situaci\u00f3n han surgido diferentes iniciativas para proporcionar recursos y facilitar esta adaptaci\u00f3n. Por ejemplo,\u00a0<a href=\"https:\/\/www.educacionyfp.gob.es\/destacados\/covid19\/recursos.html\" target=\"_blank\" rel=\"noopener\">estos recursos de ense\u00f1anza aprenendizaje del Ministerio de Educaci\u00f3n del Estado Espa\u00f1ol<\/a>,\u00a0 <a href=\"https:\/\/en.unesco.org\/covid19\/educationresponse\/solutions\" target=\"_blank\" rel=\"noopener\">los ofrecidos por la UNESCO<\/a>\u00a0 o <a href=\"https:\/\/ec.europa.eu\/education\/resources-and-tools\/coronavirus-online-learning-resources_es\" target=\"_blank\" rel=\"noopener\">los aportados por la Comisi\u00f3n Europea.<\/a><\/p>\n<p>El \u00e1mbito de la educaci\u00f3n no formal tambi\u00e9n se vio igual de afectado, como las formaciones de capacitaci\u00f3n digital, ocupacionales, etc, y que tambi\u00e9n tuvieron que reinventarse para poder continuar con su actividad de manera virtual. Por ejemplo, los <a href=\"https:\/\/xarxaomnia.gencat.cat\/recursos\" target=\"_blank\" rel=\"noopener\">Punts \u00d2mnia.<\/a><\/p>\n<p>En un contexto educativo m\u00e1s informal, la existencia de los <a href=\"https:\/\/epthinktank.eu\/2013\/10\/01\/open-education-oer-ocw-and-moocs\/\" target=\"_blank\" rel=\"noopener\">MOOC (<em>Massive Open Online Courses<\/em>), los OCW (<em>Open Course Ware<\/em>) y los OER (<em>Open Educational Resources<\/em>)<\/a> han sido un paso importante en cuanto a la democratizaci\u00f3n del conocimiento, ofreciendo formaciones y contenidos de manera gratuita y abierta a todo el mundo a trav\u00e9s de la red. Por eso es importante, desde la inclusi\u00f3n electr\u00f3nica, facilitar todos estos recursos formativos que hoy d\u00eda se tienen al alcance y dar las herramientas necesarias para que se puedan beneficiar de las mismas a trav\u00e9s de una adecuada capacitaci\u00f3n digital.<\/p>\n","protected":false},"excerpt":{"rendered":"<p>El \u00e1mbito laboral es seguramente uno de los usos donde m\u00e1s claramente se plasma la exclusi\u00f3n social derivada de la exclusi\u00f3n digital. Actualmente, el conocimiento de las t\u00e9cnicas de investigaci\u00f3n de trabajo a trav\u00e9s de internet, y el uso de la tecnolog\u00eda en cualquier trabajo, son necesarios para tener posibilidades de ocupabilidad y, por lo [&hellip;]<\/p>\n","protected":false},"author":1,"featured_media":0,"parent":0,"menu_order":0,"comment_status":"closed","ping_status":"closed","template":"","meta":[],"_links":{"self":[{"href":"http:\/\/dinamitzacio-social-digital-test.recursos.uoc.edu\/contextos-exclusio\/es\/wp-json\/wp\/v2\/pages\/295"}],"collection":[{"href":"http:\/\/dinamitzacio-social-digital-test.recursos.uoc.edu\/contextos-exclusio\/es\/wp-json\/wp\/v2\/pages"}],"about":[{"href":"http:\/\/dinamitzacio-social-digital-test.recursos.uoc.edu\/contextos-exclusio\/es\/wp-json\/wp\/v2\/types\/page"}],"author":[{"embeddable":true,"href":"http:\/\/dinamitzacio-social-digital-test.recursos.uoc.edu\/contextos-exclusio\/es\/wp-json\/wp\/v2\/users\/1"}],"replies":[{"embeddable":true,"href":"http:\/\/dinamitzacio-social-digital-test.recursos.uoc.edu\/contextos-exclusio\/es\/wp-json\/wp\/v2\/comments?post=295"}],"version-history":[{"count":17,"href":"http:\/\/dinamitzacio-social-digital-test.recursos.uoc.edu\/contextos-exclusio\/es\/wp-json\/wp\/v2\/pages\/295\/revisions"}],"predecessor-version":[{"id":887,"href":"http:\/\/dinamitzacio-social-digital-test.recursos.uoc.edu\/contextos-exclusio\/es\/wp-json\/wp\/v2\/pages\/295\/revisions\/887"}],"wp:attachment":[{"href":"http:\/\/dinamitzacio-social-digital-test.recursos.uoc.edu\/contextos-exclusio\/es\/wp-json\/wp\/v2\/media?parent=295"}],"curies":[{"name":"wp","href":"https:\/\/api.w.org\/{rel}","templated":true}]}}