{"id":302,"date":"2018-12-24T11:07:25","date_gmt":"2018-12-24T09:07:25","guid":{"rendered":"http:\/\/dinamitzacio-social-digital-test.recursos.uoc.edu\/contextos-exclusio\/?page_id=302"},"modified":"2021-01-26T11:20:38","modified_gmt":"2021-01-26T09:20:38","slug":"2-2-4-tramites","status":"publish","type":"page","link":"http:\/\/dinamitzacio-social-digital-test.recursos.uoc.edu\/contextos-exclusio\/es\/2-2-4-tramites\/","title":{"rendered":"2.2.4. Tr\u00e1mites"},"content":{"rendered":"<p>Saber hacer tr\u00e1mites con las administraciones, bancos y acceder a sus servicios, as\u00ed como a los de las empresas, empieza a formar parte de las competencias b\u00e1sicas de todo ciudadano. En pocos a\u00f1os, nuestras relaciones con entidades y empresas pasar\u00e1n necesariamente por internet, y quienes no sepan hacerlo, tendr\u00e1n una desventaja social que puede favorecer la exclusi\u00f3n.<\/p>\n<p><strong>Comercio electr\u00f3nico<\/strong><\/p>\n<p>Uno de los aspectos que se ha disparado en los \u00faltimos a\u00f1os es el <strong>comercio en l\u00ednea, <\/strong>especialmente durante el estado de alarma a ra\u00edz de la Covid-19. Parecen superados los problemas de hace unos a\u00f1os, por los cuales la gente no se animaba a comprar por internet debido a conexiones deficientes, dise\u00f1os deficientes de las webs y, sobre todo, desconfianza de los usuarios por problemas de seguridad no garantizada. Seg\u00fan los datos facilitados por el ONTSI, en el 2019 las ventas electr\u00f3nicas superaron por primera vez los 50.000 millones de euros, con un crecimiento d eun 210% en los \u00faltimos 5 a\u00f1os. A pesar de que todav\u00eda persisten algunos de ellos en menor medida, la evoluci\u00f3n tecnol\u00f3gica ha aportado muchas mejoras en este sentido, de modo que el porcentaje de personas que consumen en l\u00ednea y la facturaci\u00f3n se supera a\u00f1o tras a\u00f1o. Entre sus ventajas, permite acceder a un mayor cat\u00e1logo de productos y, en algunos casos, a precios m\u00e1s ventajosos que la presencial.<\/p>\n<figure id=\"attachment_851\" aria-describedby=\"caption-attachment-851\" style=\"width: 868px\" class=\"wp-caption alignnone\"><img loading=\"lazy\" class=\"wp-image-851 size-full\" src=\"\/wp-content\/uploads\/sites\/6\/2021\/01\/Captura-de-pantalla-2021-01-26-a-les-9.51.14.png\" alt=\"\" width=\"868\" height=\"744\" srcset=\"\/wp-content\/uploads\/sites\/6\/2021\/01\/Captura-de-pantalla-2021-01-26-a-les-9.51.14.png 868w, \/wp-content\/uploads\/sites\/6\/2021\/01\/Captura-de-pantalla-2021-01-26-a-les-9.51.14-300x257.png 300w, \/wp-content\/uploads\/sites\/6\/2021\/01\/Captura-de-pantalla-2021-01-26-a-les-9.51.14-768x658.png 768w\" sizes=\"(max-width: 868px) 100vw, 868px\" \/><figcaption id=\"caption-attachment-851\" class=\"wp-caption-text\">Fuente: Encuesta <em>online<\/em> de comercio electr\u00f3nico, ONTSI. Disponible en https:\/\/www.ontsi.red.es\/sites\/ontsi\/files\/2020-11\/B2C2019_Ed2020_0.pdf (\u00abEl comercio electr\u00f3nico B2C en Espa\u00f1a 2019\u00bb)<\/figcaption><\/figure>\n<p>Para personas con problemas de movilidad, o bien personas que viven en lugares aislados, puede suponer m\u00e1s comodidad y, por lo tanto, una mejor calidad de vida. Por el contrario, el hecho de no poder \u00abtocar\u00bb los productos, verlos <em>in situ<\/em> o el contacto con el vendedor, tambi\u00e9n puede provocar que muchas personas se decanten m\u00e1s hacia las compras tradicionales. En cualquier caso, desde la inclusi\u00f3n electr\u00f3nica, es importante facilitar las herramientas y competencias necesarias para que todo el mundo pueda beneficiarse de las mismas.<\/p>\n<p>En este sentido, el proceso de compra electr\u00f3nica es una acci\u00f3n compleja que incluye una secuencia de conocimientos m\u00e1s peque\u00f1os, y entender una serie de conceptos como por ejemplo:<\/p>\n<ul>\n<li><strong>Identificaci\u00f3n digital.<\/strong> Todas las p\u00e1ginas de compras exigen un registro previo o llenar un formulario en l\u00ednea con datos que incluyen como m\u00ednimo un nombre de usuario y\/o correo electr\u00f3nico donde consultar el estado de la compra y un n\u00famero de tarjeta donde cargar la compra. Si es una p\u00e1gina de registro para futuras compras, se incluir\u00e1 la creaci\u00f3n de una contrase\u00f1a. Saber moverse en formularios en l\u00ednea con todos estos datos formar\u00e1 parte de la inclusi\u00f3n electr\u00f3nica b\u00e1sica.<\/li>\n<li><strong>Transacci\u00f3n electr\u00f3nica.<\/strong> Tambi\u00e9n habr\u00e1 que entender este concepto. El banco de referencia deber\u00e1 autorizar el uso de la tarjeta a trav\u00e9s de claves y contrase\u00f1as diversas. Cada vez es m\u00e1s sencillo y seguro hacerlo a trav\u00e9s del tel\u00e9fono inteligente o el PC, pero hace falta un entrenamiento al respecto y tomar las medidas necesarias para hacerlo con seguridad.<\/li>\n<li><strong>Compra segura.<\/strong> Algo en lo que se fall\u00f3 hace unos a\u00f1os. Se tiene que generar confianza en el consumidor. La inclusi\u00f3n electr\u00f3nica deber\u00eda obligar al usuario a preguntarse si la web de compra es fiable con cuestiones como: \u00bfutiliza protocolos de seguridad (https, candado, etc.)? \u00bfEs una web conocida? \u00bfLa direcci\u00f3n electr\u00f3nica parece la oficial? \u00bfHay una direcci\u00f3n f\u00edsica o tel\u00e9fono donde dirigirse en caso de problemas? \u00bfAlguien conocido ha comprado all\u00ed antes? \u00bfExiste la posibilidad de utilizar intermediarios que evitan dar mis datos continuamente (tipo Paypal)?<\/li>\n<li><strong>Uso del correo.<\/strong> Normalmente, el medio de comunicaci\u00f3n con la empresa de compra se hace a trav\u00e9s del correo. El usuario\/a deber\u00e1 estar entrenado en su uso para hacer seguimiento o reclamaciones.<\/li>\n<\/ul>\n<p>En el plano negativo, el comercio electr\u00f3nico tiene una gran afectaci\u00f3n en el peque\u00f1o comercio de proximidad, que frecuentemente no puede hacer frente a la competencia de las tiendas en l\u00ednea. Por lo tanto, se produce un efecto negativo en los barrios, que tienen que cerrar paradas y expulsar a peque\u00f1o tenderos que hasta ahora se ganaban la vida de forma tradicional. Para algunos de estos, conocer los procesos de comercio electr\u00f3nico puede suponer no solo sobrevivir sino ampliar mercado, con el l\u00edmite de los millones de personas que usan internet en el planeta. En este caso, formar y empoderar a los peque\u00f1os comerciantes para que se adapten a las necesidades y demandas de la sociedad digital a trav\u00e9s de herramientas en l\u00ednea (planes de comunicaci\u00f3n en l\u00ednea, plataformas de venta, etc.) puede suponer una mejora tanto individual como comunitaria.<\/p>\n<p><strong>Administraci\u00f3n electr\u00f3nica<\/strong><\/p>\n<p>En cuanto a los tr\u00e1mites administrativos, la ley ya obliga a que la ciudadan\u00eda se pueda dirigir a la Administraci\u00f3n por internet, sin tener que desplazarse. As\u00ed, los ciudadanos deber\u00edan tener acceso normalizado a sus administraciones por internet; es decir, la posibilidad de hacer tr\u00e1mites, comunicarse y obtener informaci\u00f3n. Aprender a relacionarnos en l\u00ednea con la Administraci\u00f3n deber\u00eda formar parte de las competencias digitales b\u00e1sicas que la ciudadan\u00eda necesita tener.<\/p>\n<p>Los beneficios de la Administraci\u00f3n electr\u00f3nica seg\u00fan <a href=\"https:\/\/www.aoc.cat\/knowledge-base\/1-2-que-es-ladministracio-electronica-2\/\" target=\"_blank\" rel=\"noopener\">el Consorcio de Administraci\u00f3n Electr\u00f3nica de Catalu\u00f1a<\/a> son:<\/p>\n<ol start=\"2\">\n<li>Para la ciudadan\u00eda:\n<ul>\n<li>Accesibilidad a los servicios p\u00fablicos 24 horas, los 7 d\u00edas de la semana.<\/li>\n<li>Simplicidad en las tramitaciones con la Administraci\u00f3n.<\/li>\n<li>Rapidez y agilidad en la obtenci\u00f3n del servicio requerido.<\/li>\n<li>Eliminaci\u00f3n de la necesidad de desplazarse f\u00edsicamente a la Administraci\u00f3n, evitando colas y ahorrando tiempo.<\/li>\n<li>Aplicaci\u00f3n de principios b\u00e1sicos de cariz social: no exclusi\u00f3n, facilitaci\u00f3n del acceso a las nuevas tecnolog\u00edas, etc.<\/li>\n<\/ul>\n<\/li>\n<li>Para las administraciones:\n<ul>\n<li>Mejora del servicio y, por lo tanto, de la imagen de la Administraci\u00f3n.<\/li>\n<li>Mejora de la eficiencia interna.<\/li>\n<li>Integraci\u00f3n de los diferentes canales de prestaci\u00f3n.<\/li>\n<li>Fomento del uso generalizado de las nuevas tecnolog\u00edas.<\/li>\n<li>Generaci\u00f3n de fuertes econom\u00edas de escala (coste de transacci\u00f3n m\u00e1s bajo).<\/li>\n<li>Profundo impulso de la transformaci\u00f3n de la Administraci\u00f3n.<\/li>\n<\/ul>\n<\/li>\n<\/ol>\n<p>La base de esta relaci\u00f3n es la certificaci\u00f3n digital a trav\u00e9s de la firma digital. Por lo tanto, aprender c\u00f3mo hacerse con esta firma y c\u00f3mo usarla formar\u00e1 parte, en breve, de las competencias b\u00e1sicas, y no conocerlas puede ser motivo de exclusi\u00f3n digital.<\/p>\n<p>Actualmente, este tr\u00e1mite no es nada sencillo para personas con un nivel b\u00e1sico, e incluso para personas iniciadas. Adem\u00e1s, actualmente conviven diferentes certificados y, aunque los procesos para sacarla son parecidos, no resultan f\u00e1ciles. Sin embargo, la Administraci\u00f3n lleva bastante de retraso en la implementaci\u00f3n de tr\u00e1mites, debido en parte a la crisis y a la complejidad de cambiar procesos ahora presenciales. El propio funcionariado tiene que recibir capacitaci\u00f3n, y se prev\u00e9 que ser\u00e1 necesario ampliar las plantillas para atender a un posible aumento de tr\u00e1mites por esta v\u00eda.<\/p>\n<p>Algunos ejemplos de certificados actuales son:<\/p>\n<ul>\n<li><a href=\"https:\/\/www.sede.fnmt.gob.es\/certificados\/persona-fisica\/obtener-certificado-software\" target=\"_blank\" rel=\"noopener\"><strong>Firma digital de la F\u00e1brica Nacional de Moneda y Timbre (FNMT)<\/strong><strong>.<\/strong><\/a> El procedimiento, como todos, requiere la identificaci\u00f3n f\u00edsica con cita previa en una oficina de registro e instalaci\u00f3n posterior al dispositivo del usuario, que hay que adaptar previamente. Algo que requiere cierta destreza en el uso del PC.<\/li>\n<li><a href=\"https:\/\/www.dnielectronico.es\/portaldnie\/\" target=\"_blank\" rel=\"noopener\"><strong>DNI digital<\/strong><\/a>. En este caso, la dificultad viene derivada del hecho de que requiere un lector de DNI electr\u00f3nico y la adaptaci\u00f3n de nuestro aparato.<\/li>\n<li><a href=\"https:\/\/www.idcat.cat\/idcat\/ciutada\/menu.do\" target=\"_blank\" rel=\"noopener\"><strong>IDCAT<\/strong><\/a>. Se trata de una certificaci\u00f3n de la Generalitat de Catalu\u00f1a para determinados tr\u00e1mites. Sigue m\u00e1s o menos los mismos par\u00e1metros de uso que los anteriores, aunque hay una opci\u00f3n m\u00e1s sencilla y que no requiere presencialidad inicial, y que se hace a trav\u00e9s del <a href=\"https:\/\/idcatmobil.seu.cat\/\" target=\"_blank\" rel=\"noopener\">tel\u00e9fono inteligente<\/a>, no v\u00e1lida para todas las certificaciones.<\/li>\n<\/ul>\n<p>Algunas herramientas TIC de la Administraci\u00f3n electr\u00f3nica son los portales ciudadanos; las intranets para mejorar la gesti\u00f3n interna; los sistemas automatizados de atenci\u00f3n al ciudadano (que permiten saber en qu\u00e9 punto se encuentra un tr\u00e1mite, por ejemplo); la mensajer\u00eda automatizada (el env\u00edo al usuario de SMS de la Administraci\u00f3n); los sistemas de participaci\u00f3n ciudadana (voto electr\u00f3nico); la gesti\u00f3n de quejas en l\u00ednea, etc.<\/p>\n<p>En algunos casos, empieza a ser obligatorio el uso de herramientas TIC para relacionarse (por ejemplo, para empresas y entidades a la hora de facturar).<\/p>\n<p><strong>Salud electr\u00f3nica<\/strong><\/p>\n<p>Queremos prestar especial atenci\u00f3n a este punto relacionado con los tr\u00e1mites en la salud electr\u00f3nica, uno de los campos donde m\u00e1s se est\u00e1 avanzando gracias a los diferentes productos y servicios que se est\u00e1n desarrollando, y que ha visto incrementado su uso debido a la Covid-19. Se trata del conjunto de herramientas tecnol\u00f3gicas que se usan en el entorno sanitario en lo que respecta a prevenci\u00f3n, diagn\u00f3stico, tratamiento y seguimiento de los usuarios, incluyendo las de gesti\u00f3n sanitaria, que mejoran la eficiencia del sistema sanitario. Entre ellas, podemos encontrar <a href=\"javascript:void(0);\" class=\"tooltip\" data-toggle=\"popover\" data-placement=\"bottom\" data-content=\"<b>Ejemplo<\/b>: En el enlace <a href='https:\/\/www.upf.edu\/web\/medicina_comunicacio\/app-junts' target='_blank'> https:\/\/www.upf.edu\/web\/medicina_comunicacio\/app-junts<\/a> encontrar\u00e9is un ejemplo de una aplicaci\u00f3n para seguimiento de familias de ni\u00f1os con enfermedades raras.\" data-placement=\"top\" data-html=\"true\" >aplicaciones m\u00f3viles<\/a>, la telemedicina (con apoyo de videoconferencias), los dispositivos <em>wearables<\/em> (por la monitorizaci\u00f3n que se integra en ropa y accesorios), los sistemas de apoyo a la decisi\u00f3n cl\u00ednica, etc.<\/p>\n<p>Actualmente, entre las operaciones m\u00e1s habituales, encontramos pedir hora al m\u00e9dico a trav\u00e9s de la web, y buscar informaci\u00f3n en la Red sobre alguna enfermedad o dolencia, este \u00faltimo un tema especialmente importante puesto que, como hemos comentado en apartados anteriores, ante la cantidad de informaci\u00f3n existente, y a veces el poco conocimiento que se puede tener sobre la misma, demanda especialmente competencias respecto a saber d\u00f3nde buscar y encontrar informaci\u00f3n fiable sobre estos temas, para evitar posibles problemas derivados de una mala informaci\u00f3n, especialmente en tiempos de pandemia, como la automedicaci\u00f3n, tratamientos inadecuados, etc. Por ejemplo, en Catalunya en concreto encontramos el portal <a href=\"https:\/\/canalsalut.gencat.cat\/ca\/salut-a-z\/c\/coronavirus-2019-ncov\/ciutadania\/index.html#googtrans(ca|es)\" target=\"_blank\" rel=\"noopener\">Canal Salut<\/a>, con informaci\u00f3n espec\u00edfica sobre la Covid-19, y el espacio <a href=\"https:\/\/lamevasalut.gencat.cat\/web\/cps\/welcome\" target=\"_blank\" rel=\"noopener\">La meva Salut,<\/a> para poder realizar diferentes tr\u00e1mites relacionados con la salud.<\/p>\n<p>En un futuro no muy lejano, otras operaciones como saber utilizar la videoconferencia para que el m\u00e9dico pueda hacer un diagn\u00f3stico o controlar los dispositivos de monitorizaci\u00f3n que est\u00e9n implantados en el cuerpo tambi\u00e9n formar\u00e1n parte de las competencias digitales necesarias.<\/p>\n<p>La <a href=\"javascript:void(0);\" class=\"tooltip\" data-toggle=\"popover\" data-placement=\"bottom\" data-content=\"En el enlace <a href='http:\/\/www.who.int\/healthpromotion\/conferences\/9gchp\/health-literacy\/en\/' target='_blank'>http:\/\/www.who.int\/healthpromotion\/conferences\/9gchp\/health-literacy\/en\/<\/a> encontrar\u00e9is la Declaraci\u00f3n de Principios sobre la Alfabetizaci\u00f3n en Salud de la OMS.\" data-placement=\"top\" data-html=\"true\" >Organizaci\u00f3n Mundial de la Salud<\/a> da apoyo a las iniciativas, que ayudan a empoderar a la ciudadan\u00eda respecto a la comprensi\u00f3n de estas tecnolog\u00edas para la mejora de la salud. en este sentido, tambi\u00e9n encontramos la iniciativa <a href=\"https:\/\/www.uoc.edu\/portal\/es\/ehealth-center\/index.html\" target=\"_blank\" rel=\"noopener\">eHealthCenter,<\/a> impulsada por la UOC, que quiere ser un centro acad\u00e9mico para capacitar a la ciudadan\u00eda y a los\/las profesionales para que puedan liderar este cambio de paradigma en salud.<\/p>\n","protected":false},"excerpt":{"rendered":"<p>Saber hacer tr\u00e1mites con las administraciones, bancos y acceder a sus servicios, as\u00ed como a los de las empresas, empieza a formar parte de las competencias b\u00e1sicas de todo ciudadano. En pocos a\u00f1os, nuestras relaciones con entidades y empresas pasar\u00e1n necesariamente por internet, y quienes no sepan hacerlo, tendr\u00e1n una desventaja social que puede favorecer [&hellip;]<\/p>\n","protected":false},"author":1,"featured_media":0,"parent":0,"menu_order":0,"comment_status":"closed","ping_status":"closed","template":"","meta":[],"_links":{"self":[{"href":"http:\/\/dinamitzacio-social-digital-test.recursos.uoc.edu\/contextos-exclusio\/es\/wp-json\/wp\/v2\/pages\/302"}],"collection":[{"href":"http:\/\/dinamitzacio-social-digital-test.recursos.uoc.edu\/contextos-exclusio\/es\/wp-json\/wp\/v2\/pages"}],"about":[{"href":"http:\/\/dinamitzacio-social-digital-test.recursos.uoc.edu\/contextos-exclusio\/es\/wp-json\/wp\/v2\/types\/page"}],"author":[{"embeddable":true,"href":"http:\/\/dinamitzacio-social-digital-test.recursos.uoc.edu\/contextos-exclusio\/es\/wp-json\/wp\/v2\/users\/1"}],"replies":[{"embeddable":true,"href":"http:\/\/dinamitzacio-social-digital-test.recursos.uoc.edu\/contextos-exclusio\/es\/wp-json\/wp\/v2\/comments?post=302"}],"version-history":[{"count":7,"href":"http:\/\/dinamitzacio-social-digital-test.recursos.uoc.edu\/contextos-exclusio\/es\/wp-json\/wp\/v2\/pages\/302\/revisions"}],"predecessor-version":[{"id":853,"href":"http:\/\/dinamitzacio-social-digital-test.recursos.uoc.edu\/contextos-exclusio\/es\/wp-json\/wp\/v2\/pages\/302\/revisions\/853"}],"wp:attachment":[{"href":"http:\/\/dinamitzacio-social-digital-test.recursos.uoc.edu\/contextos-exclusio\/es\/wp-json\/wp\/v2\/media?parent=302"}],"curies":[{"name":"wp","href":"https:\/\/api.w.org\/{rel}","templated":true}]}}