{"id":324,"date":"2018-12-24T12:35:49","date_gmt":"2018-12-24T10:35:49","guid":{"rendered":"http:\/\/dinamitzacio-social-digital-test.recursos.uoc.edu\/contextos-exclusio\/?page_id=324"},"modified":"2018-12-24T12:35:49","modified_gmt":"2018-12-24T10:35:49","slug":"2-4-1-introduccion","status":"publish","type":"page","link":"http:\/\/dinamitzacio-social-digital-test.recursos.uoc.edu\/contextos-exclusio\/es\/2-4-1-introduccion\/","title":{"rendered":"2.4.1. Introducci\u00f3n"},"content":{"rendered":"<p>En este apartado, nos centraremos en una sociedad con usos de internet muy consolidados y en continua evoluci\u00f3n digital (como por ejemplo la catalana, la espa\u00f1ola o la europea en general), y no tanto en zonas del planeta en las cuales est\u00e1n empezando a desarrollarse. Veremos los grupos sociales que, por sus caracter\u00edsticas, son especialmente vulnerables frente a la exclusi\u00f3n digital y por lo tanto, potenciales para nuestra acci\u00f3n profesional. A pesar de que hay que tener en cuenta que cualquier persona es susceptible de caer en la exclusi\u00f3n digital, especialmente si pasa tiempo sin tener contacto con la tecnolog\u00eda, puesto que esta avanza a una velocidad tal que incluso es dif\u00edcil determinar de manera estable cu\u00e1les son los conocimientos b\u00e1sicos m\u00ednimos.<\/p>\n","protected":false},"excerpt":{"rendered":"<p>En este apartado, nos centraremos en una sociedad con usos de internet muy consolidados y en continua evoluci\u00f3n digital (como por ejemplo la catalana, la espa\u00f1ola o la europea en general), y no tanto en zonas del planeta en las cuales est\u00e1n empezando a desarrollarse. Veremos los grupos sociales que, por sus caracter\u00edsticas, son especialmente [&hellip;]<\/p>\n","protected":false},"author":1,"featured_media":0,"parent":0,"menu_order":0,"comment_status":"closed","ping_status":"closed","template":"","meta":[],"_links":{"self":[{"href":"http:\/\/dinamitzacio-social-digital-test.recursos.uoc.edu\/contextos-exclusio\/es\/wp-json\/wp\/v2\/pages\/324"}],"collection":[{"href":"http:\/\/dinamitzacio-social-digital-test.recursos.uoc.edu\/contextos-exclusio\/es\/wp-json\/wp\/v2\/pages"}],"about":[{"href":"http:\/\/dinamitzacio-social-digital-test.recursos.uoc.edu\/contextos-exclusio\/es\/wp-json\/wp\/v2\/types\/page"}],"author":[{"embeddable":true,"href":"http:\/\/dinamitzacio-social-digital-test.recursos.uoc.edu\/contextos-exclusio\/es\/wp-json\/wp\/v2\/users\/1"}],"replies":[{"embeddable":true,"href":"http:\/\/dinamitzacio-social-digital-test.recursos.uoc.edu\/contextos-exclusio\/es\/wp-json\/wp\/v2\/comments?post=324"}],"version-history":[{"count":1,"href":"http:\/\/dinamitzacio-social-digital-test.recursos.uoc.edu\/contextos-exclusio\/es\/wp-json\/wp\/v2\/pages\/324\/revisions"}],"predecessor-version":[{"id":325,"href":"http:\/\/dinamitzacio-social-digital-test.recursos.uoc.edu\/contextos-exclusio\/es\/wp-json\/wp\/v2\/pages\/324\/revisions\/325"}],"wp:attachment":[{"href":"http:\/\/dinamitzacio-social-digital-test.recursos.uoc.edu\/contextos-exclusio\/es\/wp-json\/wp\/v2\/media?parent=324"}],"curies":[{"name":"wp","href":"https:\/\/api.w.org\/{rel}","templated":true}]}}