{"id":326,"date":"2018-12-24T12:38:16","date_gmt":"2018-12-24T10:38:16","guid":{"rendered":"http:\/\/dinamitzacio-social-digital-test.recursos.uoc.edu\/contextos-exclusio\/?page_id=326"},"modified":"2019-01-15T13:00:58","modified_gmt":"2019-01-15T11:00:58","slug":"2-4-2-personas-con-diversidad-funcional","status":"publish","type":"page","link":"http:\/\/dinamitzacio-social-digital-test.recursos.uoc.edu\/contextos-exclusio\/es\/2-4-2-personas-con-diversidad-funcional\/","title":{"rendered":"2.4.10. Personas del mundo gitano"},"content":{"rendered":"<p>Hay minor\u00edas \u00e9tnicas, como por ejemplo los gitanos, con algunas particularidades que hacen que se multipliquen las dificultades para que accedan a la formaci\u00f3n y las coloca en riesgo de exclusi\u00f3n digital:<\/p>\n<ul>\n<li>Una baja alfabetizaci\u00f3n funcional entre los adultos, superior al 25 %.<\/li>\n<li>Un nivel de absentismo escolar m\u00e1s alto del habitual.<\/li>\n<li>Un alto prejuicio social, basado en estereotipos.<\/li>\n<li>Una visi\u00f3n de la igualdad de g\u00e9nero todav\u00eda algo diferente a la del resto de la sociedad.<\/li>\n<li>Un nivel econ\u00f3mico generalmente m\u00e1s bajo que el resto.<\/li>\n<\/ul>\n<p>En esta situaci\u00f3n, hablar de inclusi\u00f3n electr\u00f3nica se hace complejo, sobre todo si se trata de una mujer adulta gitana.<\/p>\n<p>Y de nuevo, tambi\u00e9n, los beneficios pueden ser muchos:<\/p>\n<ul>\n<li>Aumento de la capacitaci\u00f3n laboral.<\/li>\n<li>Aumento de las posibilidades de mejorar el sentimiento de pertenencia grupal (mediante portales, foros, redes, etc.).<\/li>\n<li>Posibilidad de encontrar recursos que ayuden a mejorar el nivel de bienestar (trabajo, estudios, ayudas de entidades, etc.).<\/li>\n<\/ul>\n<p>La inclusi\u00f3n electr\u00f3nica tendr\u00e1 que valorar si hacerse segregada o no, y qu\u00e9 conocimientos impartir.<\/p>\n<div class=\"featured featured-grey\"><\/p>\n<h3>Punto Omnia Ga\u00f3 Kal\u00f3<\/h3>\n<p>En el enlace <a href=\"http:\/\/xarxaomnia.gencat.cat\/punt-omnia\/punt-mnia-ga-kal\" target=\"_blank\" rel=\"noopener\">http:\/\/xarxaomnia.gencat.cat\/punt-omnia\/punt-mnia-ga-kal<\/a> podr\u00e9is observar c\u00f3mo trabaja el Punto Omnia Ga\u00f3 Kal\u00f3 de Gracia.<\/p>\n<p>\n<\/div>\n","protected":false},"excerpt":{"rendered":"<p>Hay minor\u00edas \u00e9tnicas, como por ejemplo los gitanos, con algunas particularidades que hacen que se multipliquen las dificultades para que accedan a la formaci\u00f3n y las coloca en riesgo de exclusi\u00f3n digital: Una baja alfabetizaci\u00f3n funcional entre los adultos, superior al 25 %. Un nivel de absentismo escolar m\u00e1s alto del habitual. Un alto prejuicio [&hellip;]<\/p>\n","protected":false},"author":1,"featured_media":0,"parent":0,"menu_order":0,"comment_status":"closed","ping_status":"closed","template":"","meta":[],"_links":{"self":[{"href":"http:\/\/dinamitzacio-social-digital-test.recursos.uoc.edu\/contextos-exclusio\/es\/wp-json\/wp\/v2\/pages\/326"}],"collection":[{"href":"http:\/\/dinamitzacio-social-digital-test.recursos.uoc.edu\/contextos-exclusio\/es\/wp-json\/wp\/v2\/pages"}],"about":[{"href":"http:\/\/dinamitzacio-social-digital-test.recursos.uoc.edu\/contextos-exclusio\/es\/wp-json\/wp\/v2\/types\/page"}],"author":[{"embeddable":true,"href":"http:\/\/dinamitzacio-social-digital-test.recursos.uoc.edu\/contextos-exclusio\/es\/wp-json\/wp\/v2\/users\/1"}],"replies":[{"embeddable":true,"href":"http:\/\/dinamitzacio-social-digital-test.recursos.uoc.edu\/contextos-exclusio\/es\/wp-json\/wp\/v2\/comments?post=326"}],"version-history":[{"count":4,"href":"http:\/\/dinamitzacio-social-digital-test.recursos.uoc.edu\/contextos-exclusio\/es\/wp-json\/wp\/v2\/pages\/326\/revisions"}],"predecessor-version":[{"id":636,"href":"http:\/\/dinamitzacio-social-digital-test.recursos.uoc.edu\/contextos-exclusio\/es\/wp-json\/wp\/v2\/pages\/326\/revisions\/636"}],"wp:attachment":[{"href":"http:\/\/dinamitzacio-social-digital-test.recursos.uoc.edu\/contextos-exclusio\/es\/wp-json\/wp\/v2\/media?parent=326"}],"curies":[{"name":"wp","href":"https:\/\/api.w.org\/{rel}","templated":true}]}}