{"id":337,"date":"2018-12-24T13:01:32","date_gmt":"2018-12-24T11:01:32","guid":{"rendered":"http:\/\/dinamitzacio-social-digital-test.recursos.uoc.edu\/contextos-exclusio\/?page_id=337"},"modified":"2019-01-15T12:56:57","modified_gmt":"2019-01-15T10:56:57","slug":"2-4-4-adultos-55","status":"publish","type":"page","link":"http:\/\/dinamitzacio-social-digital-test.recursos.uoc.edu\/contextos-exclusio\/es\/2-4-4-adultos-55\/","title":{"rendered":"2.4.4. Adultos +55"},"content":{"rendered":"<p>Aqu\u00ed podemos encontrar a gente que en general tiene bastante disponibilidad de tiempo, ya sea por prejubilaciones o por tener menos cargas familiares (si exceptuamos a aquellos que denominamos <a href=\"https:\/\/www.elperiodico.com\/es\/sociedad\/20180523\/abuelos-canguros-esclavos-6834815\" target=\"_blank\" rel=\"noopener\"><strong>abuelos esclavos<\/strong><\/a>, un fen\u00f3meno nada extra\u00f1o). Esta abundancia de tiempo se puede traducir en inquietudes para aprender a usar los dispositivos digitales. Tambi\u00e9n, a veces, se trata de gente que se ha quedado atrasada digitalmente, al estar muy volcadas en sus trabajos, y ahora quieren reciclarse. Suelen ser usuarios potenciales de actividades formativas relacionadas con la capacitaci\u00f3n digital, ya sea en telecentros o en bibliotecas, con una alta motivaci\u00f3n y necesidades digitales.<\/p>\n<p>Una forma un poco diferente de implementar esta capacitaci\u00f3n digital pueden ser los <a href=\"https:\/\/www.citilab.eu\/projecte\/club-societat-de-l-aprenentatge-collaboratius\/\" target=\"_blank\" rel=\"noopener\">ciberclubs<\/a>, espacios donde los propios usuarios son los que deciden qu\u00e9 quieren aprender. En estos ciberclubs, la tarea del profesional consistir\u00e1 en un acompa\u00f1amiento, poniendo a disposici\u00f3n de los usuarios las herramientas para su autoaprendizaje.<\/p>\n","protected":false},"excerpt":{"rendered":"<p>Aqu\u00ed podemos encontrar a gente que en general tiene bastante disponibilidad de tiempo, ya sea por prejubilaciones o por tener menos cargas familiares (si exceptuamos a aquellos que denominamos abuelos esclavos, un fen\u00f3meno nada extra\u00f1o). Esta abundancia de tiempo se puede traducir en inquietudes para aprender a usar los dispositivos digitales. Tambi\u00e9n, a veces, se [&hellip;]<\/p>\n","protected":false},"author":1,"featured_media":0,"parent":0,"menu_order":0,"comment_status":"closed","ping_status":"closed","template":"","meta":[],"_links":{"self":[{"href":"http:\/\/dinamitzacio-social-digital-test.recursos.uoc.edu\/contextos-exclusio\/es\/wp-json\/wp\/v2\/pages\/337"}],"collection":[{"href":"http:\/\/dinamitzacio-social-digital-test.recursos.uoc.edu\/contextos-exclusio\/es\/wp-json\/wp\/v2\/pages"}],"about":[{"href":"http:\/\/dinamitzacio-social-digital-test.recursos.uoc.edu\/contextos-exclusio\/es\/wp-json\/wp\/v2\/types\/page"}],"author":[{"embeddable":true,"href":"http:\/\/dinamitzacio-social-digital-test.recursos.uoc.edu\/contextos-exclusio\/es\/wp-json\/wp\/v2\/users\/1"}],"replies":[{"embeddable":true,"href":"http:\/\/dinamitzacio-social-digital-test.recursos.uoc.edu\/contextos-exclusio\/es\/wp-json\/wp\/v2\/comments?post=337"}],"version-history":[{"count":2,"href":"http:\/\/dinamitzacio-social-digital-test.recursos.uoc.edu\/contextos-exclusio\/es\/wp-json\/wp\/v2\/pages\/337\/revisions"}],"predecessor-version":[{"id":633,"href":"http:\/\/dinamitzacio-social-digital-test.recursos.uoc.edu\/contextos-exclusio\/es\/wp-json\/wp\/v2\/pages\/337\/revisions\/633"}],"wp:attachment":[{"href":"http:\/\/dinamitzacio-social-digital-test.recursos.uoc.edu\/contextos-exclusio\/es\/wp-json\/wp\/v2\/media?parent=337"}],"curies":[{"name":"wp","href":"https:\/\/api.w.org\/{rel}","templated":true}]}}