{"id":353,"date":"2018-12-24T13:39:45","date_gmt":"2018-12-24T11:39:45","guid":{"rendered":"http:\/\/dinamitzacio-social-digital-test.recursos.uoc.edu\/contextos-exclusio\/?page_id=353"},"modified":"2019-01-15T12:59:27","modified_gmt":"2019-01-15T10:59:27","slug":"2-4-7-personas-del-cuarto-mundo","status":"publish","type":"page","link":"http:\/\/dinamitzacio-social-digital-test.recursos.uoc.edu\/contextos-exclusio\/es\/2-4-7-personas-del-cuarto-mundo\/","title":{"rendered":"2.4.7. Personas del cuarto mundo"},"content":{"rendered":"<div class=\"featured featured-blue\"><p>Seg\u00fan enciclop\u00e8dia.cat, denominamos <strong>cuarto mundo<\/strong> a \u00ablas carencias y la marginaci\u00f3n que sufren determinados colectivos insertados en sociedades en las cuales buena parte de sus integrantes disfruta de abundancia y de prosperidad. Generalmente es asociado a grupos minoritarios: presos, inmigrantes, minor\u00edas \u00e9tnicas, desempleados, drogadictos, etc.\u00bb.<\/p>\n<\/div>\n<p>Todo esto hace que tengan una clara desventaja que puede profundizar en su exclusi\u00f3n social. En su camino hacia la inclusi\u00f3n, sin duda tendr\u00e1n que contar con estrategias de capacitaci\u00f3n digital. Por este motivo, a menudo, desde los servicios sociales, cuando estas personas empiezan a emprender su camino para salir de estas situaciones, se las deriva hacia telecentros o bibliotecas, donde puedan capacitarse digitalmente, lo que forma parte de un conjunto de acciones que la persona ir\u00e1 desarrollando para salir de la situaci\u00f3n de exclusi\u00f3n. Con estas personas, ser\u00e1 esencial trabajar las competencias digitales, prestando especial atenci\u00f3n a los factores motivacionales y\/o actitudinales, y aprovechar su potencial <a href=\"javascript:void(0);\" class=\"tooltip\" data-toggle=\"popover\" data-placement=\"bottom\" data-content=\"En el enlace <a href='https:\/\/www.facebook.com\/groups\/homelesssupportgroup\/' target='_blank'>https:\/\/www.facebook.com\/groups\/homelesssupportgroup\/<\/a> encontrar\u00e9is una iniciativa para los sin techo.\" data-placement=\"top\" data-html=\"true\" >socializador<\/a>. En algunos casos, es habitual que haga falta un acompa\u00f1amiento individualizado que refuerce los aprendizajes y evite el abandono de las acciones.<\/p>\n","protected":false},"excerpt":{"rendered":"<p>Todo esto hace que tengan una clara desventaja que puede profundizar en su exclusi\u00f3n social. En su camino hacia la inclusi\u00f3n, sin duda tendr\u00e1n que contar con estrategias de capacitaci\u00f3n digital. Por este motivo, a menudo, desde los servicios sociales, cuando estas personas empiezan a emprender su camino para salir de estas situaciones, se las [&hellip;]<\/p>\n","protected":false},"author":1,"featured_media":0,"parent":0,"menu_order":0,"comment_status":"closed","ping_status":"closed","template":"","meta":[],"_links":{"self":[{"href":"http:\/\/dinamitzacio-social-digital-test.recursos.uoc.edu\/contextos-exclusio\/es\/wp-json\/wp\/v2\/pages\/353"}],"collection":[{"href":"http:\/\/dinamitzacio-social-digital-test.recursos.uoc.edu\/contextos-exclusio\/es\/wp-json\/wp\/v2\/pages"}],"about":[{"href":"http:\/\/dinamitzacio-social-digital-test.recursos.uoc.edu\/contextos-exclusio\/es\/wp-json\/wp\/v2\/types\/page"}],"author":[{"embeddable":true,"href":"http:\/\/dinamitzacio-social-digital-test.recursos.uoc.edu\/contextos-exclusio\/es\/wp-json\/wp\/v2\/users\/1"}],"replies":[{"embeddable":true,"href":"http:\/\/dinamitzacio-social-digital-test.recursos.uoc.edu\/contextos-exclusio\/es\/wp-json\/wp\/v2\/comments?post=353"}],"version-history":[{"count":2,"href":"http:\/\/dinamitzacio-social-digital-test.recursos.uoc.edu\/contextos-exclusio\/es\/wp-json\/wp\/v2\/pages\/353\/revisions"}],"predecessor-version":[{"id":635,"href":"http:\/\/dinamitzacio-social-digital-test.recursos.uoc.edu\/contextos-exclusio\/es\/wp-json\/wp\/v2\/pages\/353\/revisions\/635"}],"wp:attachment":[{"href":"http:\/\/dinamitzacio-social-digital-test.recursos.uoc.edu\/contextos-exclusio\/es\/wp-json\/wp\/v2\/media?parent=353"}],"curies":[{"name":"wp","href":"https:\/\/api.w.org\/{rel}","templated":true}]}}