{"id":371,"date":"2018-12-24T14:05:24","date_gmt":"2018-12-24T12:05:24","guid":{"rendered":"http:\/\/dinamitzacio-social-digital-test.recursos.uoc.edu\/contextos-exclusio\/?page_id=371"},"modified":"2019-01-15T13:04:58","modified_gmt":"2019-01-15T11:04:58","slug":"2-4-13-personas-con-enfermedades-mentales","status":"publish","type":"page","link":"http:\/\/dinamitzacio-social-digital-test.recursos.uoc.edu\/contextos-exclusio\/es\/2-4-13-personas-con-enfermedades-mentales\/","title":{"rendered":"2.4.13. Personas con enfermedades mentales"},"content":{"rendered":"<p>Las muy diferentes caracter\u00edsticas seg\u00fan la enfermedad mental hacen dif\u00edcil establecer cu\u00e1l es la mejor manera de trabajar la capacitaci\u00f3n digital. Las personas institucionalizadas a veces no tienen el suficiente acceso a recursos digitales, o quedan al margen de formaciones capacitadoras.<\/p>\n<p>Otras, los tienen contraindicados por su enfermedad. Incluso las propias herramientas TIC pueden ser el motivo de la enfermedad, en el caso de las <a href=\"javascript:void(0);\" class=\"tooltip\" data-toggle=\"popover\" data-placement=\"bottom\" data-content=\"En el enlace <a href='https:\/\/www.bbc.com\/mundo\/noticias-43104758' target='_blank'>https:\/\/www.bbc.com\/mundo\/noticias-43104758<\/a> encontrar\u00e9is un ejemplo de cl\u00ednica de desintoxicaci\u00f3n tecnol\u00f3gica.\" data-placement=\"top\" data-html=\"true\" >adicciones a las tecnolog\u00edas<\/a>. En otros casos, se usan las TIC para mejorar la enfermedad mental. Un ejemplo podr\u00eda ser el uso de los simuladores de vuelo para mitigar el miedo a volar.<\/p>\n<p>Y en general, simplemente se da la oportunidad a estas personas para que tengan las mismas competencias digitales que el resto.<\/p>\n<div class=\"featured featured-grey\"><\/p>\n<h3>Punto Omnia de la Fundaci\u00f3n Marianao<\/h3>\n<p>En el enlace <a href=\"https:\/\/es.slideshare.net\/pepoliveras\/activitats-salut-mnia-marianao\" target=\"_blank\" rel=\"noopener\">https:\/\/es.slideshare.net\/pepoliveras\/activitats-salut-mnia-marianao<\/a> pod\u00e9is ver c\u00f3mo trabaja el punto Omnia de la Fundaci\u00f3n Marianao con personas enfermas mentales del Hospital Benito Menni.<\/p>\n<p>\n<\/div>\n","protected":false},"excerpt":{"rendered":"<p>Las muy diferentes caracter\u00edsticas seg\u00fan la enfermedad mental hacen dif\u00edcil establecer cu\u00e1l es la mejor manera de trabajar la capacitaci\u00f3n digital. Las personas institucionalizadas a veces no tienen el suficiente acceso a recursos digitales, o quedan al margen de formaciones capacitadoras. Otras, los tienen contraindicados por su enfermedad. Incluso las propias herramientas TIC pueden ser [&hellip;]<\/p>\n","protected":false},"author":1,"featured_media":0,"parent":0,"menu_order":0,"comment_status":"closed","ping_status":"closed","template":"","meta":[],"_links":{"self":[{"href":"http:\/\/dinamitzacio-social-digital-test.recursos.uoc.edu\/contextos-exclusio\/es\/wp-json\/wp\/v2\/pages\/371"}],"collection":[{"href":"http:\/\/dinamitzacio-social-digital-test.recursos.uoc.edu\/contextos-exclusio\/es\/wp-json\/wp\/v2\/pages"}],"about":[{"href":"http:\/\/dinamitzacio-social-digital-test.recursos.uoc.edu\/contextos-exclusio\/es\/wp-json\/wp\/v2\/types\/page"}],"author":[{"embeddable":true,"href":"http:\/\/dinamitzacio-social-digital-test.recursos.uoc.edu\/contextos-exclusio\/es\/wp-json\/wp\/v2\/users\/1"}],"replies":[{"embeddable":true,"href":"http:\/\/dinamitzacio-social-digital-test.recursos.uoc.edu\/contextos-exclusio\/es\/wp-json\/wp\/v2\/comments?post=371"}],"version-history":[{"count":3,"href":"http:\/\/dinamitzacio-social-digital-test.recursos.uoc.edu\/contextos-exclusio\/es\/wp-json\/wp\/v2\/pages\/371\/revisions"}],"predecessor-version":[{"id":639,"href":"http:\/\/dinamitzacio-social-digital-test.recursos.uoc.edu\/contextos-exclusio\/es\/wp-json\/wp\/v2\/pages\/371\/revisions\/639"}],"wp:attachment":[{"href":"http:\/\/dinamitzacio-social-digital-test.recursos.uoc.edu\/contextos-exclusio\/es\/wp-json\/wp\/v2\/media?parent=371"}],"curies":[{"name":"wp","href":"https:\/\/api.w.org\/{rel}","templated":true}]}}