{"id":374,"date":"2018-12-24T14:09:12","date_gmt":"2018-12-24T12:09:12","guid":{"rendered":"http:\/\/dinamitzacio-social-digital-test.recursos.uoc.edu\/contextos-exclusio\/?page_id=374"},"modified":"2019-01-15T13:05:28","modified_gmt":"2019-01-15T11:05:28","slug":"2-4-14-personas-emprendedoras-y-pequenos-comercios-trabajadores-en-general","status":"publish","type":"page","link":"http:\/\/dinamitzacio-social-digital-test.recursos.uoc.edu\/contextos-exclusio\/es\/2-4-14-personas-emprendedoras-y-pequenos-comercios-trabajadores-en-general\/","title":{"rendered":"2.4.14. Personas emprendedoras y peque\u00f1os comercios, trabajadores en general"},"content":{"rendered":"<p>Incluimos aqu\u00ed a estas personas por lo que puede suponer para ellas no conocer las herramientas TIC. Es muy cierto que posiblemente esta sea una tarea de los centros de promoci\u00f3n econ\u00f3mica de la zona, o de los centros ocupacionales.<\/p>\n<p>Los peque\u00f1os comerciantes, a veces, son personas tan atareadas con el d\u00eda a d\u00eda, que quiz\u00e1 no han tenido el tiempo ni la oportunidad de reciclarse m\u00ednimamente con competencias b\u00e1sicas TIC. Por otro lado, un peque\u00f1o comercio, por ejemplo, que no tenga presencia en la Red, probablemente estar\u00e1 en desventaja con otros del ramo que s\u00ed lo est\u00e9n. En \u00faltimo t\u00e9rmino, puede suponer que este comercio tenga que cerrar y aquella persona deje de ganarse la vida con su medio de siempre.<\/p>\n<div class=\"featured featured-grey\"><\/p>\n<h3>Peque\u00f1os comerciantes y TIC<\/h3>\n<p>En el enlace <a href=\"https:\/\/www.amicsdelarambla.cat\/cat\/agenda\/107\/nous-cursos-gratuits-de-suport-al-comerc-de-proximitat\" target=\"_blank\" rel=\"noopener\">https:\/\/www.amicsdelarambla.cat\/cat\/agenda\/107\/nous-cursos-gratuits-de-suport-al-comerc-de-proximitat<\/a> pod\u00e9is ver c\u00f3mo trabajan los Amigos de la Rambla y el Ayuntamiento de Barcelona el tema de peque\u00f1os comerciantes y TIC.<\/p>\n<p>\n<\/div>\n<p>De igual manera, el hecho de que un emprendedor o que un trabajador en la misma empresa toda la vida no se reciclen puede suponer problemas para alzar el negocio o mejorar el cargo en el trabajo (o baja ocupabilidad en caso de perderlo).<\/p>\n<p>En estos casos, la inclusi\u00f3n electr\u00f3nica pasar\u00eda por conocer herramientas de productividad, de <em>cloud<\/em> <em>computing<\/em>, de presencia en la Red, etc.<\/p>\n","protected":false},"excerpt":{"rendered":"<p>Incluimos aqu\u00ed a estas personas por lo que puede suponer para ellas no conocer las herramientas TIC. Es muy cierto que posiblemente esta sea una tarea de los centros de promoci\u00f3n econ\u00f3mica de la zona, o de los centros ocupacionales. Los peque\u00f1os comerciantes, a veces, son personas tan atareadas con el d\u00eda a d\u00eda, que [&hellip;]<\/p>\n","protected":false},"author":1,"featured_media":0,"parent":0,"menu_order":0,"comment_status":"closed","ping_status":"closed","template":"","meta":[],"_links":{"self":[{"href":"http:\/\/dinamitzacio-social-digital-test.recursos.uoc.edu\/contextos-exclusio\/es\/wp-json\/wp\/v2\/pages\/374"}],"collection":[{"href":"http:\/\/dinamitzacio-social-digital-test.recursos.uoc.edu\/contextos-exclusio\/es\/wp-json\/wp\/v2\/pages"}],"about":[{"href":"http:\/\/dinamitzacio-social-digital-test.recursos.uoc.edu\/contextos-exclusio\/es\/wp-json\/wp\/v2\/types\/page"}],"author":[{"embeddable":true,"href":"http:\/\/dinamitzacio-social-digital-test.recursos.uoc.edu\/contextos-exclusio\/es\/wp-json\/wp\/v2\/users\/1"}],"replies":[{"embeddable":true,"href":"http:\/\/dinamitzacio-social-digital-test.recursos.uoc.edu\/contextos-exclusio\/es\/wp-json\/wp\/v2\/comments?post=374"}],"version-history":[{"count":2,"href":"http:\/\/dinamitzacio-social-digital-test.recursos.uoc.edu\/contextos-exclusio\/es\/wp-json\/wp\/v2\/pages\/374\/revisions"}],"predecessor-version":[{"id":640,"href":"http:\/\/dinamitzacio-social-digital-test.recursos.uoc.edu\/contextos-exclusio\/es\/wp-json\/wp\/v2\/pages\/374\/revisions\/640"}],"wp:attachment":[{"href":"http:\/\/dinamitzacio-social-digital-test.recursos.uoc.edu\/contextos-exclusio\/es\/wp-json\/wp\/v2\/media?parent=374"}],"curies":[{"name":"wp","href":"https:\/\/api.w.org\/{rel}","templated":true}]}}