{"id":377,"date":"2018-12-24T14:11:31","date_gmt":"2018-12-24T12:11:31","guid":{"rendered":"http:\/\/dinamitzacio-social-digital-test.recursos.uoc.edu\/contextos-exclusio\/?page_id=377"},"modified":"2019-01-15T13:06:00","modified_gmt":"2019-01-15T11:06:00","slug":"2-4-15-personas-del-mundo-rural","status":"publish","type":"page","link":"http:\/\/dinamitzacio-social-digital-test.recursos.uoc.edu\/contextos-exclusio\/es\/2-4-15-personas-del-mundo-rural\/","title":{"rendered":"2.4.15. Personas del mundo rural"},"content":{"rendered":"<p>El principal problema del mundo rural es que su lejan\u00eda y dispersi\u00f3n lo hacen poco atractivo para invertir en nuevas tecnolog\u00edas, con el consiguiente riesgo de exclusi\u00f3n digital. Una econom\u00eda productiva basada en el sector primario normalmente no demanda tampoco que la tecnolog\u00eda est\u00e9 tan presente como en otra de servicios. Aun as\u00ed, en algunos territorios hay experiencias de <a href=\"http:\/\/www.cowocatrural.cat\/\" target=\"_blank\" rel=\"noopener\">telecentros rurales<\/a> vinculados especialmente al mundo del teletrabajo, que aprovechan los atractivos de la vida fuera de las grandes ciudades para atraer a emprendedores o trabajadores n\u00f3madas.<\/p>\n<p>En todo caso, las administraciones, especialmente las que creen en la brecha digital, tendr\u00e1n que hacer un esfuerzo para garantizar la inclusi\u00f3n electr\u00f3nica en estas zonas y que no queden al margen. Ideas eficientes (poner telecentros en todos los pueblos quiz\u00e1 es inviable econ\u00f3micamente) como por ejemplo la de <a href=\"http:\/\/www.diariodevalladolid.es\/noticias\/provincia\/aula-movil-aula-dip-visitara-32-municipios-meses-verano_121157.html\" target=\"_blank\" rel=\"noopener\">aulas m\u00f3viles TIC<\/a>, que pueden recorrer el territorio, pueden ser la soluci\u00f3n.<\/p>\n","protected":false},"excerpt":{"rendered":"<p>El principal problema del mundo rural es que su lejan\u00eda y dispersi\u00f3n lo hacen poco atractivo para invertir en nuevas tecnolog\u00edas, con el consiguiente riesgo de exclusi\u00f3n digital. Una econom\u00eda productiva basada en el sector primario normalmente no demanda tampoco que la tecnolog\u00eda est\u00e9 tan presente como en otra de servicios. Aun as\u00ed, en algunos [&hellip;]<\/p>\n","protected":false},"author":1,"featured_media":0,"parent":0,"menu_order":0,"comment_status":"closed","ping_status":"closed","template":"","meta":[],"_links":{"self":[{"href":"http:\/\/dinamitzacio-social-digital-test.recursos.uoc.edu\/contextos-exclusio\/es\/wp-json\/wp\/v2\/pages\/377"}],"collection":[{"href":"http:\/\/dinamitzacio-social-digital-test.recursos.uoc.edu\/contextos-exclusio\/es\/wp-json\/wp\/v2\/pages"}],"about":[{"href":"http:\/\/dinamitzacio-social-digital-test.recursos.uoc.edu\/contextos-exclusio\/es\/wp-json\/wp\/v2\/types\/page"}],"author":[{"embeddable":true,"href":"http:\/\/dinamitzacio-social-digital-test.recursos.uoc.edu\/contextos-exclusio\/es\/wp-json\/wp\/v2\/users\/1"}],"replies":[{"embeddable":true,"href":"http:\/\/dinamitzacio-social-digital-test.recursos.uoc.edu\/contextos-exclusio\/es\/wp-json\/wp\/v2\/comments?post=377"}],"version-history":[{"count":2,"href":"http:\/\/dinamitzacio-social-digital-test.recursos.uoc.edu\/contextos-exclusio\/es\/wp-json\/wp\/v2\/pages\/377\/revisions"}],"predecessor-version":[{"id":641,"href":"http:\/\/dinamitzacio-social-digital-test.recursos.uoc.edu\/contextos-exclusio\/es\/wp-json\/wp\/v2\/pages\/377\/revisions\/641"}],"wp:attachment":[{"href":"http:\/\/dinamitzacio-social-digital-test.recursos.uoc.edu\/contextos-exclusio\/es\/wp-json\/wp\/v2\/media?parent=377"}],"curies":[{"name":"wp","href":"https:\/\/api.w.org\/{rel}","templated":true}]}}