{"id":382,"date":"2018-12-24T14:24:40","date_gmt":"2018-12-24T12:24:40","guid":{"rendered":"http:\/\/dinamitzacio-social-digital-test.recursos.uoc.edu\/contextos-exclusio\/?page_id=382"},"modified":"2021-01-29T12:51:23","modified_gmt":"2021-01-29T10:51:23","slug":"3-1-1-introduccion","status":"publish","type":"page","link":"http:\/\/dinamitzacio-social-digital-test.recursos.uoc.edu\/contextos-exclusio\/es\/3-1-1-introduccion\/","title":{"rendered":"3.1.1. Introducci\u00f3n"},"content":{"rendered":"<p>Una forma de clasificar los diferentes agentes puede ser a partir del concepto de la <a href=\"https:\/\/en.wikipedia.org\/wiki\/Quadruple_and_quintuple_innovation_helix_framework\" target=\"_blank\" rel=\"noopener\"><strong>cu\u00e1druple h\u00e9lice<\/strong><\/a>, muy utilizado en t\u00e9rminos de innovaci\u00f3n (un tema nada ajeno al nuestro). Viene heredado de la antigua <a href=\"https:\/\/es.wikipedia.org\/wiki\/Modelo_de_innovaci%C3%B3n_de_triple_h%C3%A9lice\" target=\"_blank\" rel=\"noopener\">triple h\u00e9lice<\/a>, en la cual lo importante para conseguir promover la innovaci\u00f3n era la interacci\u00f3n entre el mundo acad\u00e9mico, las autoridades p\u00fablicas y la comunidad empresarial. Este nuevo modelo incorpora al usuario y lo pone en el centro como cuarta pata del modelo. En este sentido se integraria lo que se conoce como<a href=\"https:\/\/digitalsocial.eu\/es\/\" target=\"_blank\" rel=\"noopener\"> Innovaci\u00f3n social digital<\/a>, es decir, como la tecnologia puede aportar soluciones a los grandes retos sociales.<\/p>\n<p>El ideal de centro de inclusi\u00f3n electr\u00f3nica ser\u00eda, pues, aquel que tiene en cuenta posibles sinergias entre las cuatro instancias. M\u00e1s adelante, veremos algunos ejemplos de centros que cumplen con esta idea. Mientras tanto, usaremos esta divisi\u00f3n para hablar de los agentes involucrados en nuestro tema.<\/p>\n<div class=\"featured featured-blue\"><p>Ser\u00e1 de especial inter\u00e9s conocer a los actores para saber a qui\u00e9n dirigirnos si queremos trabajar en este campo.<\/p>\n<\/div>\n","protected":false},"excerpt":{"rendered":"<p>Una forma de clasificar los diferentes agentes puede ser a partir del concepto de la cu\u00e1druple h\u00e9lice, muy utilizado en t\u00e9rminos de innovaci\u00f3n (un tema nada ajeno al nuestro). Viene heredado de la antigua triple h\u00e9lice, en la cual lo importante para conseguir promover la innovaci\u00f3n era la interacci\u00f3n entre el mundo acad\u00e9mico, las autoridades [&hellip;]<\/p>\n","protected":false},"author":1,"featured_media":0,"parent":0,"menu_order":0,"comment_status":"closed","ping_status":"closed","template":"","meta":[],"_links":{"self":[{"href":"http:\/\/dinamitzacio-social-digital-test.recursos.uoc.edu\/contextos-exclusio\/es\/wp-json\/wp\/v2\/pages\/382"}],"collection":[{"href":"http:\/\/dinamitzacio-social-digital-test.recursos.uoc.edu\/contextos-exclusio\/es\/wp-json\/wp\/v2\/pages"}],"about":[{"href":"http:\/\/dinamitzacio-social-digital-test.recursos.uoc.edu\/contextos-exclusio\/es\/wp-json\/wp\/v2\/types\/page"}],"author":[{"embeddable":true,"href":"http:\/\/dinamitzacio-social-digital-test.recursos.uoc.edu\/contextos-exclusio\/es\/wp-json\/wp\/v2\/users\/1"}],"replies":[{"embeddable":true,"href":"http:\/\/dinamitzacio-social-digital-test.recursos.uoc.edu\/contextos-exclusio\/es\/wp-json\/wp\/v2\/comments?post=382"}],"version-history":[{"count":7,"href":"http:\/\/dinamitzacio-social-digital-test.recursos.uoc.edu\/contextos-exclusio\/es\/wp-json\/wp\/v2\/pages\/382\/revisions"}],"predecessor-version":[{"id":872,"href":"http:\/\/dinamitzacio-social-digital-test.recursos.uoc.edu\/contextos-exclusio\/es\/wp-json\/wp\/v2\/pages\/382\/revisions\/872"}],"wp:attachment":[{"href":"http:\/\/dinamitzacio-social-digital-test.recursos.uoc.edu\/contextos-exclusio\/es\/wp-json\/wp\/v2\/media?parent=382"}],"curies":[{"name":"wp","href":"https:\/\/api.w.org\/{rel}","templated":true}]}}