{"id":392,"date":"2018-12-24T15:52:31","date_gmt":"2018-12-24T13:52:31","guid":{"rendered":"http:\/\/dinamitzacio-social-digital-test.recursos.uoc.edu\/contextos-exclusio\/?page_id=392"},"modified":"2021-02-01T11:12:18","modified_gmt":"2021-02-01T09:12:18","slug":"3-1-3-empresa","status":"publish","type":"page","link":"http:\/\/dinamitzacio-social-digital-test.recursos.uoc.edu\/contextos-exclusio\/es\/3-1-3-empresa\/","title":{"rendered":"3.1.3. Empresa"},"content":{"rendered":"<p>Las empresas son otro de los agentes de capacitaci\u00f3n digital.<\/p>\n<p><strong>Antecedentes<\/strong><\/p>\n<p>Antes de que las administraciones tomaran conciencia de que la capacitaci\u00f3n digital es un derecho ciudadano, ya hab\u00eda empresas que se ocupaban de ello. Ante la necesidad de estos ciudadanos de no quedarse atr\u00e1s con las TIC, todo un abanico de academias de inform\u00e1tica ya ofrec\u00edan estos conocimientos. Aun as\u00ed, los famosos cibercaf\u00e9s hicieron de punto de conexi\u00f3n antes de que tuvi\u00e9semos todos los hogares conectados.<\/p>\n<p>Tanto unas como otros desaparecieron, al menos con aquel modelo. Todav\u00eda hoy subsisten centros parecidos, m\u00e1s orientados a conocimientos avanzados en el caso de las academias, y con m\u00e1s p\u00fablico inmigrante y con servicios de valor a\u00f1adido (compra de tarjetas de telefon\u00eda, locutorios, impresi\u00f3n, etc.) en el caso de los cibercaf\u00e9s.<\/p>\n<p><strong>Empresas de formaci\u00f3n<\/strong><\/p>\n<p>Lo que s\u00ed han proliferado son las <a href=\"https:\/\/mcempreses.com\/portfolio\/alfabetitzacio-digital\/\" target=\"_blank\" rel=\"noopener\">empresas<\/a> que dan servicios de dinamizaci\u00f3n y formaci\u00f3n en los espacios de titularidad p\u00fablica, si la Administraci\u00f3n opta por un concurso de gesti\u00f3n. Frecuentemente son empresas de formaci\u00f3n no especializadas espec\u00edficamente en las TIC, pero en cuya cartera de servicios lo contemplan. Incluso al llamamiento de concursos p\u00fablicos de gesti\u00f3n de espacios se han incorporado empresas generalistas de servicios, creando a tal efecto divisiones especializadas.<\/p>\n<p><strong>Responsabilidad social corporativa<\/strong><\/p>\n<p>Otras empresas relacionadas directamente con las TIC han creado varias fundaciones y programas destinados a capacitaci\u00f3n digital. La responsabilidad social corporativa tiene un peso fundamental en este hecho. Algunos ejemplos son la <a href=\"https:\/\/www.fundaciontelefonica.com\/\" target=\"_blank\" rel=\"noopener\">Fundaci\u00f3n Telef\u00f3nica<\/a>, especialmente a trav\u00e9s del <a href=\"https:\/\/www.movistarcentre.com\/\" target=\"_blank\" rel=\"noopener\">Movistar Centre<\/a>, la <a href=\"http:\/\/www.fundacionvodafone.es\/\" target=\"_blank\" rel=\"noopener\">Fundaci\u00f3n Vodafone<\/a>, la <a href=\"https:\/\/www.chanzuckerberg.com\/education\" target=\"_blank\" rel=\"noopener\">Zuckerberg Foundation<\/a> o la <a href=\"https:\/\/obrasociallacaixa.org\/ca\/pobreza-accion-social\/personas-mayores\/informatica-y-comunicacion\/que-hacemos\" target=\"_blank\" rel=\"noopener\">Obra social de la Caixa<\/a> (a pesar de que esta \u00faltima no pertenece al sector).<\/p>\n<p>Google, por ejemplo, ofrece una <a href=\"https:\/\/www.google.es\/landing\/activate\/home\/\" target=\"_blank\" rel=\"noopener\">plataforma en l\u00ednea<\/a> para mejorar las competencias de personas con un nivel previo en TIC no muy elevado (aunque orientada a herramientas de productividad). Y como siempre, de manera gratuita.<\/p>\n<p><strong>Los medios de comunicaci\u00f3n tradicionales<\/strong><\/p>\n<p>La radio y la televisi\u00f3n tambi\u00e9n son plataformas en las que los usuarios aprenden sobre las TIC. En este caso, con un formato divulgativo y ameno, pero que tambi\u00e9n ayuda.<\/p>\n<p>Programas como por ejemplo <a href=\"http:\/\/www.ccma.cat\/tv3\/generacio-digital\/#\" target=\"_blank\" rel=\"noopener\">Generaci\u00f3 Digital<\/a> (de TV3) o <a href=\"https:\/\/www.eitb.eus\/se\/radio\/radio-euskadi\/programas\/konekta-20\/\" target=\"_blank\" rel=\"noopener\">Konecta 2.0.<\/a> (de EITB) buscan conectar con estos usuarios que quieren aprender tecnolog\u00eda sin aburrirse.<\/p>\n<p><strong>Patronatos, sindicatos, c\u00e1maras de comercio, gremios, colegios profesionales<\/strong><\/p>\n<p>Agrupaciones, en definitiva, de trabajadores o empresas que si detectan que sus usuarios tienen una necesidad respecto a las TIC, pondr\u00e1n las medios para corregirlo.<\/p>\n<p>Podemos ver ejemplos de la <a href=\"https:\/\/www.cambrabcn.org\/que-te-ofrecemos\/soluciones-a-tu-alcance\/tecnologias\/formacion-online\/nuevas-tecnologias-e-informatica\" target=\"_blank\" rel=\"noopener\">C\u00e1mara de Comercio de Barcelona<\/a>, <a href=\"http:\/\/www.foment.com\/es\/\" target=\"_blank\" rel=\"noopener\">Fomento de Trabajo Nacional<\/a>, <a href=\"https:\/\/www.forem.es\/\" target=\"_blank\" rel=\"noopener\">FOREM<\/a>, <a href=\"http:\/\/www.ceesc.cat\/index.php\" target=\"_blank\" rel=\"noopener\">Colegio de Educadores de Catalu\u00f1a<\/a>, etc.<\/p>\n<p><strong>Empresas p\u00fablicas<\/strong><\/p>\n<p>Tambi\u00e9n aqu\u00ed encontramos las empresas p\u00fablicas, denominadas as\u00ed porque, pese a su titularidad, se rigen por patrones empresariales en su funcionamiento. A modo de ejemplo, citamos <a href=\"http:\/\/www.barcelonactiva.cat\/barcelonactiva\/cat\/index.jsp\" target=\"_blank\" rel=\"noopener\">Barcelona Activa<\/a>, que se ocupa de impulsar la pol\u00edtica econ\u00f3mica y el desarrollo local para promover la mejora de la calidad de vida de las ciudadanas y ciudadanos de Barcelona a trav\u00e9s del fomento del empleo, el impulso del emprendimiento y el apoyo a las empresas, respondiendo a las diferentes necesidades de las personas en su territorio y desde la perspectiva de la econom\u00eda plural, que incluye la econom\u00eda social y la solidaria. En concreto, su programa \u00ab<a href=\"https:\/\/cibernarium.barcelonactiva.cat\/\" target=\"_blank\" rel=\"noopener\">Cibern\u00e0rium<\/a>\u00bb es un gran impulsor de las competencias TIC para la ciudadan\u00eda.<\/p>\n<p>Interesantes son las iniciativas p\u00fablico-privadas a trav\u00e9s de patronatos que gestionan grandes iniciativas, como por ejemplo el <a href=\"https:\/\/www.citilab.eu\/qui-som\/patronat-cultura-digital\/\" target=\"_blank\" rel=\"noopener\">Citilab<\/a> de Cornell\u00e0 de Llobregat, donde hay administraciones, Universidad y empresa colaborando en la misi\u00f3n de explorar y difundir el impacto digital en el pensamiento creativo, el dise\u00f1o y la innovaci\u00f3n que surgen de la cultura digital.<\/p>\n<p>&nbsp;<\/p>\n<p><strong>Entidades del tercer sector<\/strong><\/p>\n<p>Y por \u00faltimo, hay que mencionar las entidades del tercer sector, que bien podr\u00edan estar en el apartado m\u00e1s posterior de \u00abCiudadan\u00eda\u00bb, pero que las incluimos aqu\u00ed porque la mayor\u00eda de las veces no deja de ser una actividad empresarial, a pesar de que ejercida por <a href=\"https:\/\/es.wikipedia.org\/wiki\/organizaci%C3%B3n_sin_%C3%A1nimo_de_lucro\" target=\"_blank\" rel=\"noopener\">entidades sin \u00e1nimo de lucro<\/a>. Pueden ser entidades generalistas como por ejemplo la <a href=\"https:\/\/www.peretarres.org\/es\/innovacion-social-educativa\/innovacio-educativa\/presentacion\" target=\"_blank\" rel=\"noopener\">Fundaci\u00f3n Pere Tarr\u00e9s<\/a> o la <a href=\"https:\/\/formacio.fundesplai.org\/cursos\/tic-tecnologies-de-la-informacio-i-la-comunicacio\/\" target=\"_blank\" rel=\"noopener\">Fundaci\u00f3n Esplai,<\/a> o bien m\u00e1s especializadas como <a href=\"https:\/\/colectic.coop\/\" target=\"_blank\" rel=\"noopener\">Colectic<\/a>,\u00a0 <a href=\"http:\/\/blogmithra.blogspot.com\/\" target=\"_blank\" rel=\"noopener\">MITHRA Associaci\u00f3<\/a>, <a href=\"https:\/\/www.ciberespiral.org\/ca\/\" target=\"_blank\" rel=\"noopener\">Ciberespiral<\/a>, <a href=\"https:\/\/tangencial.es\/\" target=\"_blank\" rel=\"noopener\">Tangencial<\/a>, etc.<\/p>\n<p>Algunos ejemplos de iniciativas relacionadas con la exclusi\u00f3n digital y con gran peso de las TIC:<\/p>\n<ul>\n<li><a href=\"http:\/\/fundacionesplai.org\/blog\/formacion-2\/resumen-final-del-programa-empleo-joven\/\" target=\"_blank\" rel=\"noopener\"><strong>Programa Empleo Joven de la Fundaci\u00f3n Esplai<\/strong><\/a><strong>.<\/strong> Forma a j\u00f3venes en programaci\u00f3n con conocimientos previos b\u00e1sicos de inform\u00e1tica para insertar en empresas del sector.<\/li>\n<li><a href=\"https:\/\/www.arrelsfundacio.org\/es\/colabora\/app\/\" target=\"_blank\" rel=\"noopener\"><strong>Aplicaci\u00f3n Arrels<\/strong><\/a><strong>.<\/strong> Una aplicaci\u00f3n que permite avisar de personas indigentes durmiendo en la calle para poder atenderlas.<\/li>\n<li><a href=\"http:\/\/espaijove.net\/index.php?lang=ca\" target=\"_blank\" rel=\"noopener\"><strong>Proyecto Espai Jove<\/strong><\/a><strong>.<\/strong> Herramienta informativa sobre salud mental, de acceso inmediato por parte de los j\u00f3venes, y en la que se puede encontrar informaci\u00f3n cuidadosa sobre bienestar emocional, la salud mental y la salud f\u00edsica; como h\u00e1bitos saludables en relaci\u00f3n con la alimentaci\u00f3n, el descanso o el ejercicio f\u00edsico, informaci\u00f3n sobre los problemas emocionales o trastornos mentales m\u00e1s prevalentes y un espacio para la resoluci\u00f3n de dudas en forma de consulta en l\u00ednea.<\/li>\n<li><a href=\"http:\/\/ajuntament.barcelona.cat\/vinclesbcn\/ca\/vincles-bcn\" target=\"_blank\" rel=\"noopener\"><strong>VinclesBCN<\/strong><\/a><strong>.<\/strong> El proyecto quiere que las personas mayores gestionen sus propias relaciones a partir del uso de las nuevas tecnolog\u00edas. El servicio utiliza una aplicaci\u00f3n instalada en una tableta como instrumento de comunicaci\u00f3n, que servir\u00e1 para poner en contacto a personas y reforzar sus relaciones, al mismo tiempo que se crean otras nuevas. Se promueve la comunicaci\u00f3n en l\u00ednea a trav\u00e9s de la aplicaci\u00f3n, al mismo tiempo que se har\u00e1n encuentros presenciales.<\/li>\n<li><a href=\"https:\/\/play.google.com\/store\/apps\/details?id=es.fundacionvodafone.elabora.controlador&amp;hl=se\" target=\"_blank\" rel=\"noopener\"><strong>Aplicaci\u00f3n Mefacilyta de la Fundaci\u00f3n Vodafone<\/strong><\/a>. Una aplicaci\u00f3n que permite a personas con diversidad funcional intelectual leve usar el tel\u00e9fono inteligente para apuntar cosas, llevar la agenda y gestionar sus redes sociales de manera agrupada y sencilla.<\/li>\n<li><a href=\"https:\/\/colectic.coop\/projecte\/makers-la-inclusio\" target=\"_blank\" rel=\"noopener\"><strong>Makers para la inclusi\u00f3n<\/strong><\/a>, un proyecto que pretende acercar a toda la ciudadan\u00eda al mundo de la fabricaci\u00f3n digital.<\/li>\n<\/ul>\n<p>Tambi\u00e9n pod\u00e9is encontrar muchas iniciativas en la <strong><a href=\"http:\/\/xarxaomnia.gencat.cat\/destacats\" target=\"_blank\" rel=\"noopener\">Red \u00d2mnia<\/a>,<\/strong> de la cual hablaremos m\u00e1s tarde.<\/p>\n<p><strong>Empresas de software y hardware<\/strong><\/p>\n<p>No querr\u00edamos acabar el apartado empresarial sin hablar de estas empresas como favorecedoras de una inclusi\u00f3n electr\u00f3nica correcta. El hecho de que los aparatos y los programas sean sencillos y eficientes influye de manera capital en el logro de competencias TIC de forma r\u00e1pida. El tiempo de <a href=\"javascript:void(0);\" class=\"tooltip\" data-toggle=\"popover\" data-placement=\"bottom\" data-content=\"<b>Penetraci\u00f3n de una tecnolog\u00eda<\/b>: El art\u00edculo que encontrar\u00e9is en el enlace <a href='https:\/\/www.xatakandroid.com\/aplicaciones-android\/whatsapp-alcanza-los-1500-millones-de-usuarios-asi-ha-evolucionado-hasta-ser-la-app-de-mensajeria-mas-popular' target='_blank'>https:\/\/www.xatakandroid.com\/aplicaciones-android\/whatsapp-alcanza-los-1500-millones-de-usuarios-asi-ha-evolucionado-hasta-ser-la-app-de-mensajeria-mas-popular<\/a> es un ejemplo de penetraci\u00f3n de una tecnolog\u00eda.\" data-placement=\"top\" data-html=\"true\" >penetraci\u00f3n de una tecnolog\u00eda<\/a> est\u00e1 \u00edntimamente relacionado con la utilidad y satisfacci\u00f3n en el uso. Con la sencillez y seguridad. Con el precio y la reputaci\u00f3n. Por lo tanto, si las empresas fabrican software o hardware que cumple todos estos objetivos, pr\u00e1cticamente no har\u00e1 falta el entrenamiento adicional de los usuarios.<\/p>\n<div class=\"featured featured-grey\"><\/p>\n<h3>Penetraci\u00f3n de una tecnolog\u00eda<\/h3>\n<p>El art\u00edculo que encontrar\u00e9is en el enlace <a href=\"https:\/\/www.xatakandroid.com\/aplicaciones-android\/whatsapp-alcanza-los-1500-millones-de-usuarios-asi-ha-evolucionado-hasta-ser-la-app-de-mensajeria-mas-popular\" target=\"_blank\" rel=\"noopener\">https:\/\/www.xatakandroid.com\/aplicaciones-android\/whatsapp-alcanza-los-1500-millones-de-usuarios-asi-ha-evolucionado-hasta-ser-la-app-de-mensajeria-mas-popular<\/a> es un ejemplo de penetraci\u00f3n de una tecnolog\u00eda.<\/p>\n<p>\n<\/div>\n","protected":false},"excerpt":{"rendered":"<p>Las empresas son otro de los agentes de capacitaci\u00f3n digital. Antecedentes Antes de que las administraciones tomaran conciencia de que la capacitaci\u00f3n digital es un derecho ciudadano, ya hab\u00eda empresas que se ocupaban de ello. Ante la necesidad de estos ciudadanos de no quedarse atr\u00e1s con las TIC, todo un abanico de academias de inform\u00e1tica [&hellip;]<\/p>\n","protected":false},"author":1,"featured_media":0,"parent":0,"menu_order":0,"comment_status":"closed","ping_status":"closed","template":"","meta":[],"_links":{"self":[{"href":"http:\/\/dinamitzacio-social-digital-test.recursos.uoc.edu\/contextos-exclusio\/es\/wp-json\/wp\/v2\/pages\/392"}],"collection":[{"href":"http:\/\/dinamitzacio-social-digital-test.recursos.uoc.edu\/contextos-exclusio\/es\/wp-json\/wp\/v2\/pages"}],"about":[{"href":"http:\/\/dinamitzacio-social-digital-test.recursos.uoc.edu\/contextos-exclusio\/es\/wp-json\/wp\/v2\/types\/page"}],"author":[{"embeddable":true,"href":"http:\/\/dinamitzacio-social-digital-test.recursos.uoc.edu\/contextos-exclusio\/es\/wp-json\/wp\/v2\/users\/1"}],"replies":[{"embeddable":true,"href":"http:\/\/dinamitzacio-social-digital-test.recursos.uoc.edu\/contextos-exclusio\/es\/wp-json\/wp\/v2\/comments?post=392"}],"version-history":[{"count":8,"href":"http:\/\/dinamitzacio-social-digital-test.recursos.uoc.edu\/contextos-exclusio\/es\/wp-json\/wp\/v2\/pages\/392\/revisions"}],"predecessor-version":[{"id":911,"href":"http:\/\/dinamitzacio-social-digital-test.recursos.uoc.edu\/contextos-exclusio\/es\/wp-json\/wp\/v2\/pages\/392\/revisions\/911"}],"wp:attachment":[{"href":"http:\/\/dinamitzacio-social-digital-test.recursos.uoc.edu\/contextos-exclusio\/es\/wp-json\/wp\/v2\/media?parent=392"}],"curies":[{"name":"wp","href":"https:\/\/api.w.org\/{rel}","templated":true}]}}