{"id":403,"date":"2018-12-24T16:11:08","date_gmt":"2018-12-24T14:11:08","guid":{"rendered":"http:\/\/dinamitzacio-social-digital-test.recursos.uoc.edu\/contextos-exclusio\/?page_id=403"},"modified":"2021-02-01T11:43:34","modified_gmt":"2021-02-01T09:43:34","slug":"3-2-2-redes-de-telecentros","status":"publish","type":"page","link":"http:\/\/dinamitzacio-social-digital-test.recursos.uoc.edu\/contextos-exclusio\/es\/3-2-2-redes-de-telecentros\/","title":{"rendered":"3.2.2. Redes de telecentros"},"content":{"rendered":"<p>Normalmente, los telecentros se agrupan en redes<strong> territoriales<\/strong> (comarcales, regionales, estatales, supraestatals) o <strong>conceptuales<\/strong> (sociales, de teletrabajo, de empresa, etc.), para optimizar recursos. Por ejemplo, para agrupar la formaci\u00f3n interna de las personas dinamizadoras sociales digitales y conseguir m\u00e1s impacto. El trabajo en red facilita adem\u00e1s las sinergias entre los telecentros y tiene un componente de comunidad muy interesante.<\/p>\n<p>Algunos ejemplos:<\/p>\n<ul>\n<li><a href=\"http:\/\/xarxaomnia.gencat.cat\/\" target=\"_blank\" rel=\"noopener\"><strong>Red \u00d2mnia de Catalu\u00f1a<\/strong><\/a><strong>.<\/strong> Depende de la Direcci\u00f3n General de Acci\u00f3n C\u00edvica y Comunitaria de Bienestar Social, y tiene un triple objetivo: aprendizaje digital, empleabilidad y mejora comunitaria. Se orienta especialmente a las personas en situaci\u00f3n de desempleo, ni\u00f1os y j\u00f3venes, gente mayor y familias. Por lo tanto, es de especial importancia para las personas que estudian educaci\u00f3n social.<\/li>\n<li><a href=\"http:\/\/punttic.gencat.cat\/es\" target=\"_blank\" rel=\"noopener\"><strong>Red Punto TIC de Catalu\u00f1a<\/strong><\/a>. Coordinada desde la Secretar\u00eda de Telecomunicaciones, Ciberseguridad y Sociedad Digital, engloba <strong>todos<\/strong> los telecentros catalanes, los anteriores puntos \u00d2mnia y tambi\u00e9n otros menos \u00absociales\u00bb y enfocados al aprendizaje, el emprendimiento, el teletrabajo, etc. Hay telecentros de titularidad privada, municipal y otros creados expresamente por esta Secretar\u00eda.<\/li>\n<li><a href=\"https:\/\/somos-digital.org\/\" target=\"_blank\" rel=\"noopener\"><strong>Asociaci\u00f3n Somos Digital (Comunidad de Redes de Telecentros de Espa\u00f1a)<\/strong><\/a><\/li>\n<li><a href=\"http:\/\/all-digital.org\/\" target=\"_blank\" rel=\"noopener\"><strong>All Digital<\/strong><\/a> (asociaci\u00f3n europea formada por redes de telecentros y distintos actores para la capacitaci\u00f3n digital de la ciudadan\u00eda).<\/li>\n<\/ul>\n<p>&nbsp;<\/p>\n","protected":false},"excerpt":{"rendered":"<p>Normalmente, los telecentros se agrupan en redes territoriales (comarcales, regionales, estatales, supraestatals) o conceptuales (sociales, de teletrabajo, de empresa, etc.), para optimizar recursos. Por ejemplo, para agrupar la formaci\u00f3n interna de las personas dinamizadoras sociales digitales y conseguir m\u00e1s impacto. El trabajo en red facilita adem\u00e1s las sinergias entre los telecentros y tiene un componente [&hellip;]<\/p>\n","protected":false},"author":1,"featured_media":0,"parent":0,"menu_order":0,"comment_status":"closed","ping_status":"closed","template":"","meta":[],"_links":{"self":[{"href":"http:\/\/dinamitzacio-social-digital-test.recursos.uoc.edu\/contextos-exclusio\/es\/wp-json\/wp\/v2\/pages\/403"}],"collection":[{"href":"http:\/\/dinamitzacio-social-digital-test.recursos.uoc.edu\/contextos-exclusio\/es\/wp-json\/wp\/v2\/pages"}],"about":[{"href":"http:\/\/dinamitzacio-social-digital-test.recursos.uoc.edu\/contextos-exclusio\/es\/wp-json\/wp\/v2\/types\/page"}],"author":[{"embeddable":true,"href":"http:\/\/dinamitzacio-social-digital-test.recursos.uoc.edu\/contextos-exclusio\/es\/wp-json\/wp\/v2\/users\/1"}],"replies":[{"embeddable":true,"href":"http:\/\/dinamitzacio-social-digital-test.recursos.uoc.edu\/contextos-exclusio\/es\/wp-json\/wp\/v2\/comments?post=403"}],"version-history":[{"count":7,"href":"http:\/\/dinamitzacio-social-digital-test.recursos.uoc.edu\/contextos-exclusio\/es\/wp-json\/wp\/v2\/pages\/403\/revisions"}],"predecessor-version":[{"id":922,"href":"http:\/\/dinamitzacio-social-digital-test.recursos.uoc.edu\/contextos-exclusio\/es\/wp-json\/wp\/v2\/pages\/403\/revisions\/922"}],"wp:attachment":[{"href":"http:\/\/dinamitzacio-social-digital-test.recursos.uoc.edu\/contextos-exclusio\/es\/wp-json\/wp\/v2\/media?parent=403"}],"curies":[{"name":"wp","href":"https:\/\/api.w.org\/{rel}","templated":true}]}}