{"id":408,"date":"2018-12-24T16:29:13","date_gmt":"2018-12-24T14:29:13","guid":{"rendered":"http:\/\/dinamitzacio-social-digital-test.recursos.uoc.edu\/contextos-exclusio\/?page_id=408"},"modified":"2021-02-01T12:05:54","modified_gmt":"2021-02-01T10:05:54","slug":"3-2-4-otros-centros","status":"publish","type":"page","link":"http:\/\/dinamitzacio-social-digital-test.recursos.uoc.edu\/contextos-exclusio\/es\/3-2-4-otros-centros\/","title":{"rendered":"3.2.4. Otros centros"},"content":{"rendered":"<p>Como hemos comentado al principio del apartado \u00abRedes de telecentros\u00bb, el telecentro es el espacio por excelencia para implementar capacitaci\u00f3n digital. Pero no es el \u00fanico.<\/p>\n<p>Actualmente, tenemos todo un abanico de equipamientos que hacen tareas relacionadas y en los que un profesional de la educaci\u00f3n social con buenos conocimientos inform\u00e1ticos podr\u00eda trabajar:<\/p>\n<ul>\n<li><strong><em>Fab labs<\/em><\/strong><strong>.<\/strong> Surgidos con la irrupci\u00f3n de las impresoras 3D y el movimiento <em>maker<\/em>, normalmente tienen una vocaci\u00f3n divulgativa y una fuerte vocaci\u00f3n social en sus actividades. Dado que parece que esta tecnolog\u00eda ha venido para quedarse, y en breve se convertir\u00e1 en una nueva competencia digital, incluimos los <em>fab labs<\/em> en este apartado de telecentros \u00abespeciales\u00bb. En Catalunya existe la iniciativa <a href=\"https:\/\/catlabs.cat\/\" target=\"_blank\" rel=\"noopener\">CatLabs,<\/a> y en Barcelona, en concreto, existe una red de <a href=\"https:\/\/ajuntament.barcelona.cat\/digital\/es\/empoderamiento-digital\/educacion-y-capacitacion-digital\/ateneos-de-fabricacion\" target=\"_blank\" rel=\"noopener\">Ateneos de Fabricaci\u00f3n<\/a>.<\/li>\n<li><strong>Centros c\u00edvicos.<\/strong> Las programaciones de actividades de los centros c\u00edvicos incluyen a veces formaciones relacionadas con las TIC. Por ejemplo, el <a href=\"https:\/\/torrebarrina.l-h.cat\/\" target=\"_blank\" rel=\"noopener\">Centro de Creaci\u00f3n Audiovisual de Torrebarrina<\/a>, en L\u2019Hospitalet de Llobregat.<\/li>\n<li><strong>Bibliotecas.<\/strong> Dentro de su misi\u00f3n de ayudar a los ciudadanos, sobre todo en temas informacionales, ofrecen en sus programaciones a menudo actividades relacionadas con las competencias digitales, como los diferentes cursos de capacitaci\u00f3n digital que ofrece el programa <a href=\"https:\/\/ajuntament.barcelona.cat\/biblioteques\/es\/canal\/antenes-cibern%C3%A0rium\" target=\"_blank\" rel=\"noopener\">Antenas Cibern\u00e0rium<\/a> o el proyecto <a href=\"https:\/\/www.diba.cat\/es\/web\/biblioteques\/bibliolab1\" target=\"_blank\" rel=\"noopener\">Bibliolab<\/a> de la Diputaci\u00f3n de Barcelona, formulan espec\u00edficamente en sus objetivos estas ideas (\u00abel acceso al conocimiento a trav\u00e9s de la experimentaci\u00f3n y metodolog\u00edas innovadoras y creativas en un entorno colaborativo abierto a la ciudadan\u00eda\u00bb).<\/li>\n<li><strong>Espacios de <em>co-work<\/em>.<\/strong> Seg\u00fan dice Viquip\u00e8dia, <em>co-working<\/em> \u00abes una manera de trabajar que permite a profesionales independientes, emprendedores y pymes de diferentes sectores compartir un mismo espacio de trabajo, tanto f\u00edsico como virtual, para desarrollar los proyectos profesionales de manera independiente, a la vez que fomentan proyectos conjuntos\u00bb. Los incluimos aqu\u00ed por su fuerte vinculaci\u00f3n con emprendimiento de base tecnol\u00f3gica o que usa las TIC. A menudo, los espacios de <em>co-work<\/em> proveen a sus asociados de las competencias tecnol\u00f3gicas que necesitan.<\/li>\n<li><strong>Centros de formaci\u00f3n ocupacional y d<\/strong><strong>e apoyo a la empresa<\/strong><strong>.<\/strong> Promueven acciones de formaci\u00f3n profesional para el empleo, de calidad y adaptadas a las necesidades de las personas, de las empresas y de los territorios, de acuerdo con los requisitos del sistema de formaci\u00f3n y calificaci\u00f3n profesionales del territorio. Pod\u00e9is encontrar m\u00e1s informaci\u00f3n en este enlace:\u00a0<a href=\"https:\/\/serveiocupacio.gencat.cat\/es\/soc\/centres-dinnovacio-i-formacio-ocupacional-cifo\/index.html\" target=\"_blank\" rel=\"noopener\">https:\/\/serveiocupacio.gencat.cat\/es\/soc\/centres-dinnovacio-i-formacio-ocupacional-cifo\/index.html<\/a>.\u00a0 Obviamente, esto incluye el reciclaje formativo tecnol\u00f3gico y la mejora de competencias de los trabajadores. Un trabajador no alfabetizado tecnol\u00f3gicamente tiene menos oportunidades de empleabilidad y, por lo tanto, de quedar excluido. Suelen tener acciones formativas de larga duraci\u00f3n profesionalizadoras.<\/li>\n<li><strong>Centros educativos.<\/strong> No hay ninguna duda de la importancia de mejorar las competencias tecnol\u00f3gicas ya desde el <a href=\"javascript:void(0);\" class=\"tooltip\" data-toggle=\"popover\" data-placement=\"bottom\" data-content=\"Observad en el enlace <a href='http:\/\/www.educacionyfp.gob.es\/educacion\/mc\/lomce\/lomce\/itinerarios.html' target='_blank'> http:\/\/www.educacionyfp.gob.es\/educacion\/mc\/lomce\/lomce\/itinerarios.html<\/a> los 3 \u00absaberes\u00bb como objetivos.\" data-placement=\"top\" data-html=\"true\" >itinerario curricular educativo<\/a>. Los centros educativos hacen una tarea fundamental en este sentido, en la franja de edad m\u00e1s joven. Tambi\u00e9n en este sentido es muy importante el papel de los <a href=\"http:\/\/queestudiar.gencat.cat\/ca\/estudis\/adults\" target=\"_blank\" rel=\"noopener\">centros de formaci\u00f3n de adultos<\/a> existentes por todas partes, que normalmente programan cursos relacionados con capacitaci\u00f3n digital.<\/li>\n<li><strong>Espacios de divulgaci\u00f3n tecnol\u00f3gica.<\/strong> Dentro este caj\u00f3n, incluimos toda direcci\u00f3n de equipamientos de distinta titularidad que de una manera u otra divulgan entre los ciudadanos la tecnolog\u00eda de manera regular. En Barcelona, tenemos diferentes ejemplos como por ejemplo <a href=\"https:\/\/cosmocaixa.es\/es\/cosmocaixa-barcelona\" target=\"_blank\" rel=\"noopener\">Cosmocaixa<\/a> (privado), el <a href=\"https:\/\/www.citilab.eu\/\" target=\"_blank\" rel=\"noopener\">Citilab<\/a> (consorcio p\u00fablico-privado), el <a href=\"https:\/\/www.movistarcentre.com\/\" target=\"_blank\" rel=\"noopener\">Movistar Centre<\/a> (privado), el <a href=\"http:\/\/librarylivinglab.cvc.uab.cat\/\" target=\"_blank\" rel=\"noopener\">Living Lab de Sant Cugat<\/a> (cu\u00e1druple h\u00e9lice), etc.<\/li>\n<\/ul>\n","protected":false},"excerpt":{"rendered":"<p>Como hemos comentado al principio del apartado \u00abRedes de telecentros\u00bb, el telecentro es el espacio por excelencia para implementar capacitaci\u00f3n digital. Pero no es el \u00fanico. Actualmente, tenemos todo un abanico de equipamientos que hacen tareas relacionadas y en los que un profesional de la educaci\u00f3n social con buenos conocimientos inform\u00e1ticos podr\u00eda trabajar: Fab labs. [&hellip;]<\/p>\n","protected":false},"author":1,"featured_media":0,"parent":0,"menu_order":0,"comment_status":"closed","ping_status":"closed","template":"","meta":[],"_links":{"self":[{"href":"http:\/\/dinamitzacio-social-digital-test.recursos.uoc.edu\/contextos-exclusio\/es\/wp-json\/wp\/v2\/pages\/408"}],"collection":[{"href":"http:\/\/dinamitzacio-social-digital-test.recursos.uoc.edu\/contextos-exclusio\/es\/wp-json\/wp\/v2\/pages"}],"about":[{"href":"http:\/\/dinamitzacio-social-digital-test.recursos.uoc.edu\/contextos-exclusio\/es\/wp-json\/wp\/v2\/types\/page"}],"author":[{"embeddable":true,"href":"http:\/\/dinamitzacio-social-digital-test.recursos.uoc.edu\/contextos-exclusio\/es\/wp-json\/wp\/v2\/users\/1"}],"replies":[{"embeddable":true,"href":"http:\/\/dinamitzacio-social-digital-test.recursos.uoc.edu\/contextos-exclusio\/es\/wp-json\/wp\/v2\/comments?post=408"}],"version-history":[{"count":10,"href":"http:\/\/dinamitzacio-social-digital-test.recursos.uoc.edu\/contextos-exclusio\/es\/wp-json\/wp\/v2\/pages\/408\/revisions"}],"predecessor-version":[{"id":931,"href":"http:\/\/dinamitzacio-social-digital-test.recursos.uoc.edu\/contextos-exclusio\/es\/wp-json\/wp\/v2\/pages\/408\/revisions\/931"}],"wp:attachment":[{"href":"http:\/\/dinamitzacio-social-digital-test.recursos.uoc.edu\/contextos-exclusio\/es\/wp-json\/wp\/v2\/media?parent=408"}],"curies":[{"name":"wp","href":"https:\/\/api.w.org\/{rel}","templated":true}]}}