{"id":415,"date":"2018-12-27T09:38:17","date_gmt":"2018-12-27T07:38:17","guid":{"rendered":"http:\/\/dinamitzacio-social-digital-test.recursos.uoc.edu\/contextos-exclusio\/?page_id=415"},"modified":"2021-02-02T10:39:44","modified_gmt":"2021-02-02T08:39:44","slug":"3-4-1-justificacion","status":"publish","type":"page","link":"http:\/\/dinamitzacio-social-digital-test.recursos.uoc.edu\/contextos-exclusio\/es\/3-4-1-justificacion\/","title":{"rendered":"3.4.1. Justificaci\u00f3n"},"content":{"rendered":"<p>En la l\u00ednea de ir de lo general a lo concreto, y una vez visto el papel que tiene el profesional de la educaci\u00f3n social en sentido amplio, tenemos que hablar del perfil profesional que utiliza la tecnolog\u00eda de manera m\u00e1s eficiente para la mejora social.<\/p>\n<p>En la encuesta efectuada en 2017 por la <a href=\"https:\/\/dinamitzatic.cat\/\" target=\"_blank\" rel=\"noopener\">Asociaci\u00f3n de Profesionales de la Dinamizaci\u00f3n Social Digital\u00a0<\/a> sobre una muestra de 106 personas trabajando en diferentes redes de telecentros, m\u00e1s del 60 % de los encuestados afirmaron que proven\u00edan de carreras sociales (b\u00e1sicamente, Trabajo Social y Educaci\u00f3n Social).\u00a0Se trata, por lo tanto, de un claro nicho de trabajo para las personas que est\u00e1is estudiando Educaci\u00f3n Social.<\/p>\n<figure id=\"attachment_158\" aria-describedby=\"caption-attachment-158\" style=\"width: 800px\" class=\"wp-caption alignnone\"><img loading=\"lazy\" class=\"wp-image-158 size-full\" src=\"\/wp-content\/uploads\/sites\/6\/2018\/12\/02532_m15.jpg\" alt=\"\" width=\"800\" height=\"163\" srcset=\"\/wp-content\/uploads\/sites\/6\/2018\/12\/02532_m15.jpg 800w, \/wp-content\/uploads\/sites\/6\/2018\/12\/02532_m15-300x61.jpg 300w, \/wp-content\/uploads\/sites\/6\/2018\/12\/02532_m15-768x156.jpg 768w\" sizes=\"(max-width: 800px) 100vw, 800px\" \/><figcaption id=\"caption-attachment-158\" class=\"wp-caption-text\">Fuente: encuesta profesionales de la dinamizaci\u00f3n social digital 2017 (<a href=\"https:\/\/sites.google.com\/view\/dinamitzatic\/enquesta?authuser=0\" target=\"_blank\" rel=\"noopener\">https:\/\/sites.google.com\/view\/dinamitzatic\/enquesta?authuser=0<\/a>)<\/figcaption><\/figure>\n<p>Esto tambi\u00e9n se puede observar en <a href=\"https:\/\/contractaciopublica.gencat.cat\/ecofin_pscp\/AppJava\/notice.pscp?reqCode=viewCn&amp;idDoc=57561716&amp;lawType=2\" target=\"_blank\" rel=\"noopener\">los pliegues de condiciones de los concursos p\u00fablicos<\/a> para las entidades que quieren acceder a la gesti\u00f3n de estos espacios, y en los que se especifica la titulaci\u00f3n recomendada de las personas gestoras.<\/p>\n<p>Se trata, por lo tanto, de un claro nicho de trabajo para las personas que est\u00e1is estudiando Educaci\u00f3n Social.<\/p>\n","protected":false},"excerpt":{"rendered":"<p>En la l\u00ednea de ir de lo general a lo concreto, y una vez visto el papel que tiene el profesional de la educaci\u00f3n social en sentido amplio, tenemos que hablar del perfil profesional que utiliza la tecnolog\u00eda de manera m\u00e1s eficiente para la mejora social. En la encuesta efectuada en 2017 por la Asociaci\u00f3n [&hellip;]<\/p>\n","protected":false},"author":1,"featured_media":0,"parent":0,"menu_order":0,"comment_status":"closed","ping_status":"closed","template":"","meta":[],"_links":{"self":[{"href":"http:\/\/dinamitzacio-social-digital-test.recursos.uoc.edu\/contextos-exclusio\/es\/wp-json\/wp\/v2\/pages\/415"}],"collection":[{"href":"http:\/\/dinamitzacio-social-digital-test.recursos.uoc.edu\/contextos-exclusio\/es\/wp-json\/wp\/v2\/pages"}],"about":[{"href":"http:\/\/dinamitzacio-social-digital-test.recursos.uoc.edu\/contextos-exclusio\/es\/wp-json\/wp\/v2\/types\/page"}],"author":[{"embeddable":true,"href":"http:\/\/dinamitzacio-social-digital-test.recursos.uoc.edu\/contextos-exclusio\/es\/wp-json\/wp\/v2\/users\/1"}],"replies":[{"embeddable":true,"href":"http:\/\/dinamitzacio-social-digital-test.recursos.uoc.edu\/contextos-exclusio\/es\/wp-json\/wp\/v2\/comments?post=415"}],"version-history":[{"count":10,"href":"http:\/\/dinamitzacio-social-digital-test.recursos.uoc.edu\/contextos-exclusio\/es\/wp-json\/wp\/v2\/pages\/415\/revisions"}],"predecessor-version":[{"id":939,"href":"http:\/\/dinamitzacio-social-digital-test.recursos.uoc.edu\/contextos-exclusio\/es\/wp-json\/wp\/v2\/pages\/415\/revisions\/939"}],"wp:attachment":[{"href":"http:\/\/dinamitzacio-social-digital-test.recursos.uoc.edu\/contextos-exclusio\/es\/wp-json\/wp\/v2\/media?parent=415"}],"curies":[{"name":"wp","href":"https:\/\/api.w.org\/{rel}","templated":true}]}}