{"id":443,"date":"2018-12-27T10:27:41","date_gmt":"2018-12-27T08:27:41","guid":{"rendered":"http:\/\/dinamitzacio-social-digital-test.recursos.uoc.edu\/contextos-exclusio\/?page_id=443"},"modified":"2019-02-04T11:05:34","modified_gmt":"2019-02-04T09:05:34","slug":"resumen","status":"publish","type":"page","link":"http:\/\/dinamitzacio-social-digital-test.recursos.uoc.edu\/contextos-exclusio\/es\/resumen\/","title":{"rendered":"Resumen"},"content":{"rendered":"<p>Nuestra sociedad es cada vez m\u00e1s digital. Esta digitalizaci\u00f3n no llega por igual a todo el mundo. Esta exclusi\u00f3n digital puede favorecer una exclusi\u00f3n social.<\/p>\n<p>Hay factores que influyen en el hecho de que las personas queden excluidas digitalmente o no. Factores t\u00e9cnicos y comerciales, educativos, psicol\u00f3gicos, socioecon\u00f3micos y pol\u00edticos que hay que combatir de diferentes maneras, pero principalmente con estrategias de capacitaci\u00f3n digital. Hay que definir las competencias b\u00e1sicas digitales e implementar acciones de inclusi\u00f3n electr\u00f3nica, para evitar la exclusi\u00f3n digital.<\/p>\n<p>Esta se produce en diferentes contextos. Podemos verla en actividades que consideramos habituales, como por ejemplo las relacionadas con el trabajo y la formaci\u00f3n, las compras y los tr\u00e1mites, el acceso a la informaci\u00f3n y en la manera de relacionarnos y comunicarnos.<\/p>\n<p>Todo el mundo puede tener problemas de exclusi\u00f3n digital, pero hay algunas personas pertenecientes a colectivos determinados que, por sus caracter\u00edsticas, tienen m\u00e1s riesgo de caer en la misma. Personas discapacitadas; gente mayor; personas adultas maduras; mujeres; j\u00f3venes; personas del cuarto mundo; personas en situaci\u00f3n de b\u00fasqueda de trabajo; personas inmigrantes; personas gitanas; personas privadas de libertad; ni\u00f1os; personas con enfermedades mentales; emprendedores y peque\u00f1os comercios; trabajadores en general; personas del mundo rural, etc. En realidad, pr\u00e1cticamente todo el mundo.<\/p>\n<p>Varios agentes se ocupan de revertir esta situaci\u00f3n. Administraci\u00f3n, empresas, entidades y ciudadan\u00eda pueden contribuir a la reducci\u00f3n de la brecha digital. Las personas educadores sociales son profesionales que pueden detectar situaciones en las que haya que implementar acciones de capacitaci\u00f3n digital, pero m\u00e1s espec\u00edficamente los telecentros y las personas dinamizadoras sociales digitales son los especialistas en este tema.<\/p>\n","protected":false},"excerpt":{"rendered":"<p>Nuestra sociedad es cada vez m\u00e1s digital. Esta digitalizaci\u00f3n no llega por igual a todo el mundo. Esta exclusi\u00f3n digital puede favorecer una exclusi\u00f3n social. Hay factores que influyen en el hecho de que las personas queden excluidas digitalmente o no. Factores t\u00e9cnicos y comerciales, educativos, psicol\u00f3gicos, socioecon\u00f3micos y pol\u00edticos que hay que combatir de [&hellip;]<\/p>\n","protected":false},"author":1,"featured_media":0,"parent":0,"menu_order":0,"comment_status":"closed","ping_status":"closed","template":"","meta":[],"_links":{"self":[{"href":"http:\/\/dinamitzacio-social-digital-test.recursos.uoc.edu\/contextos-exclusio\/es\/wp-json\/wp\/v2\/pages\/443"}],"collection":[{"href":"http:\/\/dinamitzacio-social-digital-test.recursos.uoc.edu\/contextos-exclusio\/es\/wp-json\/wp\/v2\/pages"}],"about":[{"href":"http:\/\/dinamitzacio-social-digital-test.recursos.uoc.edu\/contextos-exclusio\/es\/wp-json\/wp\/v2\/types\/page"}],"author":[{"embeddable":true,"href":"http:\/\/dinamitzacio-social-digital-test.recursos.uoc.edu\/contextos-exclusio\/es\/wp-json\/wp\/v2\/users\/1"}],"replies":[{"embeddable":true,"href":"http:\/\/dinamitzacio-social-digital-test.recursos.uoc.edu\/contextos-exclusio\/es\/wp-json\/wp\/v2\/comments?post=443"}],"version-history":[{"count":2,"href":"http:\/\/dinamitzacio-social-digital-test.recursos.uoc.edu\/contextos-exclusio\/es\/wp-json\/wp\/v2\/pages\/443\/revisions"}],"predecessor-version":[{"id":765,"href":"http:\/\/dinamitzacio-social-digital-test.recursos.uoc.edu\/contextos-exclusio\/es\/wp-json\/wp\/v2\/pages\/443\/revisions\/765"}],"wp:attachment":[{"href":"http:\/\/dinamitzacio-social-digital-test.recursos.uoc.edu\/contextos-exclusio\/es\/wp-json\/wp\/v2\/media?parent=443"}],"curies":[{"name":"wp","href":"https:\/\/api.w.org\/{rel}","templated":true}]}}