{"id":104,"date":"2018-12-12T00:54:59","date_gmt":"2018-12-11T22:54:59","guid":{"rendered":"http:\/\/dinamitzacio-social-digital-test.recursos.uoc.edu\/contextos-exclusio\/?page_id=104"},"modified":"2019-01-09T11:30:24","modified_gmt":"2019-01-09T09:30:24","slug":"2-4-8-persones-en-situacio-de-cerca-de-feina","status":"publish","type":"page","link":"http:\/\/dinamitzacio-social-digital-test.recursos.uoc.edu\/contextos-exclusio\/2-4-8-persones-en-situacio-de-cerca-de-feina\/","title":{"rendered":"2.4.8. Persones en situaci\u00f3 de cerca de feina"},"content":{"rendered":"<p>Actualment \u00e9s dif\u00edcil trobar feines en les quals no hi hagi tecnologia pel mig. Fins i tot les m\u00e9s manuals i rutin\u00e0ries hi tenen una relaci\u00f3 indirecta. Aix\u00ed, la capacitaci\u00f3 digital s\u2019ent\u00e9n actualment com una part dels requisits m\u00ednims per a entrar a qualsevol feina i mantenir-la.<\/p>\n<p>Tant les persones que busquen feina per primera vegada com les que s\u2019acaben de quedar a l\u2019atur o les aturades de llarga durada poden presentar mancances en compet\u00e8ncies digitals, concretament a l\u2019hora d\u2019aplicar-les en la cerca de feina. Actualment, la majoria d\u2019empreses publiquen les seves ofertes de feina a la xarxa, i fins i tot alguns tr\u00e0mits administratius relacionats amb l\u2019atur potser nom\u00e9s es poden fer en l\u00ednia.<\/p>\n<p>Tanmateix, cal tenir en compte que es tracta d\u2019un col\u00b7lectiu for\u00e7a divers, amb situacions, nivells educatius, coneixements (especialment en l\u2019\u00fas de les TIC), experi\u00e8ncies, necessitats i interessos for\u00e7a variats. Per aix\u00f2 \u00e9s important poder atendre aquesta diversitat i oferir unes accions que siguin efectives per\u00f2 alhora adaptables a aquestes especificitats.<\/p>\n<p>Per tant, podem contemplar diferents focus (que no han de ser necess\u00e0riament incompatibles) segons les necessitats. Alguns d\u2019aquests poden ser els seg\u00fcents:<\/p>\n<ul>\n<li>Reciclatge per a la capacitaci\u00f3 digital, especialment en eines de comunicaci\u00f3 i de productivitat.<\/li>\n<li>Eines espec\u00edfiques de cerca de feina amb mitjans electr\u00f2nics: digitalitzaci\u00f3 del CV, emmagatzemament en l\u00ednia i fora de l\u00ednia, enviament per correu electr\u00f2nic o formularis en l\u00ednia, inscripci\u00f3 a portals de feina (p\u00fablics i privats, per mitj\u00e0 del web o del tel\u00e8fon intel\u00b7ligent), creaci\u00f3 de perfils en xarxes especialitzades) i coneixements sobre reputaci\u00f3 en l\u00ednia per tal de que aquesta sumi i no resti. En aquest focus, \u00e9s important assegurar que les persones destinat\u00e0ries tenen els coneixements m\u00ednims requerits per a poder seguir el curs adequadament i, en el cas que no el puguin seguir, adre\u00e7ar-les de manera adequada o adequar la formaci\u00f3 a aquests nivells.<\/li>\n<li>L\u2019acci\u00f3 inclour\u00e0 sovint grans dosis de motivaci\u00f3 i perseveran\u00e7a, ja que els processos de cerca de feina poden ser molt llargs. L\u2019acompanyament individualitzat o la fidelitzaci\u00f3 al servei en franges d\u2019acc\u00e9s lliure per a fer un seguiment poden resultar \u00fatils en aquests casos.<\/li>\n<\/ul>\n<p>Normalment les administracions auton\u00f2miques i locals tenen <a href=\"javascript:void(0);\" class=\"tooltip\" data-toggle=\"popover\" data-placement=\"bottom\" data-content=\"En l\u2019enlla\u00e7 <a href='https:\/\/www.oficinadetreball.gencat.cat\/socfuncions\/CercadorCursosSimple.do' target='_blank'>https:\/\/www.oficinadetreball.gencat.cat\/socfuncions\/CercadorCursosSimple.do<\/a> es poden buscar cursos sobre algun tema (magatzem, administraci\u00f3, etc.).\" data-placement=\"top\" data-html=\"true\" >centres de formaci\u00f3 ocupacional<\/a> amb programes espec\u00edfics adre\u00e7ats a cobrir aquestes demandes, per\u00f2 en per\u00edodes de crisis solen estar massificats. Tenen una llarga durada que pot superar en molts casos les sis-centes hores i solen incorporar els continguts sobre TIC.<\/p>\n","protected":false},"excerpt":{"rendered":"<p>Actualment \u00e9s dif\u00edcil trobar feines en les quals no hi hagi tecnologia pel mig. Fins i tot les m\u00e9s manuals i rutin\u00e0ries hi tenen una relaci\u00f3 indirecta. Aix\u00ed, la capacitaci\u00f3 digital s\u2019ent\u00e9n actualment com una part dels requisits m\u00ednims per a entrar a qualsevol feina i mantenir-la. Tant les persones que busquen feina per primera [&hellip;]<\/p>\n","protected":false},"author":1,"featured_media":0,"parent":0,"menu_order":0,"comment_status":"closed","ping_status":"closed","template":"","meta":[],"_links":{"self":[{"href":"http:\/\/dinamitzacio-social-digital-test.recursos.uoc.edu\/contextos-exclusio\/wp-json\/wp\/v2\/pages\/104"}],"collection":[{"href":"http:\/\/dinamitzacio-social-digital-test.recursos.uoc.edu\/contextos-exclusio\/wp-json\/wp\/v2\/pages"}],"about":[{"href":"http:\/\/dinamitzacio-social-digital-test.recursos.uoc.edu\/contextos-exclusio\/wp-json\/wp\/v2\/types\/page"}],"author":[{"embeddable":true,"href":"http:\/\/dinamitzacio-social-digital-test.recursos.uoc.edu\/contextos-exclusio\/wp-json\/wp\/v2\/users\/1"}],"replies":[{"embeddable":true,"href":"http:\/\/dinamitzacio-social-digital-test.recursos.uoc.edu\/contextos-exclusio\/wp-json\/wp\/v2\/comments?post=104"}],"version-history":[{"count":4,"href":"http:\/\/dinamitzacio-social-digital-test.recursos.uoc.edu\/contextos-exclusio\/wp-json\/wp\/v2\/pages\/104\/revisions"}],"predecessor-version":[{"id":567,"href":"http:\/\/dinamitzacio-social-digital-test.recursos.uoc.edu\/contextos-exclusio\/wp-json\/wp\/v2\/pages\/104\/revisions\/567"}],"wp:attachment":[{"href":"http:\/\/dinamitzacio-social-digital-test.recursos.uoc.edu\/contextos-exclusio\/wp-json\/wp\/v2\/media?parent=104"}],"curies":[{"name":"wp","href":"https:\/\/api.w.org\/{rel}","templated":true}]}}