{"id":108,"date":"2018-12-12T00:57:32","date_gmt":"2018-12-11T22:57:32","guid":{"rendered":"http:\/\/dinamitzacio-social-digital-test.recursos.uoc.edu\/contextos-exclusio\/?page_id=108"},"modified":"2019-01-09T10:24:37","modified_gmt":"2019-01-09T08:24:37","slug":"2-4-10-persones-del-mon-gitano","status":"publish","type":"page","link":"http:\/\/dinamitzacio-social-digital-test.recursos.uoc.edu\/contextos-exclusio\/2-4-10-persones-del-mon-gitano\/","title":{"rendered":"2.4.10. Persones del m\u00f3n gitano"},"content":{"rendered":"<p>Hi ha minories \u00e8tniques, com ara els gitanos, amb algunes particularitats que fan que es multipliquin les dificultats per a accedir a la formaci\u00f3 i els col\u00b7loca en risc d\u2019exclusi\u00f3 digital:<\/p>\n<ul>\n<li>Una baixa alfabetitzaci\u00f3 funcional entre els adults, superior al 25 %<\/li>\n<li>Un nivell d\u2019absentisme escolar m\u00e9s alt de l\u2019habitual<\/li>\n<li>Un alt prejudici social basat en estereotips<\/li>\n<li>Una visi\u00f3 de la igualtat de g\u00e8nere encara una mica diferent de la de la resta de la societat<\/li>\n<li>Un nivell econ\u00f2mic generalment m\u00e9s baix que la resta<\/li>\n<\/ul>\n<p>En aquesta situaci\u00f3, parlar d\u2019e-inclusi\u00f3 es fa complex, sobretot si es tracta d\u2019una dona adulta gitana.<\/p>\n<p>I de nou tamb\u00e9, els beneficis poden ser molts:<\/p>\n<ul>\n<li>Augment de la capacitaci\u00f3 laboral<\/li>\n<li>Augment de les possibilitats de millorar el sentiment de pertinen\u00e7a grupal (mitjan\u00e7ant portals, f\u00f2rums, xarxes, etc.)<\/li>\n<li>Possibilitat de trobar recursos que ajudin a millorar el nivell de benestar (feina, estudis, ajuts entitats, etc.)<\/li>\n<\/ul>\n<p>L\u2019e-inclusi\u00f3 haur\u00e0 de valorar si la formaci\u00f3 s\u2019ha de fer segregada o no i quins coneixements cal impartir.<\/p>\n<div class=\"featured featured-grey\"><p><strong>Punt \u00d2mnia Ga\u00f3 Kal\u00f3<\/strong><\/p>\n<p>En l\u2019enlla\u00e7 <a href=\"http:\/\/xarxaomnia.gencat.cat\/punt-omnia\/punt-mnia-ga-kal\" target=\"_blank\" rel=\"noopener\">http:\/\/xarxaomnia.gencat.cat\/punt-omnia\/punt-mnia-ga-kal<\/a> podreu observar com treballa el Punt \u00d2mnia Ga\u00f3 Kal\u00f3 de Gr\u00e0cia.<\/p>\n<\/div>\n","protected":false},"excerpt":{"rendered":"<p>Hi ha minories \u00e8tniques, com ara els gitanos, amb algunes particularitats que fan que es multipliquin les dificultats per a accedir a la formaci\u00f3 i els col\u00b7loca en risc d\u2019exclusi\u00f3 digital: Una baixa alfabetitzaci\u00f3 funcional entre els adults, superior al 25 % Un nivell d\u2019absentisme escolar m\u00e9s alt de l\u2019habitual Un alt prejudici social basat [&hellip;]<\/p>\n","protected":false},"author":1,"featured_media":0,"parent":0,"menu_order":0,"comment_status":"closed","ping_status":"closed","template":"","meta":[],"_links":{"self":[{"href":"http:\/\/dinamitzacio-social-digital-test.recursos.uoc.edu\/contextos-exclusio\/wp-json\/wp\/v2\/pages\/108"}],"collection":[{"href":"http:\/\/dinamitzacio-social-digital-test.recursos.uoc.edu\/contextos-exclusio\/wp-json\/wp\/v2\/pages"}],"about":[{"href":"http:\/\/dinamitzacio-social-digital-test.recursos.uoc.edu\/contextos-exclusio\/wp-json\/wp\/v2\/types\/page"}],"author":[{"embeddable":true,"href":"http:\/\/dinamitzacio-social-digital-test.recursos.uoc.edu\/contextos-exclusio\/wp-json\/wp\/v2\/users\/1"}],"replies":[{"embeddable":true,"href":"http:\/\/dinamitzacio-social-digital-test.recursos.uoc.edu\/contextos-exclusio\/wp-json\/wp\/v2\/comments?post=108"}],"version-history":[{"count":3,"href":"http:\/\/dinamitzacio-social-digital-test.recursos.uoc.edu\/contextos-exclusio\/wp-json\/wp\/v2\/pages\/108\/revisions"}],"predecessor-version":[{"id":526,"href":"http:\/\/dinamitzacio-social-digital-test.recursos.uoc.edu\/contextos-exclusio\/wp-json\/wp\/v2\/pages\/108\/revisions\/526"}],"wp:attachment":[{"href":"http:\/\/dinamitzacio-social-digital-test.recursos.uoc.edu\/contextos-exclusio\/wp-json\/wp\/v2\/media?parent=108"}],"curies":[{"name":"wp","href":"https:\/\/api.w.org\/{rel}","templated":true}]}}