{"id":117,"date":"2018-12-12T01:06:15","date_gmt":"2018-12-11T23:06:15","guid":{"rendered":"http:\/\/dinamitzacio-social-digital-test.recursos.uoc.edu\/contextos-exclusio\/?page_id=117"},"modified":"2019-01-09T11:31:55","modified_gmt":"2019-01-09T09:31:55","slug":"2-4-13-persones-amb-malalties-mentals","status":"publish","type":"page","link":"http:\/\/dinamitzacio-social-digital-test.recursos.uoc.edu\/contextos-exclusio\/2-4-13-persones-amb-malalties-mentals\/","title":{"rendered":"2.4.13. Persones amb malalties mentals"},"content":{"rendered":"<p>La gran difer\u00e8ncia de caracter\u00edstiques segons la malaltia mental fa dif\u00edcil establir quina \u00e9s la millor manera de treballar la capacitaci\u00f3 digital. Les persones institucionalitzades de vegades no tenen acc\u00e9s a recursos digitals o queden al marge de formacions de capacitaci\u00f3.<\/p>\n<p>Altres tenen contraindicat l\u2019acc\u00e9s a causa de la seva malaltia. Fins i tot les mateixes eines TIC poden ser el motiu de la malaltia, com en el cas de les <a href=\"javascript:void(0);\" class=\"tooltip\" data-toggle=\"popover\" data-placement=\"bottom\" data-content=\"En l\u2019enlla\u00e7 <a href='https:\/\/www.bbc.com\/mundo\/noticias-43104758' target='_blank'>https:\/\/www.bbc.com\/mundo\/noticias-43104758<\/a> trobareu un exemple de cl\u00ednica de desintoxicaci\u00f3 tecnol\u00f3gica.\" data-placement=\"top\" data-html=\"true\" >addiccions a les tecnologies<\/a>. Algunes vegades es fan servir les TIC per a millorar la malaltia mental. Un exemple podria ser l\u2019\u00fas dels simuladors de vol per a mitigar la por a volar.<\/p>\n<p>I, en general, simplement es dona l\u2019oportunitat a aquestes persones perqu\u00e8 tinguin les mateixes compet\u00e8ncies digitals que la resta.<\/p>\n<div class=\"featured featured-grey\"><p><strong>Punt \u00d2mnia de la Fundaci\u00f3 Marianao<\/strong><\/p>\n<p>En l\u2019enlla\u00e7 <a href=\"https:\/\/es.slideshare.net\/pepoliveras\/activitats-salut-mnia-marianao\" target=\"_blank\" rel=\"noopener\">https:\/\/es.slideshare.net\/pepoliveras\/activitats-salut-mnia-marianao<\/a> podeu veure com treballa el punt \u00d2mnia de la Fundaci\u00f3 Marianao amb persones malaltes mentals de l\u2019Hospital Benito Menni.<\/p>\n<\/div>\n","protected":false},"excerpt":{"rendered":"<p>La gran difer\u00e8ncia de caracter\u00edstiques segons la malaltia mental fa dif\u00edcil establir quina \u00e9s la millor manera de treballar la capacitaci\u00f3 digital. Les persones institucionalitzades de vegades no tenen acc\u00e9s a recursos digitals o queden al marge de formacions de capacitaci\u00f3. Altres tenen contraindicat l\u2019acc\u00e9s a causa de la seva malaltia. Fins i tot les [&hellip;]<\/p>\n","protected":false},"author":1,"featured_media":0,"parent":0,"menu_order":0,"comment_status":"closed","ping_status":"closed","template":"","meta":[],"_links":{"self":[{"href":"http:\/\/dinamitzacio-social-digital-test.recursos.uoc.edu\/contextos-exclusio\/wp-json\/wp\/v2\/pages\/117"}],"collection":[{"href":"http:\/\/dinamitzacio-social-digital-test.recursos.uoc.edu\/contextos-exclusio\/wp-json\/wp\/v2\/pages"}],"about":[{"href":"http:\/\/dinamitzacio-social-digital-test.recursos.uoc.edu\/contextos-exclusio\/wp-json\/wp\/v2\/types\/page"}],"author":[{"embeddable":true,"href":"http:\/\/dinamitzacio-social-digital-test.recursos.uoc.edu\/contextos-exclusio\/wp-json\/wp\/v2\/users\/1"}],"replies":[{"embeddable":true,"href":"http:\/\/dinamitzacio-social-digital-test.recursos.uoc.edu\/contextos-exclusio\/wp-json\/wp\/v2\/comments?post=117"}],"version-history":[{"count":3,"href":"http:\/\/dinamitzacio-social-digital-test.recursos.uoc.edu\/contextos-exclusio\/wp-json\/wp\/v2\/pages\/117\/revisions"}],"predecessor-version":[{"id":529,"href":"http:\/\/dinamitzacio-social-digital-test.recursos.uoc.edu\/contextos-exclusio\/wp-json\/wp\/v2\/pages\/117\/revisions\/529"}],"wp:attachment":[{"href":"http:\/\/dinamitzacio-social-digital-test.recursos.uoc.edu\/contextos-exclusio\/wp-json\/wp\/v2\/media?parent=117"}],"curies":[{"name":"wp","href":"https:\/\/api.w.org\/{rel}","templated":true}]}}