{"id":120,"date":"2018-12-12T01:07:48","date_gmt":"2018-12-11T23:07:48","guid":{"rendered":"http:\/\/dinamitzacio-social-digital-test.recursos.uoc.edu\/contextos-exclusio\/?page_id=120"},"modified":"2019-01-09T10:26:28","modified_gmt":"2019-01-09T08:26:28","slug":"2-4-14-persones-emprenedores-i-petits-comercos-treballadors-en-general","status":"publish","type":"page","link":"http:\/\/dinamitzacio-social-digital-test.recursos.uoc.edu\/contextos-exclusio\/2-4-14-persones-emprenedores-i-petits-comercos-treballadors-en-general\/","title":{"rendered":"2.4.14. Persones emprenedores i petits comer\u00e7os, treballadors en general"},"content":{"rendered":"<p>Incloem aqu\u00ed aquestes persones pel que pot significar per a ells el fet de no con\u00e8ixer les eines TIC. \u00c9s cert, per\u00f2, que possiblement sigui una tasca dels centres de promoci\u00f3 econ\u00f2mica de la zona o dels centres ocupacionals.<\/p>\n<p>De vegades, els petits comerciants s\u00f3n persones tan enfeinades en el dia a dia que potser no han tingut el temps ni l\u2019oportunitat de reciclar-se m\u00ednimament amb compet\u00e8ncies b\u00e0siques TIC. D\u2019altra banda, un petit comer\u00e7 que no t\u00e9 pres\u00e8ncia a la xarxa probablement estar\u00e0 en desavantatge amb altres del ram que s\u00ed que ho estan. En \u00faltim terme pot implicar que aquest comer\u00e7 hagi de tancar i aquella persona deixi de guanyar-se la vida amb el seu mitj\u00e0 de sempre.<\/p>\n<div class=\"featured featured-grey\"><p><strong>Petits comerciants i TIC<\/strong><\/p>\n<p>En l\u2019enlla\u00e7 <a href=\"https:\/\/www.amicsdelarambla.cat\/cat\/agenda\/107\/nous-cursos-gratuits-de-suport-al-comerc-de-proximitat\" target=\"_blank\" rel=\"noopener\">https:\/\/www.amicsdelarambla.cat\/cat\/agenda\/107\/nous-cursos-gratuits-de-suport-al-comerc-de-proximitat<\/a> podeu mirar com treballen els Amics de la Rambla i l\u2019Ajuntament de Barcelona la q\u00fcesti\u00f3 dels petits comerciants i les TIC.<\/p>\n<\/div>\n<p>De la mateixa manera, el fet que un emprenedor o un treballador que hagi estat contractat per la mateixa empresa tota la vida no es recicli pot comportar problemes per a fer rutllar el negoci o millorar el c\u00e0rrec a la feina (o una baixa ocupabilitat en cas de perdre-la).<\/p>\n<p>En aquests casos, l\u2019e-inclusi\u00f3 implicaria con\u00e8ixer eines de productivitat, d\u2019inform\u00e0tica al n\u00favol, de pres\u00e8ncia a la xarxa, etc.<\/p>\n","protected":false},"excerpt":{"rendered":"<p>Incloem aqu\u00ed aquestes persones pel que pot significar per a ells el fet de no con\u00e8ixer les eines TIC. \u00c9s cert, per\u00f2, que possiblement sigui una tasca dels centres de promoci\u00f3 econ\u00f2mica de la zona o dels centres ocupacionals. De vegades, els petits comerciants s\u00f3n persones tan enfeinades en el dia a dia que potser [&hellip;]<\/p>\n","protected":false},"author":1,"featured_media":0,"parent":0,"menu_order":0,"comment_status":"closed","ping_status":"closed","template":"","meta":[],"_links":{"self":[{"href":"http:\/\/dinamitzacio-social-digital-test.recursos.uoc.edu\/contextos-exclusio\/wp-json\/wp\/v2\/pages\/120"}],"collection":[{"href":"http:\/\/dinamitzacio-social-digital-test.recursos.uoc.edu\/contextos-exclusio\/wp-json\/wp\/v2\/pages"}],"about":[{"href":"http:\/\/dinamitzacio-social-digital-test.recursos.uoc.edu\/contextos-exclusio\/wp-json\/wp\/v2\/types\/page"}],"author":[{"embeddable":true,"href":"http:\/\/dinamitzacio-social-digital-test.recursos.uoc.edu\/contextos-exclusio\/wp-json\/wp\/v2\/users\/1"}],"replies":[{"embeddable":true,"href":"http:\/\/dinamitzacio-social-digital-test.recursos.uoc.edu\/contextos-exclusio\/wp-json\/wp\/v2\/comments?post=120"}],"version-history":[{"count":3,"href":"http:\/\/dinamitzacio-social-digital-test.recursos.uoc.edu\/contextos-exclusio\/wp-json\/wp\/v2\/pages\/120\/revisions"}],"predecessor-version":[{"id":530,"href":"http:\/\/dinamitzacio-social-digital-test.recursos.uoc.edu\/contextos-exclusio\/wp-json\/wp\/v2\/pages\/120\/revisions\/530"}],"wp:attachment":[{"href":"http:\/\/dinamitzacio-social-digital-test.recursos.uoc.edu\/contextos-exclusio\/wp-json\/wp\/v2\/media?parent=120"}],"curies":[{"name":"wp","href":"https:\/\/api.w.org\/{rel}","templated":true}]}}