{"id":123,"date":"2018-12-12T01:09:26","date_gmt":"2018-12-11T23:09:26","guid":{"rendered":"http:\/\/dinamitzacio-social-digital-test.recursos.uoc.edu\/contextos-exclusio\/?page_id=123"},"modified":"2019-01-09T10:27:07","modified_gmt":"2019-01-09T08:27:07","slug":"2-4-15-persones-del-mon-rural","status":"publish","type":"page","link":"http:\/\/dinamitzacio-social-digital-test.recursos.uoc.edu\/contextos-exclusio\/2-4-15-persones-del-mon-rural\/","title":{"rendered":"2.4.15. Persones del m\u00f3n rural"},"content":{"rendered":"<p>El principal problema del m\u00f3n rural \u00e9s que la llunyania i la dispersi\u00f3 el fa poc atractiu per a invertir en noves tecnologies amb el risc conseq\u00fcent d\u2019exclusi\u00f3 digital. Una economia productiva basada en el sector primari no sol exigir que la tecnologia sigui tan present com en l\u2019economia de serveis. Tot i aix\u00ed en alguns territoris hi ha experi\u00e8ncies de <a href=\"http:\/\/www.cowocatrural.cat\/\" target=\"_blank\" rel=\"noopener\">telecentres rurals<\/a> vinculats especialment amb el m\u00f3n del teletreball que aprofiten els atractius de la vida fora de les grans ciutats per a atraure emprenedors o treballadors-n\u00f2mades.<\/p>\n<p>En tot cas, les administracions, especialment les que creuen en la divis\u00f2ria digital, hauran de fer un esfor\u00e7 per a garantir l\u2019e-inclusi\u00f3 en aquestes zones per tal que no quedin al marge. Idees eficients (posar telecentres a tots els pobles potser \u00e9s inviable econ\u00f2micament) com ara la de les <a href=\"http:\/\/www.diariodevalladolid.es\/noticias\/provincia\/aula-movil-aula-dip-visitara-32-municipios-meses-verano_121157.html\" target=\"_blank\" rel=\"noopener\">aules m\u00f2bils TIC<\/a> que poden rec\u00f3rrer el territori poden ser la soluci\u00f3.<\/p>\n","protected":false},"excerpt":{"rendered":"<p>El principal problema del m\u00f3n rural \u00e9s que la llunyania i la dispersi\u00f3 el fa poc atractiu per a invertir en noves tecnologies amb el risc conseq\u00fcent d\u2019exclusi\u00f3 digital. Una economia productiva basada en el sector primari no sol exigir que la tecnologia sigui tan present com en l\u2019economia de serveis. Tot i aix\u00ed en [&hellip;]<\/p>\n","protected":false},"author":1,"featured_media":0,"parent":0,"menu_order":0,"comment_status":"closed","ping_status":"closed","template":"","meta":[],"_links":{"self":[{"href":"http:\/\/dinamitzacio-social-digital-test.recursos.uoc.edu\/contextos-exclusio\/wp-json\/wp\/v2\/pages\/123"}],"collection":[{"href":"http:\/\/dinamitzacio-social-digital-test.recursos.uoc.edu\/contextos-exclusio\/wp-json\/wp\/v2\/pages"}],"about":[{"href":"http:\/\/dinamitzacio-social-digital-test.recursos.uoc.edu\/contextos-exclusio\/wp-json\/wp\/v2\/types\/page"}],"author":[{"embeddable":true,"href":"http:\/\/dinamitzacio-social-digital-test.recursos.uoc.edu\/contextos-exclusio\/wp-json\/wp\/v2\/users\/1"}],"replies":[{"embeddable":true,"href":"http:\/\/dinamitzacio-social-digital-test.recursos.uoc.edu\/contextos-exclusio\/wp-json\/wp\/v2\/comments?post=123"}],"version-history":[{"count":2,"href":"http:\/\/dinamitzacio-social-digital-test.recursos.uoc.edu\/contextos-exclusio\/wp-json\/wp\/v2\/pages\/123\/revisions"}],"predecessor-version":[{"id":531,"href":"http:\/\/dinamitzacio-social-digital-test.recursos.uoc.edu\/contextos-exclusio\/wp-json\/wp\/v2\/pages\/123\/revisions\/531"}],"wp:attachment":[{"href":"http:\/\/dinamitzacio-social-digital-test.recursos.uoc.edu\/contextos-exclusio\/wp-json\/wp\/v2\/media?parent=123"}],"curies":[{"name":"wp","href":"https:\/\/api.w.org\/{rel}","templated":true}]}}