{"id":127,"date":"2018-12-12T01:12:44","date_gmt":"2018-12-11T23:12:44","guid":{"rendered":"http:\/\/dinamitzacio-social-digital-test.recursos.uoc.edu\/contextos-exclusio\/?page_id=127"},"modified":"2021-01-29T12:49:42","modified_gmt":"2021-01-29T10:49:42","slug":"3-1-1-introduccio","status":"publish","type":"page","link":"http:\/\/dinamitzacio-social-digital-test.recursos.uoc.edu\/contextos-exclusio\/3-1-1-introduccio\/","title":{"rendered":"3.1.1. Introducci\u00f3"},"content":{"rendered":"<p>Una manera de classificar els diferents agents pot ser a partir del concepte de la <a href=\"https:\/\/en.wikipedia.org\/wiki\/Quadruple_and_quintuple_innovation_helix_framework\" target=\"_blank\" rel=\"noopener\"><strong>qu\u00e0druple h\u00e8lix<\/strong><\/a>, molt utilitzat en l\u2019\u00e0mbit de la innovaci\u00f3 (un tema no gens ali\u00e8 al nostre). S\u2019ha heretat de l\u2019antiga <a href=\"https:\/\/ca.wikipedia.org\/wiki\/Triple_h%C3%A8lix\" target=\"_blank\" rel=\"noopener\">triple h\u00e8lix<\/a> en la qual el m\u00e9s important per a aconseguir promoure la innovaci\u00f3 era la interacci\u00f3 entre el m\u00f3n acad\u00e8mic, les autoritats p\u00fabliques i la comunitat empresarial. Aquest nou model incorpora l\u2019usuari i el posa en el centre com a quarta pota del model. En aquest sentit s&#8217;integraria el que es coneix com <a href=\"https:\/\/digitalsocial.eu\/ca\/\" target=\"_blank\" rel=\"noopener\">Innovaci\u00f3 social digital,<\/a> \u00e9s a dir, com la tecnologia pot aportar solucions al grans reptes socials.<\/p>\n<p>El centre d\u2019e-inclusi\u00f3 ideal seria, doncs, el que t\u00e9 en compte les sin\u00e8rgies possibles entre totes quatre inst\u00e0ncies. M\u00e9s endavant veurem alguns exemples de centres que compleixen aquesta idea. Mentrestant farem servir aquesta divisi\u00f3 per a parlar dels agents involucrats en aquest \u00e0mbit.<\/p>\n<div class=\"featured featured-blue\"><p>\u00c9s especialment interessant con\u00e8ixer els actors per a saber a qui adre\u00e7ar-nos si volem treballar en aquest camp.<\/p>\n<\/div>\n","protected":false},"excerpt":{"rendered":"<p>Una manera de classificar els diferents agents pot ser a partir del concepte de la qu\u00e0druple h\u00e8lix, molt utilitzat en l\u2019\u00e0mbit de la innovaci\u00f3 (un tema no gens ali\u00e8 al nostre). S\u2019ha heretat de l\u2019antiga triple h\u00e8lix en la qual el m\u00e9s important per a aconseguir promoure la innovaci\u00f3 era la interacci\u00f3 entre el m\u00f3n [&hellip;]<\/p>\n","protected":false},"author":1,"featured_media":0,"parent":0,"menu_order":0,"comment_status":"closed","ping_status":"closed","template":"","meta":[],"_links":{"self":[{"href":"http:\/\/dinamitzacio-social-digital-test.recursos.uoc.edu\/contextos-exclusio\/wp-json\/wp\/v2\/pages\/127"}],"collection":[{"href":"http:\/\/dinamitzacio-social-digital-test.recursos.uoc.edu\/contextos-exclusio\/wp-json\/wp\/v2\/pages"}],"about":[{"href":"http:\/\/dinamitzacio-social-digital-test.recursos.uoc.edu\/contextos-exclusio\/wp-json\/wp\/v2\/types\/page"}],"author":[{"embeddable":true,"href":"http:\/\/dinamitzacio-social-digital-test.recursos.uoc.edu\/contextos-exclusio\/wp-json\/wp\/v2\/users\/1"}],"replies":[{"embeddable":true,"href":"http:\/\/dinamitzacio-social-digital-test.recursos.uoc.edu\/contextos-exclusio\/wp-json\/wp\/v2\/comments?post=127"}],"version-history":[{"count":5,"href":"http:\/\/dinamitzacio-social-digital-test.recursos.uoc.edu\/contextos-exclusio\/wp-json\/wp\/v2\/pages\/127\/revisions"}],"predecessor-version":[{"id":871,"href":"http:\/\/dinamitzacio-social-digital-test.recursos.uoc.edu\/contextos-exclusio\/wp-json\/wp\/v2\/pages\/127\/revisions\/871"}],"wp:attachment":[{"href":"http:\/\/dinamitzacio-social-digital-test.recursos.uoc.edu\/contextos-exclusio\/wp-json\/wp\/v2\/media?parent=127"}],"curies":[{"name":"wp","href":"https:\/\/api.w.org\/{rel}","templated":true}]}}