{"id":137,"date":"2018-12-12T02:43:10","date_gmt":"2018-12-12T00:43:10","guid":{"rendered":"http:\/\/dinamitzacio-social-digital-test.recursos.uoc.edu\/contextos-exclusio\/?page_id=137"},"modified":"2021-02-01T11:35:50","modified_gmt":"2021-02-01T09:35:50","slug":"3-1-4-comunitat-educativa","status":"publish","type":"page","link":"http:\/\/dinamitzacio-social-digital-test.recursos.uoc.edu\/contextos-exclusio\/3-1-4-comunitat-educativa\/","title":{"rendered":"3.1.4. Comunitat educativa"},"content":{"rendered":"<p>En tots els nivells educatius s\u2019imparteixen accions relacionades amb l&#8217;\u00fas i aprofitament de les TIC, on\u00a0es poden trobar aspectes relacionats amb les compet\u00e8ncies tecnol\u00f2giques i que, de fet, formen part de les anomenades <a href=\"http:\/\/www.educacionyfp.gob.es\/educacion\/mc\/lomce\/curriculo\/competencias-clave\/competencias-clave\/digital.html\" target=\"_blank\" rel=\"noopener\">&#8220;Compet\u00e8ncies clau&#8221;.<\/a> No obstant aix\u00f2, \u00e9s un cam\u00ed no exempt de problemes, en gran part a causa de la formaci\u00f3 deficient dels docents.<\/p>\n<p>L\u2019educaci\u00f3 formal sovint va endarrerida respecte de les necessitats de formar els infants i els joves en mat\u00e8ries tecnol\u00f2giques. Les activitats extraescolars o els campus d\u2019estiu o de Nadal omplen aquest forat. Per exemple, en l\u2019actualitat (2018), hi ha moltes iniciatives complement\u00e0ries per a ensenyar programaci\u00f3, rob\u00f2tica, impressi\u00f3 3D, realitat virtual, <a href=\"https:\/\/es.wikipedia.org\/wiki\/Cultura_Maker\" target=\"_blank\" rel=\"noopener\">moviment Maker<\/a>&#8230; Hi ha qui considera que alguna d\u2019aquestes disciplines (la programaci\u00f3 per exemple) ja formen part de les compet\u00e8ncies TIC b\u00e0siques. Segurament en un futur no gaire lluny\u00e0 passaran a formar part del curr\u00edculum escolar oficial, per\u00f2 mentrestant diverses empreses ofereixen aquests <a href=\"javascript:void(0);\" class=\"tooltip\" data-toggle=\"popover\" data-placement=\"bottom\" data-content=\"En l\u2019enlla\u00e7  <a href='https:\/\/www.educaciontrespuntocero.com\/formacion\/cursos-formacion\/campamentos-tecnologicos-para-verano\/47681.html' target='_blank'> https:\/\/www.educaciontrespuntocero.com\/formacion\/cursos-formacion\/campamentos-tecnologicos-para-verano\/47681.html<\/a> trobareu un recull d\u2019activitats extraescolars i empreses que les ofereixen.\" data-placement=\"top\" data-html=\"true\" > cursos complementaris<\/a>, com per exemple <a href=\"https:\/\/camptecnologico.com\/\" target=\"_blank\" rel=\"noopener\">Camp Tecnol\u00f3gico<\/a> o la <a href=\"https:\/\/www.peretarres.org\/estiu\/colonies\/2020\/tecnologiques\" target=\"_blank\" rel=\"noopener\">Fundaci\u00f3 Pere Tarr\u00e9s.<\/a><\/p>\n<p>De vegades, s\u00f3n les mateixes universitats, especialment les relacionades amb tecnologies, les que ofereixen activitats divulgatives i obertes a la ciutadania. Un exemple el tenim a la UOC, amb la <a href=\"https:\/\/www.uoc.edu\/portal\/ca\/universitat\/catedres\/catedra-unesco-ensenyament-tecnologia-canvi-social\/index.html\" target=\"_blank\" rel=\"noopener\">C\u00e0tedra UNESCO d&#8217;Educaci\u00f3 i Tecnologia per el Canvi Social.<\/a>\u00a0 Tamb\u00e9 podem englobar aqu\u00ed les iniciatives en l\u00ednia que permeten formar-se a dist\u00e0ncia en compet\u00e8ncies digitals. Les plataformes MOOC serien el paradigma ja que, a m\u00e9s, s\u00f3n cursos gratu\u00efts. \u00c9s cert que la majoria de cursos s\u00f3n avan\u00e7ats i quedarien fora de l\u2019abast de capacitaci\u00f3 digital, per\u00f2 cada cop el nivell dels continguts \u00e9s m\u00e9s ampli.<\/p>\n<div class=\"featured featured-grey\"><p><strong>Exemple <\/strong><strong>de curs MOOC<\/strong><\/p>\n<p>Un exemple el podem veure a la UNED, com ara el que trobareu en l\u2019enlla\u00e7 <a href=\"https:\/\/iedra.uned.es\/courses\/course-v1:UNED-ONCE+Movilesacces_004+2020_T4\/about\" target=\"_blank\" rel=\"noopener\">https:\/\/iedra.uned.es\/courses\/course-v1:UNED-ONCE+Movilesacces_004+2020_T4\/about<\/a>, destinat a persones amb diversitat funcional.<\/p>\n<\/div>\n<p>I finalment cal recordar les entitats que es dediquen a l\u2019educaci\u00f3 no formal, com ara les <a href=\"http:\/\/queestudiar.gencat.cat\/ca\/preinscripcio\/estudis\/adults\/info-general\/\" target=\"_blank\" rel=\"noopener\">escoles d\u2019adults<\/a>, que inclouen les compet\u00e8ncies tecnol\u00f2giques en els seus itineraris formatius, especialment adre\u00e7ats a la certificaci\u00f3 d\u2019aquestes. Un exemple \u00e9s el <a href=\"http:\/\/agora.xtec.cat\/cfasantboi\/ensenyaments\/ensenyaments-transprofessionals\/competencia-digital-competic\/\" target=\"_blank\" rel=\"noopener\">Centre de Formaci\u00f3 d\u2019Adults de Sant Boi de Llobregat<\/a>, on s\u2019imparteix el COMPETIC-ACTIC, certificat equivalent a l\u2019ACTIC de la Generalitat de Catalunya.<\/p>\n","protected":false},"excerpt":{"rendered":"<p>En tots els nivells educatius s\u2019imparteixen accions relacionades amb l&#8217;\u00fas i aprofitament de les TIC, on\u00a0es poden trobar aspectes relacionats amb les compet\u00e8ncies tecnol\u00f2giques i que, de fet, formen part de les anomenades &#8220;Compet\u00e8ncies clau&#8221;. No obstant aix\u00f2, \u00e9s un cam\u00ed no exempt de problemes, en gran part a causa de la formaci\u00f3 deficient dels [&hellip;]<\/p>\n","protected":false},"author":1,"featured_media":0,"parent":0,"menu_order":0,"comment_status":"closed","ping_status":"closed","template":"","meta":[],"_links":{"self":[{"href":"http:\/\/dinamitzacio-social-digital-test.recursos.uoc.edu\/contextos-exclusio\/wp-json\/wp\/v2\/pages\/137"}],"collection":[{"href":"http:\/\/dinamitzacio-social-digital-test.recursos.uoc.edu\/contextos-exclusio\/wp-json\/wp\/v2\/pages"}],"about":[{"href":"http:\/\/dinamitzacio-social-digital-test.recursos.uoc.edu\/contextos-exclusio\/wp-json\/wp\/v2\/types\/page"}],"author":[{"embeddable":true,"href":"http:\/\/dinamitzacio-social-digital-test.recursos.uoc.edu\/contextos-exclusio\/wp-json\/wp\/v2\/users\/1"}],"replies":[{"embeddable":true,"href":"http:\/\/dinamitzacio-social-digital-test.recursos.uoc.edu\/contextos-exclusio\/wp-json\/wp\/v2\/comments?post=137"}],"version-history":[{"count":8,"href":"http:\/\/dinamitzacio-social-digital-test.recursos.uoc.edu\/contextos-exclusio\/wp-json\/wp\/v2\/pages\/137\/revisions"}],"predecessor-version":[{"id":917,"href":"http:\/\/dinamitzacio-social-digital-test.recursos.uoc.edu\/contextos-exclusio\/wp-json\/wp\/v2\/pages\/137\/revisions\/917"}],"wp:attachment":[{"href":"http:\/\/dinamitzacio-social-digital-test.recursos.uoc.edu\/contextos-exclusio\/wp-json\/wp\/v2\/media?parent=137"}],"curies":[{"name":"wp","href":"https:\/\/api.w.org\/{rel}","templated":true}]}}