{"id":142,"date":"2018-12-12T02:48:39","date_gmt":"2018-12-12T00:48:39","guid":{"rendered":"http:\/\/dinamitzacio-social-digital-test.recursos.uoc.edu\/contextos-exclusio\/?page_id=142"},"modified":"2019-02-01T13:25:33","modified_gmt":"2019-02-01T11:25:33","slug":"3-2-1-introduccio","status":"publish","type":"page","link":"http:\/\/dinamitzacio-social-digital-test.recursos.uoc.edu\/contextos-exclusio\/3-2-1-introduccio\/","title":{"rendered":"3.2.1. Introducci\u00f3"},"content":{"rendered":"<div class=\"featured featured-blue\"><p>Qualsevol espai on es faci e-inclusi\u00f3 es pot considerar un centre de capacitaci\u00f3 digital.<\/p>\n<\/div>\n<p>No obstant aix\u00f2, a continuaci\u00f3 distingim els m\u00e9s adients per a la tasca que ens ocupa.<\/p>\n","protected":false},"excerpt":{"rendered":"<p>No obstant aix\u00f2, a continuaci\u00f3 distingim els m\u00e9s adients per a la tasca que ens ocupa.<\/p>\n","protected":false},"author":1,"featured_media":0,"parent":0,"menu_order":0,"comment_status":"closed","ping_status":"closed","template":"","meta":[],"_links":{"self":[{"href":"http:\/\/dinamitzacio-social-digital-test.recursos.uoc.edu\/contextos-exclusio\/wp-json\/wp\/v2\/pages\/142"}],"collection":[{"href":"http:\/\/dinamitzacio-social-digital-test.recursos.uoc.edu\/contextos-exclusio\/wp-json\/wp\/v2\/pages"}],"about":[{"href":"http:\/\/dinamitzacio-social-digital-test.recursos.uoc.edu\/contextos-exclusio\/wp-json\/wp\/v2\/types\/page"}],"author":[{"embeddable":true,"href":"http:\/\/dinamitzacio-social-digital-test.recursos.uoc.edu\/contextos-exclusio\/wp-json\/wp\/v2\/users\/1"}],"replies":[{"embeddable":true,"href":"http:\/\/dinamitzacio-social-digital-test.recursos.uoc.edu\/contextos-exclusio\/wp-json\/wp\/v2\/comments?post=142"}],"version-history":[{"count":3,"href":"http:\/\/dinamitzacio-social-digital-test.recursos.uoc.edu\/contextos-exclusio\/wp-json\/wp\/v2\/pages\/142\/revisions"}],"predecessor-version":[{"id":693,"href":"http:\/\/dinamitzacio-social-digital-test.recursos.uoc.edu\/contextos-exclusio\/wp-json\/wp\/v2\/pages\/142\/revisions\/693"}],"wp:attachment":[{"href":"http:\/\/dinamitzacio-social-digital-test.recursos.uoc.edu\/contextos-exclusio\/wp-json\/wp\/v2\/media?parent=142"}],"curies":[{"name":"wp","href":"https:\/\/api.w.org\/{rel}","templated":true}]}}