{"id":149,"date":"2018-12-12T03:12:46","date_gmt":"2018-12-12T01:12:46","guid":{"rendered":"http:\/\/dinamitzacio-social-digital-test.recursos.uoc.edu\/contextos-exclusio\/?page_id=149"},"modified":"2021-02-01T12:04:23","modified_gmt":"2021-02-01T10:04:23","slug":"3-2-4-altres-centres","status":"publish","type":"page","link":"http:\/\/dinamitzacio-social-digital-test.recursos.uoc.edu\/contextos-exclusio\/3-2-4-altres-centres\/","title":{"rendered":"3.2.4. Altres centres"},"content":{"rendered":"<p>Com hem comentat al comen\u00e7ament de l\u2019apartat \u00abXarxes de telecentres\u00bb el telecentre \u00e9s l\u2019espai per excel\u00b7l\u00e8ncia per a implementar la capacitaci\u00f3 digital. Per\u00f2 no \u00e9s l\u2019\u00fanic.<\/p>\n<p>Actualment tenim tot un ventall d\u2019equipaments que fan tasques relacionades i en els quals podria treballar un professional de l\u2019educaci\u00f3 social amb bons coneixements inform\u00e0tics:<\/p>\n<ul>\n<li><strong>Fab Labs<\/strong>. Sorgits amb la irrupci\u00f3 de les impressores 3D i el moviment Maker solen tenir una vocaci\u00f3 divulgativa i una forta vocaci\u00f3 social en les seves activitats. Com que sembla que aquesta tecnologia ha vingut per a quedar-se i aviat es convertir\u00e0 en una nova compet\u00e8ncia digital, incloem els fab labs en aquest apartat de telecentres \u00abespecials\u00bb. A Catalunya existeix la iniciativa <a href=\"https:\/\/catlabs.cat\/\" target=\"_blank\" rel=\"noopener\">CatLabs<\/a>, i a Barcelona en concret hi ha una xarxa d\u2019<a href=\"https:\/\/ajuntament.barcelona.cat\/digital\/ca\/apoderament-digital\/educacio-i-capacitacio-digital\/ateneus-de-fabricacio\" target=\"_blank\" rel=\"noopener\">Ateneus de Fabricaci\u00f3<\/a>.<\/li>\n<li><strong>Centres c\u00edvics<\/strong>. Les programacions d\u2019activitats dels casals inclouen de vegades formacions relacionades amb les TIC, com per exemple el <a href=\"https:\/\/torrebarrina.l-h.cat\/\" target=\"_blank\" rel=\"noopener\">Centre de Creaci\u00f3 Audiovisual de Torrebarrina<\/a> a L\u2019Hospitalet de Llobregat.<\/li>\n<li><strong>Biblioteques<\/strong>. Dins de la seva missi\u00f3 d\u2019ajudar els ciutadans sobretot en temes inform\u00e0tics, sovint ofereixen en les seves programacions activitats relacionades amb les compet\u00e8ncies digitals, com ara els diferents cursos de capacitaci\u00f3 digital que ofereix el programa <a href=\"https:\/\/ajuntament.barcelona.cat\/biblioteques\/ca\/canal\/antenes-cibern%C3%A0rium\" target=\"_blank\" rel=\"noopener\">Antenes Cibern\u00e0rium<\/a>, o el projecte <a href=\"https:\/\/www.diba.cat\/es\/web\/biblioteques\/bibliolab1\" target=\"_blank\" rel=\"noopener\">Bibliolab<\/a> de la Diputaci\u00f3 de Barcelona, formulen espec\u00edficament en els seus objectius aquestes idees (\u00abl\u2019acc\u00e9s al coneixement per mitj\u00e0 de l\u2019experimentaci\u00f3 i metodologies innovadores i creatives en un entorn col\u00b7laboratiu obert a la ciutadania\u00bb).<\/li>\n<li><strong>Espais de <em>coworking<\/em><\/strong>. Segons la Viquip\u00e8dia el <em>coworking<\/em> \u00ab\u00e9s una manera de treballar que permet professionals independents, emprenedors, i pimes de diferents sectors, compartir un mateix espai de treball, tant f\u00edsic com virtual, per a desenvolupar els seus projectes professionals de manera independent, alhora que fomenten projectes conjunts\u00bb. Els incloem aqu\u00ed per la seva forta vinculaci\u00f3 amb l\u2019emprenedoria de base tecnol\u00f2gica o que fa servir les TIC. Sovint els espais de <em>coworking <\/em>proporcionen als seus associats les compet\u00e8ncies tecnol\u00f2giques que els manquen.<\/li>\n<li><strong>Centres de formaci\u00f3 ocupacional i de suport a l\u2019empresa<\/strong>. Promouen accions de formaci\u00f3 professional per a l\u2019ocupaci\u00f3, de qualitat i adaptades a les necessitats de les persones, de les empreses i dels territoris, d\u2019acord amb els requisits del sistema de formaci\u00f3 i qualificaci\u00f3 professionals del territori. Podeu trobar m\u00e9s informaci\u00f3 en aquest enlla\u00e7: <a href=\"https:\/\/serveiocupacio.gencat.cat\/ca\/soc\/centres-dinnovacio-i-formacio-ocupacional-cifo\/index.html\" target=\"_blank\" rel=\"noopener\">https:\/\/serveiocupacio.gencat.cat\/ca\/soc\/centres-dinnovacio-i-formacio-ocupacional-cifo\/index.html<\/a>. \u00d2bviament aix\u00f2 inclou el reciclatge formatiu tecnol\u00f2gic i la millora de compet\u00e8ncies dels treballadors. Un treballador no alfabetitzat tecnol\u00f2gicament t\u00e9 menys oportunitats d\u2019ocupabilitat i per tant de quedar excl\u00f2s. Solen tenir accions formatives de llarga durada professionalitzadores.<\/li>\n<li><strong>Centres educatius<\/strong>. No hi ha cap dubte de la import\u00e0ncia de millorar les compet\u00e8ncies tecnol\u00f2giques ja des de l&#8217;<a href=\"javascript:void(0);\" class=\"tooltip\" data-toggle=\"popover\" data-placement=\"bottom\" data-content=\"Observa en l\u2019enlla\u00e7 <a href='http:\/\/www.educacionyfp.gob.es\/educacion\/mc\/lomce\/lomce\/itinerarios.html' target='_blank'>http:\/\/www.educacionyfp.gob.es\/educacion\/mc\/lomce\/lomce\/itinerarios.html<\/a> els tres \u00absabers\u00bb com a objectius.\" data-placement=\"top\" data-html=\"true\" >itinerari curricular educatiu<\/a>. Els centres educatius fan una tasca fonamental en aquest sentit en la franja d\u2019edat m\u00e9s jove. Tamb\u00e9 en aquest sentit \u00e9s molt important el paper dels centres de formaci\u00f3 d\u2019adults existents arreu, que normalment programen cursos relacionats amb la capacitaci\u00f3 digital.<\/li>\n<li><strong>Espais de divulgaci\u00f3 tecnol\u00f2gica<\/strong>. Dins d\u2019aquest calaix incloem tota mena d\u2019equipaments de titularitat diversa, que d\u2019una manera o una altra divulguen entre els ciutadans la tecnologia de manera regular. A Barcelona tenim diferents exemples com ara el <a href=\"https:\/\/www.citilab.eu\/\" target=\"_blank\" rel=\"noopener\">Citilab<\/a> (consorci publicoprivat), el <a href=\"https:\/\/www.movistarcentre.com\/\" target=\"_blank\" rel=\"noopener\">Movistar Centre<\/a> (privat), o el <a href=\"http:\/\/librarylivinglab.cvc.uab.cat\/\" target=\"_blank\" rel=\"noopener\">Living Lab de Sant Cugat<\/a> (qu\u00e0druple h\u00e8lix), etc.<\/li>\n<\/ul>\n","protected":false},"excerpt":{"rendered":"<p>Com hem comentat al comen\u00e7ament de l\u2019apartat \u00abXarxes de telecentres\u00bb el telecentre \u00e9s l\u2019espai per excel\u00b7l\u00e8ncia per a implementar la capacitaci\u00f3 digital. Per\u00f2 no \u00e9s l\u2019\u00fanic. Actualment tenim tot un ventall d\u2019equipaments que fan tasques relacionades i en els quals podria treballar un professional de l\u2019educaci\u00f3 social amb bons coneixements inform\u00e0tics: Fab Labs. Sorgits amb [&hellip;]<\/p>\n","protected":false},"author":1,"featured_media":0,"parent":0,"menu_order":0,"comment_status":"closed","ping_status":"closed","template":"","meta":[],"_links":{"self":[{"href":"http:\/\/dinamitzacio-social-digital-test.recursos.uoc.edu\/contextos-exclusio\/wp-json\/wp\/v2\/pages\/149"}],"collection":[{"href":"http:\/\/dinamitzacio-social-digital-test.recursos.uoc.edu\/contextos-exclusio\/wp-json\/wp\/v2\/pages"}],"about":[{"href":"http:\/\/dinamitzacio-social-digital-test.recursos.uoc.edu\/contextos-exclusio\/wp-json\/wp\/v2\/types\/page"}],"author":[{"embeddable":true,"href":"http:\/\/dinamitzacio-social-digital-test.recursos.uoc.edu\/contextos-exclusio\/wp-json\/wp\/v2\/users\/1"}],"replies":[{"embeddable":true,"href":"http:\/\/dinamitzacio-social-digital-test.recursos.uoc.edu\/contextos-exclusio\/wp-json\/wp\/v2\/comments?post=149"}],"version-history":[{"count":8,"href":"http:\/\/dinamitzacio-social-digital-test.recursos.uoc.edu\/contextos-exclusio\/wp-json\/wp\/v2\/pages\/149\/revisions"}],"predecessor-version":[{"id":932,"href":"http:\/\/dinamitzacio-social-digital-test.recursos.uoc.edu\/contextos-exclusio\/wp-json\/wp\/v2\/pages\/149\/revisions\/932"}],"wp:attachment":[{"href":"http:\/\/dinamitzacio-social-digital-test.recursos.uoc.edu\/contextos-exclusio\/wp-json\/wp\/v2\/media?parent=149"}],"curies":[{"name":"wp","href":"https:\/\/api.w.org\/{rel}","templated":true}]}}