{"id":155,"date":"2018-12-18T12:38:08","date_gmt":"2018-12-18T10:38:08","guid":{"rendered":"http:\/\/dinamitzacio-social-digital-test.recursos.uoc.edu\/contextos-exclusio\/?page_id=155"},"modified":"2021-02-02T10:39:17","modified_gmt":"2021-02-02T08:39:17","slug":"3-4-1-justificacio","status":"publish","type":"page","link":"http:\/\/dinamitzacio-social-digital-test.recursos.uoc.edu\/contextos-exclusio\/3-4-1-justificacio\/","title":{"rendered":"3.4.1. Justificaci\u00f3"},"content":{"rendered":"<p>En la l\u00ednia d\u2019anar del que \u00e9s general al que \u00e9s concret, i un cop vist el paper que t\u00e9 el professional de l\u2019educaci\u00f3 social en sentit ampli, hem de parlar del perfil professional que fa servir la tecnologia de manera m\u00e9s eficient per a la millora social.<\/p>\n<p>En l\u2019enquesta efectuada al 2017 per l\u2019<a href=\"https:\/\/dinamitzatic.cat\/\" target=\"_blank\" rel=\"noopener\">Associaci\u00f3 de Professionals de la Dinamitzaci\u00f3 Social Digital<\/a> sobre una mostra de 106 persones que treballaven en diferents xarxes de telecentres, m\u00e9s del 60 % dels enquestats van afirmar que provenien de carreres socials (b\u00e0sicament Treball Social i Educaci\u00f3 Social).\u00a0Es tracta per tant d\u2019un n\u00ednxol clar de feina per a les persones que estudieu Educaci\u00f3 Social.<\/p>\n<figure id=\"attachment_158\" aria-describedby=\"caption-attachment-158\" style=\"width: 800px\" class=\"wp-caption alignnone\"><img loading=\"lazy\" class=\"wp-image-158 size-full\" src=\"\/wp-content\/uploads\/sites\/6\/2018\/12\/02532_m15.jpg\" alt=\"\" width=\"800\" height=\"163\" srcset=\"\/wp-content\/uploads\/sites\/6\/2018\/12\/02532_m15.jpg 800w, \/wp-content\/uploads\/sites\/6\/2018\/12\/02532_m15-300x61.jpg 300w, \/wp-content\/uploads\/sites\/6\/2018\/12\/02532_m15-768x156.jpg 768w\" sizes=\"(max-width: 800px) 100vw, 800px\" \/><figcaption id=\"caption-attachment-158\" class=\"wp-caption-text\">Font: <a href=\"https:\/\/sites.google.com\/view\/dinamitzatic\/enquesta?authuser=0\" target=\"_blank\" rel=\"&quot;noopener\u201d\">Enquesta a professionals de la dinamitzaci\u00f3 social digital 2017<\/a><\/figcaption><\/figure>\n<p>Aix\u00f2 tamb\u00e9 es pot observar en <a href=\"https:\/\/contractaciopublica.gencat.cat\/ecofin_pscp\/AppJava\/notice.pscp?reqCode=viewCn&amp;idDoc=57561716&amp;lawType=2\" target=\"_blank\" rel=\"noopener\">els plecs de condicions dels concursos p\u00fablics<\/a> per a les entitats que volen accedir a la gesti\u00f3 d\u2019aquests espais, en els quals s\u2019especifica la titulaci\u00f3 recomanada de les persones gestores.<\/p>\n","protected":false},"excerpt":{"rendered":"<p>En la l\u00ednia d\u2019anar del que \u00e9s general al que \u00e9s concret, i un cop vist el paper que t\u00e9 el professional de l\u2019educaci\u00f3 social en sentit ampli, hem de parlar del perfil professional que fa servir la tecnologia de manera m\u00e9s eficient per a la millora social. En l\u2019enquesta efectuada al 2017 per l\u2019Associaci\u00f3 [&hellip;]<\/p>\n","protected":false},"author":1,"featured_media":0,"parent":0,"menu_order":0,"comment_status":"closed","ping_status":"closed","template":"","meta":[],"_links":{"self":[{"href":"http:\/\/dinamitzacio-social-digital-test.recursos.uoc.edu\/contextos-exclusio\/wp-json\/wp\/v2\/pages\/155"}],"collection":[{"href":"http:\/\/dinamitzacio-social-digital-test.recursos.uoc.edu\/contextos-exclusio\/wp-json\/wp\/v2\/pages"}],"about":[{"href":"http:\/\/dinamitzacio-social-digital-test.recursos.uoc.edu\/contextos-exclusio\/wp-json\/wp\/v2\/types\/page"}],"author":[{"embeddable":true,"href":"http:\/\/dinamitzacio-social-digital-test.recursos.uoc.edu\/contextos-exclusio\/wp-json\/wp\/v2\/users\/1"}],"replies":[{"embeddable":true,"href":"http:\/\/dinamitzacio-social-digital-test.recursos.uoc.edu\/contextos-exclusio\/wp-json\/wp\/v2\/comments?post=155"}],"version-history":[{"count":11,"href":"http:\/\/dinamitzacio-social-digital-test.recursos.uoc.edu\/contextos-exclusio\/wp-json\/wp\/v2\/pages\/155\/revisions"}],"predecessor-version":[{"id":938,"href":"http:\/\/dinamitzacio-social-digital-test.recursos.uoc.edu\/contextos-exclusio\/wp-json\/wp\/v2\/pages\/155\/revisions\/938"}],"wp:attachment":[{"href":"http:\/\/dinamitzacio-social-digital-test.recursos.uoc.edu\/contextos-exclusio\/wp-json\/wp\/v2\/media?parent=155"}],"curies":[{"name":"wp","href":"https:\/\/api.w.org\/{rel}","templated":true}]}}