{"id":167,"date":"2018-12-18T12:58:53","date_gmt":"2018-12-18T10:58:53","guid":{"rendered":"http:\/\/dinamitzacio-social-digital-test.recursos.uoc.edu\/contextos-exclusio\/?page_id=167"},"modified":"2019-02-01T13:17:55","modified_gmt":"2019-02-01T11:17:55","slug":"3-4-2-sobre-la-denominacio","status":"publish","type":"page","link":"http:\/\/dinamitzacio-social-digital-test.recursos.uoc.edu\/contextos-exclusio\/3-4-2-sobre-la-denominacio\/","title":{"rendered":"3.4.2. Sobre la denominaci\u00f3"},"content":{"rendered":"<p>Cal dir que la denominaci\u00f3 de <strong>professional de la dinamitzaci\u00f3 social digital<\/strong> es troba en revisi\u00f3 cont\u00ednua. Com passa en qualsevol camp nou, s\u2019ha de posar mots als conceptes. Ja hi havia paraules per a anomenar les persones professionals de la tecnologia (inform\u00e0tics, enginyers\u2026) o les persones professionals socials (professionals de l\u2019educaci\u00f3 social, treballadors socials\u2026). Per\u00f2 com s\u2019ha d\u2019anomenar aquest perfil h\u00edbrid?<\/p>\n<p>Persones tecn\u00f2logues, facilitadores tecnol\u00f2giques, innovadores socials tecnol\u00f2giques, dedicades al treball social digital o el que ens ocupa&#8230; Tots s\u00f3n, amb matisos, perfils molt similars. Els motius d\u2019aquesta dispersi\u00f3 s\u00f3n diversos:<\/p>\n<ul>\n<li>La necessitat d\u2019aquest perfil professional va sorgir m\u00e9s o menys alhora en diversos llocs. Els projectes van cr\u00e9ixer sense gaire relaci\u00f3 fins al cap d\u2019un temps, de manera que cada zona va considerar mots diferents. L\u2019estandarditzaci\u00f3 (tamb\u00e9 dels mots) no es produeix fins al cap d\u2019un temps. En els \u00faltims anys hi ha hagut intents en l\u2019\u00e0mbit europeu, com ara el <a href=\"http:\/\/www.trans-efacilitator.eu\/content\/sections\/index.cfm\/secid.1\/secid2.0\/lang.3\" target=\"_blank\" rel=\"noopener\">Trans-efacilitator<\/a>.<\/li>\n<li>La manca de consci\u00e8ncia dels mateixos professionals sobre la pertinen\u00e7a a un perfil professional diferenciat ha fet que no hi hagi un impuls \u00abdes de sota\u00bb que afecti la seva denominaci\u00f3. Tampoc hi ha hagut gaire impuls des de les administracions per a regular i fer visible aquest perfil en la societat. Resultat: ning\u00fa no s\u2019ha preocupat del mot.<\/li>\n<li>Com a concepte associat amb les noves tecnologies, una disciplina que es reinventa dia a dia, sembla que qualsevol nom queda desfasat o <em>demod\u00e9<\/em> en poc temps. En alguns sectors ja es considera \u00abenvellida\u00bb la denominaci\u00f3 <em>dinamitzaci\u00f3 social digital <\/em>(vegeu l\u2019apartat \u00abFactors educatius\u00bb).<\/li>\n<li>La dispersi\u00f3 de mots tamb\u00e9 t\u00e9 a veure amb perfils similars amb matisos diferenciats pel que fa a la seva missi\u00f3. Una persona tecn\u00f2loga no t\u00e9 necess\u00e0riament un comprom\u00eds amb l\u2019\u00e0mbit social (potser nom\u00e9s ensenya la tecnologia per a vendre m\u00e9s), mentre que una persona que es dedica al treball social digital segur que far\u00e0 servir les TIC com a eina per a la millora comunit\u00e0ria. De totes maneres \u00e9s molt habitual que els objectius es barregin fins i tot involunt\u00e0riament.<\/li>\n<\/ul>\n<div class=\"featured featured-blue\"><p>Tot i que encara que no s\u2019ha arribat a la fase d\u2019estandarditzaci\u00f3, farem servir el mot <em>professional de la dinamitzaci\u00f3 social digital <\/em>(en endavant PDSD) com el m\u00e9s acceptat entre els afectats per a referir-nos al que ens ocupa.<\/p>\n<\/div>\n","protected":false},"excerpt":{"rendered":"<p>Cal dir que la denominaci\u00f3 de professional de la dinamitzaci\u00f3 social digital es troba en revisi\u00f3 cont\u00ednua. Com passa en qualsevol camp nou, s\u2019ha de posar mots als conceptes. Ja hi havia paraules per a anomenar les persones professionals de la tecnologia (inform\u00e0tics, enginyers\u2026) o les persones professionals socials (professionals de l\u2019educaci\u00f3 social, treballadors socials\u2026). [&hellip;]<\/p>\n","protected":false},"author":1,"featured_media":0,"parent":0,"menu_order":0,"comment_status":"closed","ping_status":"closed","template":"","meta":[],"_links":{"self":[{"href":"http:\/\/dinamitzacio-social-digital-test.recursos.uoc.edu\/contextos-exclusio\/wp-json\/wp\/v2\/pages\/167"}],"collection":[{"href":"http:\/\/dinamitzacio-social-digital-test.recursos.uoc.edu\/contextos-exclusio\/wp-json\/wp\/v2\/pages"}],"about":[{"href":"http:\/\/dinamitzacio-social-digital-test.recursos.uoc.edu\/contextos-exclusio\/wp-json\/wp\/v2\/types\/page"}],"author":[{"embeddable":true,"href":"http:\/\/dinamitzacio-social-digital-test.recursos.uoc.edu\/contextos-exclusio\/wp-json\/wp\/v2\/users\/1"}],"replies":[{"embeddable":true,"href":"http:\/\/dinamitzacio-social-digital-test.recursos.uoc.edu\/contextos-exclusio\/wp-json\/wp\/v2\/comments?post=167"}],"version-history":[{"count":3,"href":"http:\/\/dinamitzacio-social-digital-test.recursos.uoc.edu\/contextos-exclusio\/wp-json\/wp\/v2\/pages\/167\/revisions"}],"predecessor-version":[{"id":701,"href":"http:\/\/dinamitzacio-social-digital-test.recursos.uoc.edu\/contextos-exclusio\/wp-json\/wp\/v2\/pages\/167\/revisions\/701"}],"wp:attachment":[{"href":"http:\/\/dinamitzacio-social-digital-test.recursos.uoc.edu\/contextos-exclusio\/wp-json\/wp\/v2\/media?parent=167"}],"curies":[{"name":"wp","href":"https:\/\/api.w.org\/{rel}","templated":true}]}}