{"id":183,"date":"2018-12-18T13:51:22","date_gmt":"2018-12-18T11:51:22","guid":{"rendered":"http:\/\/dinamitzacio-social-digital-test.recursos.uoc.edu\/contextos-exclusio\/?page_id=183"},"modified":"2019-02-01T12:10:19","modified_gmt":"2019-02-01T10:10:19","slug":"resum","status":"publish","type":"page","link":"http:\/\/dinamitzacio-social-digital-test.recursos.uoc.edu\/contextos-exclusio\/resum\/","title":{"rendered":"Resum"},"content":{"rendered":"<p>La nostra societat \u00e9s cada cop m\u00e9s digital. Aquesta digitalitzaci\u00f3 no arriba de la mateixa manera a tothom. Aquesta exclusi\u00f3 digital pot afavorir l\u2019exclusi\u00f3 social.<\/p>\n<p>Hi ha factors que influeixen que les persones estiguin excloses digitalment o no, factors t\u00e8cnics i comercials, educatius, psicol\u00f2gics, socioecon\u00f2mics i pol\u00edtics que cal combatre de diferents maneres, per\u00f2 principalment amb estrat\u00e8gies de capacitaci\u00f3 digital. Cal definir les compet\u00e8ncies b\u00e0siques digitals i implementar accions d\u2019e-inclusi\u00f3 per tal d\u2019evitar l\u2019exclusi\u00f3 digital.<\/p>\n<p>Aquesta es produeix en diferents contextos. Podem veure-la en activitats que considerem habituals, com ara les relacionades amb el treball i la formaci\u00f3, les compres i els tr\u00e0mits, l\u2019acc\u00e9s a la informaci\u00f3 i la manera de relacionar-nos i comunicar-nos.<\/p>\n<p>Tothom pot tenir problemes d\u2019exclusi\u00f3 digital, per\u00f2 hi ha algunes persones pertanyents a col\u00b7lectius determinats que, per les seves caracter\u00edstiques, tenen m\u00e9s risc de caure-hi: persones discapacitades, gent gran, persones adultes madures, dones, joves, persones del quart m\u00f3n, persones en situaci\u00f3 de recerca de feina, persones immigrants, persones gitanes, persones privades de llibertat, infants, persones amb malalties mentals, emprenedors i petits comer\u00e7os, treballadors en general, persones del m\u00f3n rural&#8230; en realitat pr\u00e0cticament tothom.<\/p>\n<p>Diversos agents s\u2019ocupen de revertir aquesta situaci\u00f3. Administraci\u00f3, empreses, entitats i ciutadania poden contribuir a la reducci\u00f3 de la divis\u00f2ria digital. Les persones educadores socials s\u00f3n professionals que poden detectar situacions en les quals calgui implantar accions de capacitaci\u00f3 digital, per\u00f2 m\u00e9s espec\u00edficament els especialistes en aquest tema s\u00f3n els telecentres i les persones dinamitzadores socials digitals.<\/p>\n","protected":false},"excerpt":{"rendered":"<p>La nostra societat \u00e9s cada cop m\u00e9s digital. Aquesta digitalitzaci\u00f3 no arriba de la mateixa manera a tothom. Aquesta exclusi\u00f3 digital pot afavorir l\u2019exclusi\u00f3 social. Hi ha factors que influeixen que les persones estiguin excloses digitalment o no, factors t\u00e8cnics i comercials, educatius, psicol\u00f2gics, socioecon\u00f2mics i pol\u00edtics que cal combatre de diferents maneres, per\u00f2 principalment [&hellip;]<\/p>\n","protected":false},"author":1,"featured_media":0,"parent":0,"menu_order":0,"comment_status":"closed","ping_status":"closed","template":"","meta":[],"_links":{"self":[{"href":"http:\/\/dinamitzacio-social-digital-test.recursos.uoc.edu\/contextos-exclusio\/wp-json\/wp\/v2\/pages\/183"}],"collection":[{"href":"http:\/\/dinamitzacio-social-digital-test.recursos.uoc.edu\/contextos-exclusio\/wp-json\/wp\/v2\/pages"}],"about":[{"href":"http:\/\/dinamitzacio-social-digital-test.recursos.uoc.edu\/contextos-exclusio\/wp-json\/wp\/v2\/types\/page"}],"author":[{"embeddable":true,"href":"http:\/\/dinamitzacio-social-digital-test.recursos.uoc.edu\/contextos-exclusio\/wp-json\/wp\/v2\/users\/1"}],"replies":[{"embeddable":true,"href":"http:\/\/dinamitzacio-social-digital-test.recursos.uoc.edu\/contextos-exclusio\/wp-json\/wp\/v2\/comments?post=183"}],"version-history":[{"count":2,"href":"http:\/\/dinamitzacio-social-digital-test.recursos.uoc.edu\/contextos-exclusio\/wp-json\/wp\/v2\/pages\/183\/revisions"}],"predecessor-version":[{"id":705,"href":"http:\/\/dinamitzacio-social-digital-test.recursos.uoc.edu\/contextos-exclusio\/wp-json\/wp\/v2\/pages\/183\/revisions\/705"}],"wp:attachment":[{"href":"http:\/\/dinamitzacio-social-digital-test.recursos.uoc.edu\/contextos-exclusio\/wp-json\/wp\/v2\/media?parent=183"}],"curies":[{"name":"wp","href":"https:\/\/api.w.org\/{rel}","templated":true}]}}