{"id":26,"date":"2018-12-10T00:55:47","date_gmt":"2018-12-09T22:55:47","guid":{"rendered":"http:\/\/dinamitzacio-social-digital-test.recursos.uoc.edu\/contextos-exclusio\/?page_id=26"},"modified":"2021-01-21T10:18:51","modified_gmt":"2021-01-21T08:18:51","slug":"1-1-introduccio","status":"publish","type":"page","link":"http:\/\/dinamitzacio-social-digital-test.recursos.uoc.edu\/contextos-exclusio\/1-1-introduccio\/","title":{"rendered":"1.1. Introducci\u00f3"},"content":{"rendered":"<blockquote><p>\u00abDebemos fomentar el desarrollo de iniciativas que impulsen las competencias digitales, base de la educacio\u0301n del ciudadano del siglo XXI. Para asegurar la conexio\u0301n entre formacio\u0301n y empleo, necesitamos nuevas formas de aprendizaje y capacidades digitales. En definitiva, estamos recorriendo territorios inexplorados. En estos momentos de incertidumbre, donde carecemos de referencias del pasado que nos gui\u0301en en el camino que nos queda por recorrer, debemos anteponer el intere\u0301s y bienestar de la sociedad a cualquier otro objetivo. Si tras la Crisis Financiera Global de 2008 se hablo\u0301 de la Nueva Normalidad y se crearon nuevas figuras de cooperacio\u0301n internacional como el G20; sin duda, despue\u0301s de la Crisis del COVID-19, surgira\u0301 un nuevo mundo que se podri\u0301a llamar Nueva Anormalidad. Un periodo de notable incertidumbre en el que los valores tienen que ser la bru\u0301jula que nos gui\u0301e, y tras el que se configurara\u0301n nuevos patrones de gobernanza, produccio\u0301n, consumo e inversio\u0301n a escala internacional. No podemos imaginarnos muchas de las cosas que los pro\u0301ximos an\u0303os nos van a traer, pero sabemos que, para que esta transformacio\u0301n, apoyada en la tecnologi\u0301a, sea buena para todos, debe ser justa e inclusiva. Debe ser humana. Es tiempo de poner a las personas en el centro.\u00bb<\/p>\n<p>J. M. \u00c1lvarez (2020). Presentaci\u00f3 de l\u2019<a href=\"https:\/\/www.fundaciontelefonica.com\/noticias\/informe-sociedad-digital-espana-2019\/\" target=\"_blank\" rel=\"noopener\">informe \u00abSociedad Digital en Espa\u00f1a 2019<\/a>\u00bb.<\/p><\/blockquote>\n<p>Aquesta cita de J. M. \u00c1lvarez, president de Telef\u00f3nica en la presentaci\u00f3 de l\u2019informe \u00abSociedad Digital en Espa\u00f1a 2019\u00bb il\u00b7lustra molt adequadament el panorama actual de l\u2019Estat (i d\u2019arreu del m\u00f3n). Tamb\u00e9 parla de la <a href=\"javascript:void(0);\" class=\"tooltip\" data-toggle=\"popover\" data-placement=\"bottom\" data-content=\"Llegiu l\u2019article que trobareu a <a href='https:\/\/www.bbc.com\/mundo\/noticias-37631834' target='_blank'>https:\/\/www.bbc.com\/mundo\/noticias-37631834<\/a>. Potser ja est\u00e0 passant.\" data-placement=\"top\" data-html=\"true\" >quarta revoluci\u00f3 industrial<\/a> a la qual ja fa temps que hem entrat. Aquesta fa refer\u00e8ncia a la converg\u00e8ncia de tecnologies digitals, f\u00edsiques i biol\u00f2giques per a produir nous productes i serveis. F\u00e0briques intel\u00b7ligents que reduiran considerablement la necessitat de m\u00e0 d\u2019obra humana, noves maneres de treballar, noves professions relacionades amb l&#8217;\u00e0mbit tecnol\u00f2gic&#8230; Per tant, un sotrac que haur\u00e0 d\u2019anar acompanyat de reconversions professionals (i de reducci\u00f3 de la jornada laboral gen\u00e8rica, ja que probablement hi haur\u00e0 menys feina en conjunt). En aquest sentit, les persones amb menys compet\u00e8ncies digitals presumiblement seran les que m\u00e9s patiran en aquesta economia digital i les que hauran de fer aquesta reconversi\u00f3. Ja avui dia \u00e9s estranya l\u2019oferta de feina que no demani compet\u00e8ncies digitals, una cosa que es preveu que anir\u00e0 augmentant.<\/p>\n<p>\u00d2bviament Telef\u00f3nica \u00e9s part interessada com a empresa del sector i la seva visi\u00f3 est\u00e0 molt centrada en l\u2019economia i a tenir treballadors formats i usuaris que consumeixen serveis digitals. Per\u00f2 tamb\u00e9 \u00e9s cert que les TIC s\u00f3n una oportunitat per a fer una societat m\u00e9s justa&#8230; o tot el contrari pels que quedin enrere. En tot cas, a ning\u00fa li sembla descabellada la idea que la nostra societat est\u00e0 cada cop m\u00e9s digitalitzada i que aquest proc\u00e9s s&#8217;ha accelerat de manera notable, i aix\u00ed es preveu que ho continu\u00ef fent en el futur.<\/p>\n<p>En aquest sentit, cobra import\u00e0ncia el concepte d\u2019<em>e-inclusi\u00f3 <\/em>per tal de garantir que tothom pugui formar part, beneficiar-se i participar d\u2019aquesta societat digital. Segons alguns estudis, l\u2019<strong>e-inclusi\u00f3<\/strong> consisteix en el seg\u00fcent: (\u2026) Se centra en l\u2019aprofitament dels beneficis que ofereix la societat de la informaci\u00f3 a tots els ciutadans, independentment de la seva condici\u00f3 de salut, econ\u00f2mica, edat, g\u00e8nere o ubicaci\u00f3 geogr\u00e0fica, (&#8230;) les iniquitats socials s\u00f3n la base de l\u2019exclusi\u00f3 social, aquestes tenen lloc quan els individus o els grups socials no es beneficien de la mateixa manera de les oportunitats per assolir els objectius definits i desitjables de la societat.<\/p>\n<p>Quins factors influeixen en el desenvolupament correcte de la societat digital? (recordeu que ens centrarem en Europa, Espanya i Catalunya). Vegem-ho a continuaci\u00f3.<\/p>\n","protected":false},"excerpt":{"rendered":"<p>\u00abDebemos fomentar el desarrollo de iniciativas que impulsen las competencias digitales, base de la educacio\u0301n del ciudadano del siglo XXI. Para asegurar la conexio\u0301n entre formacio\u0301n y empleo, necesitamos nuevas formas de aprendizaje y capacidades digitales. En definitiva, estamos recorriendo territorios inexplorados. En estos momentos de incertidumbre, donde carecemos de referencias del pasado que nos [&hellip;]<\/p>\n","protected":false},"author":1,"featured_media":0,"parent":0,"menu_order":0,"comment_status":"closed","ping_status":"closed","template":"","meta":[],"_links":{"self":[{"href":"http:\/\/dinamitzacio-social-digital-test.recursos.uoc.edu\/contextos-exclusio\/wp-json\/wp\/v2\/pages\/26"}],"collection":[{"href":"http:\/\/dinamitzacio-social-digital-test.recursos.uoc.edu\/contextos-exclusio\/wp-json\/wp\/v2\/pages"}],"about":[{"href":"http:\/\/dinamitzacio-social-digital-test.recursos.uoc.edu\/contextos-exclusio\/wp-json\/wp\/v2\/types\/page"}],"author":[{"embeddable":true,"href":"http:\/\/dinamitzacio-social-digital-test.recursos.uoc.edu\/contextos-exclusio\/wp-json\/wp\/v2\/users\/1"}],"replies":[{"embeddable":true,"href":"http:\/\/dinamitzacio-social-digital-test.recursos.uoc.edu\/contextos-exclusio\/wp-json\/wp\/v2\/comments?post=26"}],"version-history":[{"count":8,"href":"http:\/\/dinamitzacio-social-digital-test.recursos.uoc.edu\/contextos-exclusio\/wp-json\/wp\/v2\/pages\/26\/revisions"}],"predecessor-version":[{"id":819,"href":"http:\/\/dinamitzacio-social-digital-test.recursos.uoc.edu\/contextos-exclusio\/wp-json\/wp\/v2\/pages\/26\/revisions\/819"}],"wp:attachment":[{"href":"http:\/\/dinamitzacio-social-digital-test.recursos.uoc.edu\/contextos-exclusio\/wp-json\/wp\/v2\/media?parent=26"}],"curies":[{"name":"wp","href":"https:\/\/api.w.org\/{rel}","templated":true}]}}