{"id":30,"date":"2018-12-10T01:07:32","date_gmt":"2018-12-09T23:07:32","guid":{"rendered":"http:\/\/dinamitzacio-social-digital-test.recursos.uoc.edu\/contextos-exclusio\/?page_id=30"},"modified":"2019-01-09T10:17:58","modified_gmt":"2019-01-09T08:17:58","slug":"1-2-2-el-format-i-els-continguts","status":"publish","type":"page","link":"http:\/\/dinamitzacio-social-digital-test.recursos.uoc.edu\/contextos-exclusio\/1-2-2-el-format-i-els-continguts\/","title":{"rendered":"1.2.2. El format i els continguts"},"content":{"rendered":"<p>L\u2019<strong>accessibilitat<\/strong> i la <strong>usabilitat<\/strong> dels webs i les aplicacions m\u00f2bils s\u00f3n barreres a les quals s\u2019enfronten les persones amb algun tipus de diversitat funcional. Molts no estan adaptats a aquests tipus d\u2019usuaris, la qual cosa repercuteix en dificultats per a accedir a la societat digital. Hi ha entitats com <a href=\"javascript:void(0);\" class=\"tooltip\" data-toggle=\"popover\" data-placement=\"bottom\" data-content=\"Entitat que vetlla per l\u2019accessibilitat a la xarxa: <a href='https:\/\/www.discapnet.es\/areas-tematicas\/tecnologia-inclusiva' target='_blank'>https:\/\/www.discapnet.es\/areas-tematicas\/tecnologia-inclusiva<\/a>.\" data-placement=\"top\" data-html=\"true\" >Discapnet<\/a> (de la Fundaci\u00f3 ONCE) o \u00a0<a href=\"javascript:void(0);\" class=\"tooltip\" data-toggle=\"popover\" data-placement=\"bottom\" data-content=\"Entitat que vetlla per l\u2019accessibilitat a la xarxa: <a href='https:\/\/www.w3c.es\/Traducciones\/es\/WAI\/intro\/accessibility' target='_blank'>https:\/\/www.w3c.es\/Traducciones\/es\/WAI\/intro\/accessibility<\/a>.\" data-placement=\"top\" data-html=\"true\" >W3.org<\/a> que vetllen per aquest acompliment.<\/p>\n<blockquote><p>\u00abPor \u201caccesibilidad de portales web\u201d entendemos el conjunto de tecnolog\u00edas, normas de aplicaci\u00f3n y dise\u00f1o que facilitan la utilizaci\u00f3n de los sitios Web siguiendo las pautas del \u201cdise\u00f1o para todos\u201d. El fundamento para desarrollar una web accesible radica en comprender que las personas acceden a internet de modos diferentes:<\/p>\n<ul>\n<li>Usuarios con ceguera total que usan un programa lector de pantalla para acceder al contenido del navegador, escuch\u00e1ndolo por los altavoces o ley\u00e9ndolo con sus dedos mediante una l\u00ednea Braille.<\/li>\n<li>Usuarios con deficiencia visual, visi\u00f3n parcial o ceguera al color, que emplean sistemas de ampliaci\u00f3n de la pantalla, recurren al aumento del tama\u00f1o de las letras o requieren un contraste efectivo de color entre el texto y el fondo.<\/li>\n<li>Usuarios con limitaci\u00f3n motriz en sus manos, que no pueden utilizar el rat\u00f3n y acceden al contenido web exclusivamente mediante el teclado de su ordenador o lo hacen mediante sistemas de reconocimiento de voz, navegando mediante instrucciones verbales que dan a su ordenador.<\/li>\n<li>Usuarios con sordera total que requieren de alternativas textuales a elementos multimedia sonoros.<\/li>\n<li>Pero tambi\u00e9n hay usuarios de conexiones lentas a internet o que acceden mediante equipos port\u00e1tiles del tipo <em>palm top<\/em> o tel\u00e9fonos m\u00f3viles con reducidas pantallas gr\u00e1ficas, que se benefician del dise\u00f1o accesible.\u00bb<\/li>\n<\/ul>\n<p>Extret de <a href=\"https:\/\/www.discapnet.es\/areas-tematicas\/tecnologia-inclusiva\/observatorio-de-accesibilidad-tic\/la-accesibilidad-web\" target=\"_blank\" rel=\"noopener\">https:\/\/www.discapnet.es\/areas-tematicas\/tecnologia-inclusiva\/observatorio-de-accesibilidad-tic\/la-accesibilidad-web<\/a><\/p><\/blockquote>\n<p>Alguns usuaris, especialment els m\u00e9s grans, poden sentir cert rebuig al format dels webs, especialment els m\u00e9s agressius quant a <em>pop-ups<\/em>, colors cridaners, lletra petita, inserci\u00f3 de publicitat enganyosa\u2026 Si no resulta agradable, en \u00faltim terme poden abandonar l\u2019experi\u00e8ncia.<\/p>\n<p>Pel que fa a les aplicacions accessibles tamb\u00e9 hi ha <a href=\"https:\/\/www.discapnet.es\/areas-tematicas\/tecnologia-inclusiva\/aplicaciones-moviles\/aplicaciones-moviles-para-windows-iphone-7-y-android\" target=\"_blank\" rel=\"noopener\">dec\u00e0legs<\/a> i llistats per a descarregar en el mateix web.<\/p>\n<p>El <strong>llenguatge<\/strong> \u00e9s una barrera relativa per a accedir a les TIC en la nostra societat. El castell\u00e0 t\u00e9 for\u00e7a <a href=\"javascript:void(0);\" class=\"tooltip\" data-toggle=\"popover\" data-placement=\"bottom\" data-content=\"En l\u2019enlla\u00e7 <a href='https:\/\/es.wikipedia.org\/wiki\/Anexo:Idiomas_en_Internet' target='_blank'>https:\/\/es.wikipedia.org\/wiki\/Anexo:Idiomas_en_internet<\/a> podeu veure la distribuci\u00f3 dels idiomes a internet.\" data-placement=\"top\" data-html=\"true\" >pres\u00e8ncia a la xarxa<\/a> encara que no en la proporci\u00f3 que li tocaria segons el nombre d\u2019usuaris. En tot cas l\u2019angl\u00e8s, amb molta difer\u00e8ncia, \u00e9s l\u2019idioma en qu\u00e8 estan escrits m\u00e9s webs. Si a aix\u00f2 hi afegim la gran quantitat de neologismes derivats d\u2019aquest idioma, el resultat pot ser que es vegi limitada la capacitat d\u2019algunes persones d\u2019entendre conceptes o d\u2019accedir a determinats continguts i, en definitiva, els resulti una experi\u00e8ncia frustrant que els pugui portar a deixar-ho.<\/p>\n","protected":false},"excerpt":{"rendered":"<p>L\u2019accessibilitat i la usabilitat dels webs i les aplicacions m\u00f2bils s\u00f3n barreres a les quals s\u2019enfronten les persones amb algun tipus de diversitat funcional. Molts no estan adaptats a aquests tipus d\u2019usuaris, la qual cosa repercuteix en dificultats per a accedir a la societat digital. Hi ha entitats com (de la Fundaci\u00f3 ONCE) o \u00a0 [&hellip;]<\/p>\n","protected":false},"author":1,"featured_media":0,"parent":0,"menu_order":0,"comment_status":"closed","ping_status":"closed","template":"","meta":[],"_links":{"self":[{"href":"http:\/\/dinamitzacio-social-digital-test.recursos.uoc.edu\/contextos-exclusio\/wp-json\/wp\/v2\/pages\/30"}],"collection":[{"href":"http:\/\/dinamitzacio-social-digital-test.recursos.uoc.edu\/contextos-exclusio\/wp-json\/wp\/v2\/pages"}],"about":[{"href":"http:\/\/dinamitzacio-social-digital-test.recursos.uoc.edu\/contextos-exclusio\/wp-json\/wp\/v2\/types\/page"}],"author":[{"embeddable":true,"href":"http:\/\/dinamitzacio-social-digital-test.recursos.uoc.edu\/contextos-exclusio\/wp-json\/wp\/v2\/users\/1"}],"replies":[{"embeddable":true,"href":"http:\/\/dinamitzacio-social-digital-test.recursos.uoc.edu\/contextos-exclusio\/wp-json\/wp\/v2\/comments?post=30"}],"version-history":[{"count":3,"href":"http:\/\/dinamitzacio-social-digital-test.recursos.uoc.edu\/contextos-exclusio\/wp-json\/wp\/v2\/pages\/30\/revisions"}],"predecessor-version":[{"id":510,"href":"http:\/\/dinamitzacio-social-digital-test.recursos.uoc.edu\/contextos-exclusio\/wp-json\/wp\/v2\/pages\/30\/revisions\/510"}],"wp:attachment":[{"href":"http:\/\/dinamitzacio-social-digital-test.recursos.uoc.edu\/contextos-exclusio\/wp-json\/wp\/v2\/media?parent=30"}],"curies":[{"name":"wp","href":"https:\/\/api.w.org\/{rel}","templated":true}]}}