{"id":35,"date":"2018-12-10T01:22:46","date_gmt":"2018-12-09T23:22:46","guid":{"rendered":"http:\/\/dinamitzacio-social-digital-test.recursos.uoc.edu\/contextos-exclusio\/?page_id=35"},"modified":"2019-02-01T10:45:50","modified_gmt":"2019-02-01T08:45:50","slug":"1-2-4-la-seguretat","status":"publish","type":"page","link":"http:\/\/dinamitzacio-social-digital-test.recursos.uoc.edu\/contextos-exclusio\/1-2-4-la-seguretat\/","title":{"rendered":"1.2.4. La seguretat"},"content":{"rendered":"<p>Hi ha moltes persones que continuen percebent internet com un mitj\u00e0 poc segur. S\u00ed que \u00e9s cert que, en aquest sentit, pot esdevenir un terreny abonat per als nous delinq\u00fcents inform\u00e0tics, ja que la mateixa naturalesa de la xarxa i la seva llibertat \u00e9s, alhora, la seva debilitat.<\/p>\n<p>L\u2019\u00fas d\u2019eines i plataformes per a comunicar-se digitalment no est\u00e0 exempt de riscos. A continuaci\u00f3 us n\u2019exposem alguns dels que ha identificat el programa <a href=\"javascript:void(0);\" class=\"tooltip\" data-toggle=\"popover\" data-placement=\"bottom\" data-content=\" En l\u2019enlla\u00e7 <a href='https:\/\/internetsegura.cat\/joves\/resoldre-problema-internet\/' target='_blank'>https:\/\/internetsegura.cat\/joves\/resoldre-problema-internet\/<\/a> trobareu informaci\u00f3 sobre joves i internet de la Generalitat de Catalunya.\" data-placement=\"top\" data-html=\"true\" >Internet Segura<\/a> de la Generalitat de Catalunya (podeu trobar <a href=\"http:\/\/e-legales.net\/glosario-de-terminos\/\" target=\"_blank\" rel=\"noopener\">glossaris<\/a> de termes a la xarxa sobre el tema):<\/p>\n<ul>\n<li><em>Ciberbullying<\/em> o assetjament escolar a internet<\/li>\n<li>Cal\u00famnies, inj\u00faries i amenaces a la xarxa<\/li>\n<li>\u00das no autoritzat de la nostra imatge a internet<\/li>\n<li><em>Grooming<\/em> o assetjament sexual a la xarxa (incloent-hi <em>sexting<\/em> o sextorsi\u00f3)<\/li>\n<li>Presa d\u2019identitat en xarxes socials o en altres entorns (persones que es fan passar per tu creant un perfil fals)<\/li>\n<\/ul>\n<p>L\u2019anonimat que sovint empara les persones que fan aquestes accions i la facilitat d\u2019\u00fas afavoreixen que aquests fen\u00f2mens siguin relativament freq\u00fcents. Per aix\u00f2, com a professionals de l\u2019educaci\u00f3 social caldr\u00e0 que siguem vigilants amb aquestes din\u00e0miques i ensenyar a preveure i fer front a aquestes conductes.<\/p>\n<p>Trobem altres <a href=\"javascript:void(0);\" class=\"tooltip\" data-toggle=\"popover\" data-placement=\"bottom\" data-content=\"En l\u2019enlla\u00e7 <a href='https:\/\/www.osi.es\/es' target='_blank'>https:\/\/www.osi.es\/es<\/a> trobareu informaci\u00f3 sobre com resoldre problemes de seguretat.\" data-placement=\"top\" data-html=\"true\" >problemes relacionats amb la seguretat<\/a>:<\/p>\n<ul>\n<li>Virus, troians, cucs, etc. que infecten la xarxa i poden arribar a paralitzar-la amb grans despeses per a l\u2019usuari.<\/li>\n<li><em>Spywares<\/em> o programes que vigilen l\u2019\u00fas que fem de la xarxa, normalment amb finalitats comercials.<\/li>\n<li>Suplantacions d\u2019identitat, aconseguint accedir a les claus d\u2019acc\u00e9s i contrasenyes obtingudes amb diversos m\u00e8todes fraudulents.<\/li>\n<li><em>Dialers<\/em> o redireccionadors a n\u00fameros d\u2019alt cost per a l\u2019usuari.<\/li>\n<li>Correu no desitjat o <em>spam<\/em>&#8230;<\/li>\n<\/ul>\n<p>Aquests riscos poden ser una barrera per al bon funcionament de la xarxa i repercuteixen especialment en la percepci\u00f3 que tenen d\u2019internet les persones no capacitades digitalment o amb poca relaci\u00f3 amb la tecnologia. La percepci\u00f3 d\u2019inseguretat a vegades est\u00e0 alimentada per algunes not\u00edcies cridaneres en els mitjans de comunicaci\u00f3. En aquest sentit, l\u2019e-inclusi\u00f3 hauria de donar elements que permetin a les persones fer un \u00fas segur de la xarxa, especialment quan s\u2019han de fer gestions, tr\u00e0mits o compres. Per exemple, fer-ho en webs reconeguts, que hagi fet servir alg\u00fa abans sense problemes, amb protocols d\u2019encriptaci\u00f3 de dades (https), amb moneders electr\u00f2nics o webs mitjancers (tipus <a href=\"https:\/\/www.paypal.com\/es\/home\" target=\"_blank\" rel=\"noopener\">Paypal<\/a>), etc.<\/p>\n<div class=\"featured featured-blue\"><p>\u00c9s a dir, els riscos hi s\u00f3n, per\u00f2 es poden minimitzar si es disposa de la informaci\u00f3 adequada.<\/p>\n<\/div>\n","protected":false},"excerpt":{"rendered":"<p>Hi ha moltes persones que continuen percebent internet com un mitj\u00e0 poc segur. S\u00ed que \u00e9s cert que, en aquest sentit, pot esdevenir un terreny abonat per als nous delinq\u00fcents inform\u00e0tics, ja que la mateixa naturalesa de la xarxa i la seva llibertat \u00e9s, alhora, la seva debilitat. L\u2019\u00fas d\u2019eines i plataformes per a comunicar-se [&hellip;]<\/p>\n","protected":false},"author":1,"featured_media":0,"parent":0,"menu_order":0,"comment_status":"closed","ping_status":"closed","template":"","meta":[],"_links":{"self":[{"href":"http:\/\/dinamitzacio-social-digital-test.recursos.uoc.edu\/contextos-exclusio\/wp-json\/wp\/v2\/pages\/35"}],"collection":[{"href":"http:\/\/dinamitzacio-social-digital-test.recursos.uoc.edu\/contextos-exclusio\/wp-json\/wp\/v2\/pages"}],"about":[{"href":"http:\/\/dinamitzacio-social-digital-test.recursos.uoc.edu\/contextos-exclusio\/wp-json\/wp\/v2\/types\/page"}],"author":[{"embeddable":true,"href":"http:\/\/dinamitzacio-social-digital-test.recursos.uoc.edu\/contextos-exclusio\/wp-json\/wp\/v2\/users\/1"}],"replies":[{"embeddable":true,"href":"http:\/\/dinamitzacio-social-digital-test.recursos.uoc.edu\/contextos-exclusio\/wp-json\/wp\/v2\/comments?post=35"}],"version-history":[{"count":3,"href":"http:\/\/dinamitzacio-social-digital-test.recursos.uoc.edu\/contextos-exclusio\/wp-json\/wp\/v2\/pages\/35\/revisions"}],"predecessor-version":[{"id":673,"href":"http:\/\/dinamitzacio-social-digital-test.recursos.uoc.edu\/contextos-exclusio\/wp-json\/wp\/v2\/pages\/35\/revisions\/673"}],"wp:attachment":[{"href":"http:\/\/dinamitzacio-social-digital-test.recursos.uoc.edu\/contextos-exclusio\/wp-json\/wp\/v2\/media?parent=35"}],"curies":[{"name":"wp","href":"https:\/\/api.w.org\/{rel}","templated":true}]}}