{"id":46,"date":"2018-12-10T01:38:15","date_gmt":"2018-12-09T23:38:15","guid":{"rendered":"http:\/\/dinamitzacio-social-digital-test.recursos.uoc.edu\/contextos-exclusio\/?page_id=46"},"modified":"2021-01-29T13:06:09","modified_gmt":"2021-01-29T11:06:09","slug":"1-6-el-factor-politic","status":"publish","type":"page","link":"http:\/\/dinamitzacio-social-digital-test.recursos.uoc.edu\/contextos-exclusio\/1-6-el-factor-politic\/","title":{"rendered":"1.6. El factor pol\u00edtic"},"content":{"rendered":"<p>Un altre dels factors que influeixen en el fet que l\u2019e-inclusi\u00f3 estigui m\u00e9s o menys estesa \u00e9s el pol\u00edtic, ja que \u00e9s condici\u00f3 <em>sine qua non<\/em> que els pol\u00edtics estiguin conven\u00e7uts de la necessitat d\u2019establir el dret a la capacitaci\u00f3 digital, o si m\u00e9s no, de l\u2019inter\u00e8s a desenvolupar la societat digital, encara que sigui per motius econ\u00f2mics. Quan hi ha convenciment d\u2019aquesta necessitat s\u2019implanten estrat\u00e8gies, programes i projectes. Hi ha multitud d\u2019exemples en aquest sentit, alguns dels quals s\u2019han recollit al m\u00f2dul \u00abPol\u00edtiques i programes d\u2019alfabetitzaci\u00f3 digital a la UE\u00bb d\u2019aquest material: estrat\u00e8gies, programes marc, projectes, carteres de societat de la informaci\u00f3 amb responsable pol\u00edtic assignat, pressupost, t\u00e8cnics qualificats, equipaments, recursos&#8230;<\/p>\n<p>Per\u00f2 aix\u00f2 no passa sempre. De vegades el factor pol\u00edtic resta en el nostre \u00e0mbit. Fer pol\u00edtica consisteix a prioritzar accions amb els recursos disponibles, i no sempre s\u2019ent\u00e9n la import\u00e0ncia de les pol\u00edtiques d\u2019e-inclusi\u00f3. <a href=\"javascript:void(0);\" class=\"tooltip\" data-toggle=\"popover\" data-placement=\"bottom\" data-content=\"<b>Reflexi\u00f3<\/b>: Llegiu la nota de premsa on Manuel Castells nega la divis\u00f2ria digital, que trobareu en l\u2019enlla\u00e7 <a href='https:\/\/www.publico.es\/ciencias\/brecha-digital-no-existe.html' target='_blank'>https:\/\/www.publico.es\/ciencias\/brecha-digital-no-existe.html<\/a>.\" data-placement=\"top\" data-html=\"true\" >O b\u00e9 es nega la divis\u00f2ria digital<\/a> o b\u00e9 es pensa que el mercat se saturar\u00e0 sol (un pensament que est\u00e0 d\u2019acord amb els postulats neoliberals) i que no cal fer res.<\/p>\n<div class=\"featured featured-grey\"><p><strong>Reflexi\u00f3<\/strong><\/p>\n<p>Tenint en compte tot el context generat arran de la pand\u00e8mia de la Covid-19 i la conseq\u00fcent necessitat de digitalitzaci\u00f3 que ha comportat en molts \u00e0mbits, penseu que la bretxa digital est\u00e0 superada?<\/p>\n<\/div>\n","protected":false},"excerpt":{"rendered":"<p>Un altre dels factors que influeixen en el fet que l\u2019e-inclusi\u00f3 estigui m\u00e9s o menys estesa \u00e9s el pol\u00edtic, ja que \u00e9s condici\u00f3 sine qua non que els pol\u00edtics estiguin conven\u00e7uts de la necessitat d\u2019establir el dret a la capacitaci\u00f3 digital, o si m\u00e9s no, de l\u2019inter\u00e8s a desenvolupar la societat digital, encara que sigui [&hellip;]<\/p>\n","protected":false},"author":1,"featured_media":0,"parent":0,"menu_order":0,"comment_status":"closed","ping_status":"closed","template":"","meta":[],"_links":{"self":[{"href":"http:\/\/dinamitzacio-social-digital-test.recursos.uoc.edu\/contextos-exclusio\/wp-json\/wp\/v2\/pages\/46"}],"collection":[{"href":"http:\/\/dinamitzacio-social-digital-test.recursos.uoc.edu\/contextos-exclusio\/wp-json\/wp\/v2\/pages"}],"about":[{"href":"http:\/\/dinamitzacio-social-digital-test.recursos.uoc.edu\/contextos-exclusio\/wp-json\/wp\/v2\/types\/page"}],"author":[{"embeddable":true,"href":"http:\/\/dinamitzacio-social-digital-test.recursos.uoc.edu\/contextos-exclusio\/wp-json\/wp\/v2\/users\/1"}],"replies":[{"embeddable":true,"href":"http:\/\/dinamitzacio-social-digital-test.recursos.uoc.edu\/contextos-exclusio\/wp-json\/wp\/v2\/comments?post=46"}],"version-history":[{"count":9,"href":"http:\/\/dinamitzacio-social-digital-test.recursos.uoc.edu\/contextos-exclusio\/wp-json\/wp\/v2\/pages\/46\/revisions"}],"predecessor-version":[{"id":879,"href":"http:\/\/dinamitzacio-social-digital-test.recursos.uoc.edu\/contextos-exclusio\/wp-json\/wp\/v2\/pages\/46\/revisions\/879"}],"wp:attachment":[{"href":"http:\/\/dinamitzacio-social-digital-test.recursos.uoc.edu\/contextos-exclusio\/wp-json\/wp\/v2\/media?parent=46"}],"curies":[{"name":"wp","href":"https:\/\/api.w.org\/{rel}","templated":true}]}}