{"id":53,"date":"2018-12-10T01:45:37","date_gmt":"2018-12-09T23:45:37","guid":{"rendered":"http:\/\/dinamitzacio-social-digital-test.recursos.uoc.edu\/contextos-exclusio\/?page_id=53"},"modified":"2021-01-21T12:25:49","modified_gmt":"2021-01-21T10:25:49","slug":"2-2-1-comunicacio","status":"publish","type":"page","link":"http:\/\/dinamitzacio-social-digital-test.recursos.uoc.edu\/contextos-exclusio\/2-2-1-comunicacio\/","title":{"rendered":"2.2.1. Comunicaci\u00f3"},"content":{"rendered":"<p>\u00c9s \u00f2bvia la import\u00e0ncia d\u2019internet en el sistema actual de relacions humanes, si m\u00e9s no en societats com la nostra. Si penseu com eren les comunicacions interpersonals ara fa vint anys, segur que estareu d\u2019acord que han canviat molt\u00edssim. Hem passat, en poc temps, dels tel\u00e8fons fixos als <a href=\"https:\/\/es.wikipedia.org\/wiki\/Mens%C3%A1fono\" target=\"_blank\" rel=\"noopener\">mens\u00e0fons<\/a> (els \u00abbusques\u00bb), als m\u00f2bils amb SMS, als tel\u00e8fons intel\u00b7ligents amb connexi\u00f3 a internet i diferents aplicacions m\u00f2bils de comunicaci\u00f3 (WhatsApp, Telegram, correu, videoconfer\u00e8ncia\u2026); dels primers xats i f\u00f2rums a les xarxes socials actuals, cada cop m\u00e9s visuals i amb m\u00e9s opcions d\u2019interactivitat, que ha fet possible les millores d\u2019aparells i la connectivitat.<\/p>\n<p>En l\u2019actualitat, el m\u00e9s habitual \u00e9s trobar gent que es relaciona amb aquests mitjans, una xifra que arriba pr\u00e0cticament al 100 % entre els joves (vegeu l\u2019<a href=\"http:\/\/www.ine.es\/ss\/Satellite?L=es_ES&amp;c=INESeccion_C&amp;cid=1259925528782&amp;p=1254735110672&amp;pagename=ProductosYServicios%2FPYSLayout\" target=\"_blank\" rel=\"noopener\">estudi per edats de l\u2019Institut Nacional d\u2019Estad\u00edstica<\/a>). Entre altres q\u00fcestions, aix\u00f2 implica, pel que fa als avantatges, una superaci\u00f3 de les barreres espacials i\/o temporals (dist\u00e0ncies, connectivitat a tothora), amb una connexi\u00f3 gaireb\u00e9 constant que possibilita compartir al moment, difondre massivament, etc.<\/p>\n<p>&nbsp;<\/p>\n<figure id=\"attachment_806\" aria-describedby=\"caption-attachment-806\" style=\"width: 548px\" class=\"wp-caption alignnone\"><img loading=\"lazy\" class=\"wp-image-806 size-full\" src=\"\/wp-content\/uploads\/sites\/6\/2020\/12\/dades_usos_edats_TIC_2020.png\" alt=\"\" width=\"548\" height=\"885\" srcset=\"\/wp-content\/uploads\/sites\/6\/2020\/12\/dades_usos_edats_TIC_2020.png 548w, \/wp-content\/uploads\/sites\/6\/2020\/12\/dades_usos_edats_TIC_2020-186x300.png 186w\" sizes=\"(max-width: 548px) 100vw, 548px\" \/><figcaption id=\"caption-attachment-806\" class=\"wp-caption-text\">Font: \u00abEncuesta sobre equipamiento y uso de tecnolog\u00edas de la informaci\u00f3n y comunicaci\u00f3n en los hogares\u00bb. INE Estad\u00edsticas de sociedad de la informaci\u00f3n. Eurostat (<a href=\"https:\/\/www.ine.es\/ss\/Satellite?L=es_ES&amp;c=INESeccion_C&amp;cid=1259925528782&amp;p=1254735110672&amp;pagename=ProductosYServicios%2FPYSLayout\" target=\"_blank\" rel=\"noopener\">https:\/\/www.ine.es\/ss\/Satellite?L=es_ES&amp;c=INESeccion_C&amp;cid=1259925528782&amp;p=1254735110672&amp;pagename=ProductosYServicios%2FPYSLayout<\/a>)<\/figcaption><\/figure>\n<p>Portat a l\u2019extrem, i en negatiu, tamb\u00e9 pot generar addiccions i, paradoxalment, un <a href=\"javascript:void(0);\" class=\"tooltip\" data-toggle=\"popover\" data-placement=\"bottom\" data-content=\"<b>Reflexi\u00f3<\/b>: Despr\u00e9s de llegir l\u2019enlla\u00e7 <a href='http:\/\/www.elmundo.es\/sociedad\/2017\/09\/21\/59c2a0fb46163faa058b45f8.html' target='_blank'>http:\/\/www.elmundo.es\/sociedad\/2017\/09\/21\/59c2a0fb46163faa058b45f8.html<\/a> reflexioneu sobre si internet pot provocar solitud.\" data-placement=\"top\" data-html=\"true\" >sentiment de solitud<\/a>. En aquest sentit, pot afavorir frustracions a causa de les expectatives dipositades en aquestes comunicacions. Per\u00f2 la realitat \u00e9s que aquest tipus de comunicaci\u00f3 \/ relaci\u00f3 digital sembla que ha vingut per a quedar-se. I no saber-se moure amb aquestes eines pot ser motiu d\u2019exclusi\u00f3. I aix\u00f2 es produeix quan no se saben utilitzar o no s\u2019hi t\u00e9 acc\u00e9s. Ens referim a eines com les xarxes socials, les diferents aplicacions m\u00f2bils de missatgeria instant\u00e0nia, aplicacions de videoconfer\u00e8ncia, correu electr\u00f2nic, etc.<\/p>\n<p>Tot i que una de les claus de l\u2019\u00e8xit d\u2019aquestes eines i aplicacions per a la comunicaci\u00f3 \u00e9s la facilitat d\u2019\u00fas, hi pot haver persones que no les saben utilitzar i que, per tant, poden quedar excloses en diferents \u00e0mbits de la vida quotidiana. Cal parar atenci\u00f3 especial als col\u00b7lectius seg\u00fcents:<\/p>\n<ul>\n<li><strong>Gent gran<\/strong>: El fet de saber utilitzar aquestes eines els permet, per exemple, poder estar en contacte amb familiars, sobretot si viuen lluny, i sentir-se acompanyats i atesos, sobretot les persones grans que viuen soles o tenen alguna malaltia important (una mena de substitutiu dels botons de teleassist\u00e8ncia).<\/li>\n<li><strong>Immigrants<\/strong>: Els permet seguir en contacte amb familiars i amics, i tamb\u00e9 amb la comunitat de proced\u00e8ncia, cosa que evita el desarrelament i deixa const\u00e0ncia del seu recorregut vital.<\/li>\n<li><strong>Persones que per diferents motius ho estan passant malament a causa de diferents situacions<\/strong> (ja sigui per motius de malaltia, dol, etc.): Internet permet con\u00e8ixer comunitats de persones que estan en la mateixa situaci\u00f3, i facilita establir contacte i defugir l\u2019a\u00efllament, fet que pot evitar la possible exclusi\u00f3 social d\u2019aquestes persones. Alguns exemples s\u00f3n grups d\u2019ajuda, d\u2019aficions, gent de la mateixa zona\u2026<\/li>\n<\/ul>\n","protected":false},"excerpt":{"rendered":"<p>\u00c9s \u00f2bvia la import\u00e0ncia d\u2019internet en el sistema actual de relacions humanes, si m\u00e9s no en societats com la nostra. Si penseu com eren les comunicacions interpersonals ara fa vint anys, segur que estareu d\u2019acord que han canviat molt\u00edssim. Hem passat, en poc temps, dels tel\u00e8fons fixos als mens\u00e0fons (els \u00abbusques\u00bb), als m\u00f2bils amb SMS, [&hellip;]<\/p>\n","protected":false},"author":1,"featured_media":0,"parent":0,"menu_order":0,"comment_status":"closed","ping_status":"closed","template":"","meta":[],"_links":{"self":[{"href":"http:\/\/dinamitzacio-social-digital-test.recursos.uoc.edu\/contextos-exclusio\/wp-json\/wp\/v2\/pages\/53"}],"collection":[{"href":"http:\/\/dinamitzacio-social-digital-test.recursos.uoc.edu\/contextos-exclusio\/wp-json\/wp\/v2\/pages"}],"about":[{"href":"http:\/\/dinamitzacio-social-digital-test.recursos.uoc.edu\/contextos-exclusio\/wp-json\/wp\/v2\/types\/page"}],"author":[{"embeddable":true,"href":"http:\/\/dinamitzacio-social-digital-test.recursos.uoc.edu\/contextos-exclusio\/wp-json\/wp\/v2\/users\/1"}],"replies":[{"embeddable":true,"href":"http:\/\/dinamitzacio-social-digital-test.recursos.uoc.edu\/contextos-exclusio\/wp-json\/wp\/v2\/comments?post=53"}],"version-history":[{"count":10,"href":"http:\/\/dinamitzacio-social-digital-test.recursos.uoc.edu\/contextos-exclusio\/wp-json\/wp\/v2\/pages\/53\/revisions"}],"predecessor-version":[{"id":841,"href":"http:\/\/dinamitzacio-social-digital-test.recursos.uoc.edu\/contextos-exclusio\/wp-json\/wp\/v2\/pages\/53\/revisions\/841"}],"wp:attachment":[{"href":"http:\/\/dinamitzacio-social-digital-test.recursos.uoc.edu\/contextos-exclusio\/wp-json\/wp\/v2\/media?parent=53"}],"curies":[{"name":"wp","href":"https:\/\/api.w.org\/{rel}","templated":true}]}}