{"id":61,"date":"2018-12-10T02:10:53","date_gmt":"2018-12-10T00:10:53","guid":{"rendered":"http:\/\/dinamitzacio-social-digital-test.recursos.uoc.edu\/contextos-exclusio\/?page_id=61"},"modified":"2021-01-29T13:59:40","modified_gmt":"2021-01-29T11:59:40","slug":"2-2-3-treball-i-formacio","status":"publish","type":"page","link":"http:\/\/dinamitzacio-social-digital-test.recursos.uoc.edu\/contextos-exclusio\/2-2-3-treball-i-formacio\/","title":{"rendered":"2.2.3. Treball i formaci\u00f3"},"content":{"rendered":"<p>L\u2019\u00e0mbit laboral \u00e9s segurament un dels usos on es plasma m\u00e9s clarament l\u2019exclusi\u00f3 social derivada de l\u2019exclusi\u00f3 digital. Actualment el coneixement de les t\u00e8cniques de recerca de feina a trav\u00e9s d\u2019internet i l\u2019\u00fas de la tecnologia en qualsevol feina s\u00f3n necessaris per a tenir possibilitats d\u2019ocupabilitat i, per tant, d\u2019inclusi\u00f3 social (tenir feina i un sou digne).<\/p>\n<p>Entre aquests usos m\u00e9s espec\u00edfics trobem la possibilitat de fer totes les gestions de cerca de feina per internet, com tamb\u00e9 els tr\u00e0mits relacionats amb l\u2019atur. En bona part dels casos, l\u2019administraci\u00f3 permet gestionar les prestacions per desocupaci\u00f3 (per exemple, <a href=\"https:\/\/www.oficinadetreball.gencat.cat\/socfuncions\/CanviIdiomaDemandants.do?canviIdioma=es&amp;url=&amp;urlAmbAmbit=false\" target=\"_blank\" rel=\"noopener\">renovar la demanda d\u2019ocupaci\u00f3<\/a>), com tamb\u00e9 actualitzar la informaci\u00f3 personal en el servei d\u2019ocupaci\u00f3, la consulta d\u2019ofertes p\u00fabliques, etc.<\/p>\n<p>Tanmateix, actualment no s\u2019ent\u00e9n la cerca de feina sense fer servir portals privats d\u2019internet, <a href=\"javascript:void(0);\" class=\"tooltip\" data-toggle=\"popover\" data-placement=\"bottom\" data-content=\"<b>Reflexi\u00f3<\/b>: Despr\u00e9s de visitar l\u2019enlla\u00e7 <a href='https:\/\/www.xatakamovil.com\/aplicaciones\/siete-aplicaciones-para-encontrar-trabajo-desde-el-movil-en-android-y-ios' target='_blank'>https:\/\/www.xatakamovil.com\/aplicaciones\/siete-aplicaciones-para-encontrar-trabajo-desde-el-movil-en-android-y-ios<\/a> reflexioneu sobre si tenen avantatges les aplicacions de recerca de feina respecte dels portals cl\u00e0ssics d\u2019internet.\" data-placement=\"top\" data-html=\"true\" >incloent-hi els adre\u00e7ats espec\u00edficament al m\u00f2bil<\/a>. La ra\u00f3 l\u2019hem de buscar en la comoditat d\u2019\u00fas per a l\u2019usuari (n\u2019hi ha prou amb uns minuts per a donar-se d\u2019alta en un portal de feina i una consulta setmanal al correu personal), i en l\u2019abaratiment dels costos per a les empreses sol\u00b7licitants de candidats.<\/p>\n<p>Aquesta cerca activa de feina utilitzant la xarxa de vegades tamb\u00e9 pot resultar complicada per a algunes persones, ja sigui per mancances en l\u2019\u00fas de la tecnologia (per exemple, no saber com pujar el CV a un portal o com inserir-hi la foto) o b\u00e9 relacionats amb la cerca i la selecci\u00f3 d\u2019informaci\u00f3 (no tenir clar on cercar ofertes que tinguin a veure amb el nostre perfil o quines de les ofertes rebudes s\u00f3n reals). Per aix\u00f2 cal adquirir les compet\u00e8ncies digitals necess\u00e0ries que dotin les persones d\u2019autonomia per a poder fer totes aquestes gestions.<\/p>\n<p>D\u2019altra banda, gestionar la <a href=\"http:\/\/bid.ub.edu\/24\/giones2.htm\" target=\"_blank\" rel=\"noopener\">identitat digital<\/a> per a tenir una bona reputaci\u00f3 laboral en l\u00ednia \u00e9s tamb\u00e9 una q\u00fcesti\u00f3 important en els processos de cerca de feina. Sobre aix\u00f2, cal tenir en compte que, actualment, els departaments de recursos humans de moltes empreses utilitzen internet per a trobar informaci\u00f3 sobre els candidats. Per tant, \u00e9s cabdal aprendre a tenir cura de la nostra imatge a la xarxa, segons el que diem, compartim o pengem, i utilitzar-ho en benefici propi, i tenir clar quina imatge volem donar de nosaltres mateixos. Eines com <a href=\"https:\/\/www.linkedin.com\/\" target=\"_blank\" rel=\"noopener\">LinkedIn<\/a>, <a href=\"http:\/\/cuvitt.talentkey.io\/\" target=\"_blank\" rel=\"noopener\">Smart Profile<\/a>, <a href=\"https:\/\/about.me\/\" target=\"_blank\" rel=\"noopener\">About.me<\/a>, etc. permeten gestionar aquesta identitat digital de manera adequada.<\/p>\n<p>A continuaci\u00f3 podreu veure un v\u00eddeo sobre l\u2019actitud digital:<\/p>\n<p><a href=\"http:\/\/materials.cv.uoc.edu\/cdocent\/PID_00236365\/\" target=\"_blank\" rel=\"noopener\">http:\/\/materials.cv.uoc.edu\/cdocent\/PID_00236365\/<\/a><\/p>\n<figure id=\"attachment_62\" aria-describedby=\"caption-attachment-62\" style=\"width: 780px\" class=\"wp-caption alignnone\"><img loading=\"lazy\" class=\"wp-image-62 size-full\" src=\"\/wp-content\/uploads\/sites\/6\/2018\/12\/02532_m8.jpg\" alt=\"\" width=\"780\" height=\"577\" srcset=\"\/wp-content\/uploads\/sites\/6\/2018\/12\/02532_m8.jpg 780w, \/wp-content\/uploads\/sites\/6\/2018\/12\/02532_m8-300x222.jpg 300w, \/wp-content\/uploads\/sites\/6\/2018\/12\/02532_m8-768x568.jpg 768w\" sizes=\"(max-width: 780px) 100vw, 780px\" \/><figcaption id=\"caption-attachment-62\" class=\"wp-caption-text\">Font: <a href=\"http:\/\/bid.ub.edu\/24\/giones2.htm\/\" target=\"_blank\" rel=\"noopener\">http:\/\/bid.ub.edu\/24\/giones2.htm<\/a><\/figcaption><\/figure>\n<p>L\u2019aplicaci\u00f3 de les TIC en els entorns laborals entra plenament en aquest apartat, ja que ofereix diverses possibilitats pel que fa a l\u2019estalvi de temps, posada en com\u00fa de coneixements (gesti\u00f3 del coneixement en l\u2019empresa), productivitat&#8230; amb potents eines de treball en equip i de comunicaci\u00f3 (intranets, eines al n\u00favol, etc.).<\/p>\n<p>En aquest sentit, el teletreball \u00e9s el m\u00e0xim exponent d\u2019aquesta aplicaci\u00f3 de les TIC en l\u2019entorn laboral, ja que possibilita treballar des de casa o des de qualsevol altre lloc on hi hagi connectivitat sense despla\u00e7aments al centre de treball, si el context laboral ho permet. En relaci\u00f3 a aix\u00f2, la crisi de la Covid-19 ha obligat a diverses empreses i organitzacions ha instaurar el teletreball, comportant canvis en les maneres de treballar amb les totes seves implicacions, especialment pel que fa la reorganitzaci\u00f3 del temps i dels h\u00e0bits laborals per conciliar-los amb la vida personal. Podeu consultar aquest informe elaborat per Eurofound, amb dades sobre l&#8217;impacte de la Covid-19 en la vida i el treball a nivell europeu: <a href=\"https:\/\/www.eurofound.europa.eu\/sites\/default\/files\/ef_publication\/field_ef_document\/ef20059en.pdf\" target=\"_blank\" rel=\"noopener\">Living, working and Covid-19.<\/a><\/p>\n<p>Pel que fa al teletreball, con\u00e8ixer aquestes eines ens permet convertir-nos en <a href=\"http:\/\/www.eleconomista.es\/blogs\/empresamientos\/?p=548\" target=\"_blank\" rel=\"noopener\">treballadors\/es-n\u00f2mades<\/a>, \u00e9s a dir, aquells\/es treballadors\/es que, per tal d\u2019augmentar la productivitat, utilitzen les TIC per a poder flexibilitzar la jornada laboral, ja que, en principi, el <a href=\"javascript:void(0);\" class=\"tooltip\" data-toggle=\"popover\" data-placement=\"bottom\" data-content=\"Per a con\u00e8ixer els beneficis sobre el teletreball visiteu l\u2019enlla\u00e7 <a href='https:\/\/www.uoc.edu\/portal\/ca\/news\/actualitat\/2016\/136-teletreball.html' target='_blank'>https:\/\/www.uoc.edu\/portal\/ca\/news\/actualitat\/2016\/136-teletreball.html<\/a>.\" data-placement=\"top\" data-html=\"true\" >teletreball<\/a> hauria de permetre flexibilitzar horaris i intensitats, el lloc f\u00edsic des d\u2019on s\u2019exerceix la feina, etc. . Malauradament, l\u2019ab\u00fas d\u2019aquesta flexibilitzaci\u00f3 est\u00e0 portant a regular el <a href=\"https:\/\/cincodias.elpais.com\/cincodias\/2018\/10\/03\/midinero\/1538587470_050609.html\" target=\"_blank\" rel=\"noopener\">dret del treballador a la desconnexi\u00f3<\/a>, com ja es fa en altres pa\u00efsos.<\/p>\n<p>Per la seva banda, els espais de <a href=\"https:\/\/www.coworker.com\/lab\/what-is-coworking\/\" target=\"_blank\" rel=\"noopener\"><em>coworking<\/em><\/a> permeten deslocalitzar el nostre espai de treball i reduir costos laborals. A Catalunya hi ha associacions com <a href=\"https:\/\/www.coworker.com\/lab\/what-is-coworking\/\" target=\"_blank\" rel=\"noopener\">Cowocat<\/a>.<\/p>\n<p>Pel que fa a la formaci\u00f3, mereix una atenci\u00f3 especial l\u2019anomenat <strong><em>e-learning <\/em>o aprenentatge virtual<\/strong>, que aqu\u00ed entenem com:<\/p>\n<blockquote><p>\u00ab(&#8230;) una modalidad de ense\u00f1anza y aprendizaje, que puede representar todo o una parte del modelo educativo en el que se aplica, que explota los medios y dispositivos electr\u00f3nicos para facilitar el acceso, la evoluci\u00f3n y la mejora de la calidad de la educaci\u00f3n y la formaci\u00f3n.\u00bb<\/p>\n<p>Sangr\u00e0 <em>et al<\/em>. (2011). <a href=\"http:\/\/openaccess.uoc.edu\/webapps\/o2\/bitstream\/10609\/10541\/6\/inf_ed_cast.pdf\" target=\"_blank\" rel=\"noopener\">http:\/\/openaccess.uoc.edu\/webapps\/o2\/bitstream\/10609\/10541\/6\/inf_ed_cast.pdf<\/a><\/p><\/blockquote>\n<p>Aix\u00ed, doncs, l\u2019aplicaci\u00f3 de la tecnologia en els processos educatius, ja sigui introduint maquinari, programari i internet a les aules, ja sigui de manera completament virtual, utilitzant \u00fanicament mitjans electr\u00f2nics i internet, \u00e9s un altre dels camps en qu\u00e8 l\u2019exclusi\u00f3 digital pot esdevenir social si no es disposa d&#8217;acc\u00e9s ni de les compet\u00e8ncies digitals adequades, com ha quedat evidenciat durant el primer confinament arran de la Covid-19.<\/p>\n<p>En un primer nivell d\u2019e-<em>learning<\/em> trobem la implantaci\u00f3 de maquinari, programari i alta connectivitat a les aules escolars com un pas previ per a la familiaritzaci\u00f3 dels joves amb les eines inform\u00e0tiques. Tot i que necess\u00e0ria, aquesta mesura no \u00e9s suficient. Les iniciatives han de contemplar, en aquest sentit, tamb\u00e9 la <a href=\"javascript:void(0);\" class=\"tooltip\" data-toggle=\"popover\" data-placement=\"bottom\" data-content=\"L\u2019enlla\u00e7 <a href='http:\/\/aprende.intef.es\/sites\/default\/files\/2018-05\/2017_1020_Marco-Com%C3%BAn-de-Competencia-Digital-Docente.pdf' target='_blank'>http:\/\/aprende.intef.es\/sites\/default\/files\/2018-05\/2017_1020_Marco-Com%C3%BAn-de-Competencia-Digital-Docente.pdf<\/a> exposa les compet\u00e8ncies digitals dels docents.\r\nL\u2019enlla\u00e7 <a href='http:\/\/ensenyament.gencat.cat\/web\/.content\/home\/departament\/publicacions\/monografies\/competencia-digital-docent\/competencia-digital-docent.pdf' target='_blank'>http:\/\/ensenyament.gencat.cat\/web\/.content\/home\/departament\/publicacions\/monografies\/competencia-digital-docent\/competencia-digital-docent.pdf<\/a> de la Generalitat.\" data-placement=\"top\" data-html=\"true\" >capacitaci\u00f3 dels professionals de l\u2019educaci\u00f3 social<\/a>: cal que ensenyin a saber fer i a voler fer, i sempre de manera cr\u00edtica; els estudiants (ja en les primeres etapes de la formaci\u00f3) haurien d\u2019aprendre a fer servir un ordinador i els programes que necessitin, per\u00f2, m\u00e9s enll\u00e0 de l\u2019\u00fas instrumental, tamb\u00e9 caldria que adquirissin altres compet\u00e8ncies relacionades, com ara saber cercar, seleccionar i gestionar la informaci\u00f3 de manera efectiva, saber comunicar-se adequadament a la xarxa, saber planificar-se i organitzar-se, etc.<\/p>\n<p>Al seu torn, <a href=\"javascript:void(0);\" class=\"tooltip\" data-toggle=\"popover\" data-placement=\"bottom\" data-content=\"<b>Exemples de formaci\u00f3 en l\u00ednia<\/b>: Universitats com la <a href='https:\/\/www.uoc.edu\/portal\/ca\/index.html' target='_blank'> UOC <\/a>, <a href='https:\/\/fp.uoc.fje.edu\/' target='_blank'> formaci\u00f3 professional o secund\u00e0ria<\/a>, <a href='https:\/\/ioc.xtec.cat\/educacio\/' target='_blank'> batxillerat i\/o altres cicles formatius<\/a>.\" data-placement=\"top\" data-html=\"true\" >la formaci\u00f3 totalment en l\u00ednia<\/a> proporciona flexibilitat d\u2019horaris, supera barreres espacials i temporals, i possibilita la personalitzaci\u00f3 dels aprenentatges i m\u00e9s agilitat per a poder actualitzar els continguts. Actualment, gr\u00e0cies a totes les eines web 2.0 i a tota l\u2019evoluci\u00f3 tecnol\u00f2gica, tamb\u00e9 permet m\u00e9s interactivitat i col\u00b7laboraci\u00f3, i, alhora, facilita el treball i el desenvolupament de les compet\u00e8ncies digitals. Ara b\u00e9, \u00e9s cert que, per part de l\u2019estudiant, tamb\u00e9 requereix m\u00e9s autonomia, capacitat d\u2019organitzaci\u00f3, for\u00e7a de voluntat, i un cert domini o temps per acostumar-se a les eines i als processos que implica, com el fet de gestionar volums importants d\u2019informaci\u00f3 i de treballar sense contacte f\u00edsic amb equip docents i companys, una cosa a la qual molts col\u00b7lectius no estan acostumats. \u00c9s per aix\u00f2 que el percentatge d\u2019abandonament dels cursos en l\u00ednia \u00e9s m\u00e9s gran que en els entorns presencials.<\/p>\n<p>Durant el primer confinament arran de la pand\u00e8mia de la Covid-19 la suspensi\u00f3 de les classes presencials va obligar a tota la comunitat educativa a fer una adaptaci\u00f3 digital accelerada, passant tota la seva activitat a l&#8217;entorn virtual. Fru\u00eft d&#8217;aix\u00f2 van sorgir diferents iniciatives per proporcionar recursos i facilitar aquesta adaptaci\u00f3.\u00a0 Per exemple, <a href=\"https:\/\/www.educacionyfp.gob.es\/destacados\/covid19\/recursos.html\" target=\"_blank\" rel=\"noopener\">aquests recursos d&#8217;ensenyament aprenentatge oferts del Ministeri d&#8217;Educaci\u00f3 de l&#8217;Estat Espanyol<\/a>,\u00a0 <a href=\"https:\/\/en.unesco.org\/covid19\/educationresponse\/solutions\" target=\"_blank\" rel=\"noopener\">els oferts per la UNESCO<\/a>\u00a0 o <a href=\"https:\/\/ec.europa.eu\/education\/resources-and-tools\/coronavirus-online-learning-resources_es\" target=\"_blank\" rel=\"noopener\">els aportats per la Comissi\u00f3 Europea<\/a><\/p>\n<p>L&#8217;\u00e0mbit d&#8217;educaci\u00f3 no formal tamb\u00e9 es va veure igual d&#8217;afectada, com les formacions de capacitaci\u00f3 digital, ocupacionals, etc, i que tamb\u00e9 va haver de reinventar-se per poder continuar amb la seva activitat de manera virtual. Per exemple, els <a href=\"https:\/\/xarxaomnia.gencat.cat\/recursos\" target=\"_blank\" rel=\"noopener\">Punts \u00d2mnia.<\/a><\/p>\n<p>En un context educatiu m\u00e9s informal, l\u2019exist\u00e8ncia dels <a href=\"https:\/\/epthinktank.eu\/2013\/10\/01\/open-education-oer-ocw-and-moocs\/\" target=\"_blank\" rel=\"noopener\">MOOC (<em>Massive Open On Line Courses<\/em>), els OCW (<em>Open Course Ware<\/em>) i els OER (<em>Open Educational Resources<\/em>)<\/a> han estat un pas important pel que fa a la democratitzaci\u00f3 del coneixement, ja que ofereixen formacions i continguts de manera gratu\u00efta i oberta a tothom a trav\u00e9s de la xarxa. Per aix\u00f2 \u00e9s important que, des de l\u2019e-inclusi\u00f3, es proporcionin tots els recursos formatius que avui es tenen a l\u2019abast i s\u2019ofereixin les eines necess\u00e0ries per tal que se\u2019n puguin beneficiar mitjan\u00e7ant una capacitaci\u00f3 digital adequada.<\/p>\n","protected":false},"excerpt":{"rendered":"<p>L\u2019\u00e0mbit laboral \u00e9s segurament un dels usos on es plasma m\u00e9s clarament l\u2019exclusi\u00f3 social derivada de l\u2019exclusi\u00f3 digital. Actualment el coneixement de les t\u00e8cniques de recerca de feina a trav\u00e9s d\u2019internet i l\u2019\u00fas de la tecnologia en qualsevol feina s\u00f3n necessaris per a tenir possibilitats d\u2019ocupabilitat i, per tant, d\u2019inclusi\u00f3 social (tenir feina i un [&hellip;]<\/p>\n","protected":false},"author":1,"featured_media":0,"parent":0,"menu_order":0,"comment_status":"closed","ping_status":"closed","template":"","meta":[],"_links":{"self":[{"href":"http:\/\/dinamitzacio-social-digital-test.recursos.uoc.edu\/contextos-exclusio\/wp-json\/wp\/v2\/pages\/61"}],"collection":[{"href":"http:\/\/dinamitzacio-social-digital-test.recursos.uoc.edu\/contextos-exclusio\/wp-json\/wp\/v2\/pages"}],"about":[{"href":"http:\/\/dinamitzacio-social-digital-test.recursos.uoc.edu\/contextos-exclusio\/wp-json\/wp\/v2\/types\/page"}],"author":[{"embeddable":true,"href":"http:\/\/dinamitzacio-social-digital-test.recursos.uoc.edu\/contextos-exclusio\/wp-json\/wp\/v2\/users\/1"}],"replies":[{"embeddable":true,"href":"http:\/\/dinamitzacio-social-digital-test.recursos.uoc.edu\/contextos-exclusio\/wp-json\/wp\/v2\/comments?post=61"}],"version-history":[{"count":13,"href":"http:\/\/dinamitzacio-social-digital-test.recursos.uoc.edu\/contextos-exclusio\/wp-json\/wp\/v2\/pages\/61\/revisions"}],"predecessor-version":[{"id":885,"href":"http:\/\/dinamitzacio-social-digital-test.recursos.uoc.edu\/contextos-exclusio\/wp-json\/wp\/v2\/pages\/61\/revisions\/885"}],"wp:attachment":[{"href":"http:\/\/dinamitzacio-social-digital-test.recursos.uoc.edu\/contextos-exclusio\/wp-json\/wp\/v2\/media?parent=61"}],"curies":[{"name":"wp","href":"https:\/\/api.w.org\/{rel}","templated":true}]}}