{"id":67,"date":"2018-12-11T02:22:34","date_gmt":"2018-12-11T00:22:34","guid":{"rendered":"http:\/\/dinamitzacio-social-digital-test.recursos.uoc.edu\/contextos-exclusio\/?page_id=67"},"modified":"2021-01-26T11:20:30","modified_gmt":"2021-01-26T09:20:30","slug":"2-2-4-tramits","status":"publish","type":"page","link":"http:\/\/dinamitzacio-social-digital-test.recursos.uoc.edu\/contextos-exclusio\/2-2-4-tramits\/","title":{"rendered":"2.2.4. Tr\u00e0mits"},"content":{"rendered":"<p>Saber fer tr\u00e0mits amb les administracions o els bancs, i accedir als seus serveis i als de les empreses comen\u00e7a a formar part de les compet\u00e8ncies b\u00e0siques de qualsevol ciutad\u00e0. En pocs anys les nostres relacions amb entitats i empreses passar\u00e0 necess\u00e0riament per internet i qui no s\u00e0piga fer-ho tindr\u00e0 un desavantatge social que pot afavorir l\u2019exclusi\u00f3.<\/p>\n<p><strong>Comer\u00e7 electr\u00f2nic<\/strong><\/p>\n<p>Un dels aspectes que s\u2019ha disparat en els darrers anys \u00e9s el <strong>comer\u00e7 en l\u00ednia,\u00a0<\/strong>especialment durant l&#8217;estat d&#8217;alarma arran de la pand\u00e8mia de la Covid-19. Sembla que s\u2019han superat els problemes de fa uns anys quan la gent no s\u2019animava a comprar per internet a causa de les males connexions, els dissenys deficients dels webs i, sobretot, la desconfian\u00e7a dels usuaris per q\u00fcestions de seguretat no garantida. <a href=\"https:\/\/www.ontsi.red.es\/sites\/ontsi\/files\/2020-11\/B2C2019_Ed2020_0.pdf\" target=\"_blank\" rel=\"noopener\">Segons dades facilitades per l&#8217;ONTSI<\/a>, al 2019 les vendes electr\u00f2niques van superar per primera vegada els 50.000 milions d&#8217;euros, amb un creixement del 210% en els darrers 5 anys. Tot i que, en menor grau, encara persisteixen alguns problemes, l\u2019evoluci\u00f3 tecnol\u00f2gica ha aportat moltes millores en aquest sentit, de manera que el percentatge de persones que consumeixen en l\u00ednia i compren per internet se supera any rere any. Entre els avantatges, cal esmentar que permet accedir a un cat\u00e0leg m\u00e9s ampli de productes i, en alguns casos, a preus m\u00e9s avantatjosos que el comer\u00e7 presencial.<\/p>\n<figure id=\"attachment_850\" aria-describedby=\"caption-attachment-850\" style=\"width: 868px\" class=\"wp-caption alignnone\"><img loading=\"lazy\" class=\"wp-image-850 size-full\" src=\"\/wp-content\/uploads\/sites\/6\/2021\/01\/Captura-de-pantalla-2021-01-26-a-les-9.51.14.png\" alt=\"\" width=\"868\" height=\"744\" srcset=\"\/wp-content\/uploads\/sites\/6\/2021\/01\/Captura-de-pantalla-2021-01-26-a-les-9.51.14.png 868w, \/wp-content\/uploads\/sites\/6\/2021\/01\/Captura-de-pantalla-2021-01-26-a-les-9.51.14-300x257.png 300w, \/wp-content\/uploads\/sites\/6\/2021\/01\/Captura-de-pantalla-2021-01-26-a-les-9.51.14-768x658.png 768w\" sizes=\"(max-width: 868px) 100vw, 868px\" \/><figcaption id=\"caption-attachment-850\" class=\"wp-caption-text\">Font: Enquesta<em> online<\/em> de comer\u00e7 electr\u00f2nic, ONTSI. Disponible a: https:\/\/www.ontsi.red.es\/sites\/ontsi\/files\/2020-11\/B2C2019_Ed2020_0.pdf (&#8220;El comercio electr\u00f3nico B2C en Espa\u00f1a 2019&#8221;)<\/figcaption><\/figure>\n<p>Per a persones amb problemes de mobilitat o que viuen en llocs a\u00efllats pot representar m\u00e9s comoditat i, per tant, una millor qualitat de vida. Per contra, el fet de no poder \u00abtocar\u00bb els productes, veure\u2019ls <em>in situ<\/em> o el contacte amb el venedor o la venedora tamb\u00e9 pot provocar que moltes persones es decantin per les compres tradicionals. En qualsevol cas, des de l\u2019e-inclusi\u00f3, \u00e9s important facilitar les eines i les compet\u00e8ncies necess\u00e0ries perqu\u00e8 tothom se\u2019n pugui beneficiar.<\/p>\n<p>En aquest sentit, el proc\u00e9s de compra electr\u00f2nica \u00e9s una acci\u00f3 complexa que inclou una seq\u00fc\u00e8ncia de coneixements m\u00e9s petits, i entendre una s\u00e8rie de conceptes com ara:<\/p>\n<ul>\n<li><strong>Identificaci\u00f3 digital<\/strong>. Totes les p\u00e0gines de compres exigeixen un registre previ o omplir un formulari en l\u00ednia amb dades que inclouen com a m\u00ednim un nom d\u2019usuari i\/o correu electr\u00f2nic on es pot consultar l\u2019estat de la compra i un n\u00famero de targeta on carregar la despesa. Si \u00e9s una p\u00e0gina de registre per a compres futures, inclour\u00e0 la creaci\u00f3 d\u2019una contrasenya. Saber-se moure en formularis en l\u00ednia amb totes aquestes dades formar\u00e0 part de l\u2019e-inclusi\u00f3 b\u00e0sica.<\/li>\n<li><strong>Transacci\u00f3 electr\u00f2nica<\/strong>. Tamb\u00e9 caldr\u00e0 entendre aquest concepte. El banc de refer\u00e8ncia haur\u00e0 d\u2019autoritzar l\u2019\u00fas de la targeta per mitj\u00e0 de claus i contrasenyes diverses. Cada cop \u00e9s m\u00e9s senzill i segur fer-ho a trav\u00e9s del tel\u00e8fon intel\u00b7ligent o el PC per\u00f2 cal entrenar-se i prendre les mesures necess\u00e0ries per a fer-ho amb seguretat.<\/li>\n<li><strong>Compra segura<\/strong>. Aix\u00f2 \u00e9s el que va fallar fa uns anys. S\u2019ha de generar confian\u00e7a en el consumidor. L\u2019e-inclusi\u00f3 hauria d\u2019obligar l\u2019usuari a preguntar-se si el web de compra \u00e9s fiable en q\u00fcestions com ara les seg\u00fcents: Fa servir protocols de seguretat (https, cadenat\u2026)? \u00c9s un web conegut? L\u2019adre\u00e7a electr\u00f2nica sembla l\u2019oficial? Hi ha una adre\u00e7a f\u00edsica o tel\u00e8fon on adre\u00e7ar-se en cas de problemes? Alg\u00fa conegut hi ha comprat abans? Hi ha possibilitat de fer servir mitjancers que m\u2019evitin haver de donar les meves dades cont\u00ednuament (tipus Paypal)?<\/li>\n<li><strong>\u00das del correu<\/strong>. Normalment el mitj\u00e0 de comunicaci\u00f3 amb l\u2019empresa de compra es fa per correu. L\u2019usuari haur\u00e0 d\u2019estar entrenat en el seu \u00fas per a fer el seguiment o presentar reclamacions.<\/li>\n<\/ul>\n<p>En el pla negatiu, el comer\u00e7 electr\u00f2nic t\u00e9 una gran afectaci\u00f3 en el petit comer\u00e7 de proximitat, que freq\u00fcentment no pot fer front a la compet\u00e8ncia de les botigues en l\u00ednia. Per tant es produeix un efecte negatiu en els barris, que han de tancar parades i expulsar petits botiguers que fins ara es guanyaven la vida de manera tradicional. Per alguns d\u2019aquests, con\u00e8ixer els processos de comer\u00e7 electr\u00f2nic no solament pot significar sobreviure sin\u00f3 tamb\u00e9 ampliar mercat, amb el l\u00edmit dels milions de persones que fan servir internet al planeta. En aquest cas, formar i apoderar els petits comerciants per tal que s\u2019adaptin a les necessitats i les demandes de la societat digital per mitj\u00e0 d\u2019eines en l\u00ednia (plans de comunicaci\u00f3 en l\u00ednia, plataformes de venda\u2026) pot significar una millora tant individual com comunit\u00e0ria.<\/p>\n<p><strong>Administraci\u00f3 electr\u00f2nica<\/strong><\/p>\n<p>Pel que fa als tr\u00e0mits administratius, la llei ja obliga que la ciutadania es pugui adre\u00e7ar a l\u2019administraci\u00f3 per internet sense haver-se de despla\u00e7ar. Aix\u00ed, els ciutadans haurien de tenir acc\u00e9s normalitzat a les seves administracions per internet; \u00e9s a dir, la possibilitat de fer tr\u00e0mits, comunicar-s\u2019hi i obtenir-ne informaci\u00f3. Aprendre a relacionar-nos en l\u00ednia amb l\u2019administraci\u00f3 hauria de formar part de les compet\u00e8ncies digitals b\u00e0siques que ha de tenir la ciutadania.<\/p>\n<p>Els beneficis de l\u2019administraci\u00f3 electr\u00f2nica, segons el <a href=\"https:\/\/www.aoc.cat\/knowledge-base\/1-2-que-es-ladministracio-electronica-2\/\" target=\"_blank\" rel=\"noopener\">Consorci d\u2019Administraci\u00f3 Electr\u00f2nica de Catalunya<\/a> s\u00f3n els seg\u00fcents:<\/p>\n<ol>\n<li>Per a la ciutadania:\n<ul>\n<li>Accessibilitat als serveis p\u00fablics 24 hores els 7 dies de la setmana<\/li>\n<li>Simplicitat en les tramitacions amb l\u2019Administraci\u00f3<\/li>\n<li>Rapidesa i agilitat en l\u2019obtenci\u00f3 del servei requerit<\/li>\n<li>Eliminaci\u00f3 de la necessitat de despla\u00e7ar-se f\u00edsicament a l\u2019Administraci\u00f3, evitant cues i estalviant temps<\/li>\n<li>Aplicaci\u00f3 de principis b\u00e0sics de caire social: no exclusi\u00f3, facilitaci\u00f3 de l\u2019acc\u00e9s a les noves tecnologies, etc.<\/li>\n<\/ul>\n<\/li>\n<\/ol>\n<ol start=\"2\">\n<li>Per a les administracions:\n<ul>\n<li>Millora del servei i, per tant, de la imatge de l\u2019Administraci\u00f3<\/li>\n<li>Millora de l\u2019efici\u00e8ncia interna<\/li>\n<li>Integraci\u00f3 dels diferents canals de prestaci\u00f3<\/li>\n<li>Foment de l\u2019\u00fas generalitzat de les noves tecnologies<\/li>\n<li>Generaci\u00f3 de fortes economies d\u2019escala (cost de transacci\u00f3 m\u00e9s baix)<\/li>\n<li>Impuls profund de la transformaci\u00f3 de l\u2019Administraci\u00f3<\/li>\n<\/ul>\n<\/li>\n<\/ol>\n<p>La base d\u2019aquesta relaci\u00f3 \u00e9s la certificaci\u00f3 digital mitjan\u00e7ant la signatura digital. Per tant aprendre com tenir aquesta signatura i com fer-la servir formar\u00e0 part aviat de les compet\u00e8ncies b\u00e0siques, i no con\u00e8ixer-les pot ser motiu d\u2019exclusi\u00f3 digital.<\/p>\n<p>Actualment, aquest tr\u00e0mit no \u00e9s gens senzill per a persones amb un nivell b\u00e0sic, i fins i tot per a persones iniciades. A m\u00e9s, conviuen diferents certificats i, encara que els processos s\u00f3n semblants, no resulten f\u00e0cils. Tanmateix, l\u2019Administraci\u00f3 va for\u00e7a retardada en la implementaci\u00f3 de tr\u00e0mits, a causa en part de la crisi i la complexitat de canviar processos fins ara presencials. El mateix funcionariat ha de rebre capacitaci\u00f3, i es preveu que caldr\u00e0 ampliar les plantilles per a atendre un possible augment de tr\u00e0mits per aquesta via.<\/p>\n<p>Alguns exemples de certificats actuals:<\/p>\n<ul>\n<li><a href=\"https:\/\/www.sede.fnmt.gob.es\/certificados\/persona-fisica\/obtener-certificado-software\" target=\"_blank\" rel=\"noopener\"><strong>Signatura digital de la F\u00e0brica Nacional de Moneda i Timbre (FNMT)<\/strong><\/a>. El procediment, com tots, requereix la identificaci\u00f3 f\u00edsica amb cita pr\u00e8via en una oficina de registre i la instal\u00b7laci\u00f3 posterior en el dispositiu de l\u2019usuari, que cal adaptar pr\u00e8viament. Requereix certa destresa en l\u2019\u00fas del PC.<\/li>\n<li><a href=\"https:\/\/www.dnielectronico.es\/PortalDNIe\" target=\"_blank\" rel=\"noopener\"><strong>DNI digital<\/strong><\/a>. En aquest cas la dificultat es deriva del fet que requereix un lector de DNI electr\u00f2nic i l\u2019adaptaci\u00f3 del nostre aparell.<\/li>\n<li><a href=\"https:\/\/www.idcat.cat\/idcat\/ciutada\/menu.do\" target=\"_blank\" rel=\"noopener\"><strong>IDCAT<\/strong><\/a>. Es tracta d\u2019una certificaci\u00f3 de la Generalitat de Catalunya per a determinats tr\u00e0mits. Segueix m\u00e9s o menys els mateixos par\u00e0metres d\u2019\u00fas que els anteriors encara que hi ha una opci\u00f3 m\u00e9s senzilla i que no requereix pres\u00e8ncia inicial i que es fa a trav\u00e9s del <a href=\"https:\/\/idcatmobil.seu.cat\/\" target=\"_blank\" rel=\"noopener\">tel\u00e8fon intel\u00b7ligent<\/a>, no v\u00e0lida per totes les certificacions.<\/li>\n<\/ul>\n<p>Algunes eines TIC de l\u2019administraci\u00f3 electr\u00f2nica s\u00f3n els portals ciutadans, les intranets per millorar la gesti\u00f3 interna, els sistemes automatitzats d\u2019atenci\u00f3 al ciutad\u00e0 (que permeten saber en quin punt es troba un tr\u00e0mit, per exemple), la missatgeria automatitzada (l\u2019enviament a l\u2019usuari d\u2019SMS de l\u2019Administraci\u00f3), els sistemes de participaci\u00f3 ciutadana (vot electr\u00f2nic), la gesti\u00f3 de queixes en l\u00ednia, etc.<\/p>\n<p>En alguns casos comen\u00e7a a ser obligatori l\u2019\u00fas d\u2019eines TIC per relacionar-se (per exemple, per a empreses i entitats a l\u2019hora de facturar).<\/p>\n<p><strong>Salut electr\u00f2nica<\/strong><\/p>\n<p>Volem parar una atenci\u00f3 especial en aquest punt relacionat amb els tr\u00e0mits de l\u2019e-salut o salut electr\u00f2nica, un dels camps on s\u2019est\u00e0 avan\u00e7ant m\u00e9s gr\u00e0cies als diferents productes i serveis que es desenvolupen, i que ha vist incrementat el seu \u00fas degut a la Covid-19. Es tracta del conjunt d\u2019eines tecnol\u00f2giques que es fan servir en l\u2019entorn sanitari pel que fa a la prevenci\u00f3, el diagn\u00f2stic, el tractament i el seguiment dels usuaris, incloent-hi les de gesti\u00f3 sanit\u00e0ria, que milloren l\u2019efici\u00e8ncia del sistema. Entre aquestes, hi ha <a href=\"javascript:void(0);\" class=\"tooltip\" data-toggle=\"popover\" data-placement=\"bottom\" data-content=\"<b>Exemple<\/b>: En l\u2019enlla\u00e7 <a href='https:\/\/www.upf.edu\/web\/medicina_comunicacio\/app-junts' target='_blank'>https:\/\/www.upf.edu\/web\/medicina_comunicacio\/app-junts<\/a>. trobareu un exemple d\u2019aplicaci\u00f3 m\u00f2bil per al seguiment de fam\u00edlies d\u2019infants amb malalties rares.\" data-placement=\"top\" data-html=\"true\" >aplicacions m\u00f2bils<\/a>, telemedicina (amb suport de videoconfer\u00e8ncies), dispositius <em>wearables<\/em> (integrats en roba i accessoris per a la monitoritzaci\u00f3), sistemes de suport a la decisi\u00f3 cl\u00ednica, etc.<\/p>\n<p>Actualment, entre les operacions m\u00e9s habituals, es pot demanar hora al metge en el web i buscar informaci\u00f3 a la xarxa sobre alguna malaltia o afecci\u00f3. Aquest \u00faltim tema \u00e9s especialment important ja que, com hem comentat en apartats anteriors, davant la quantitat d\u2019informaci\u00f3 existent, i de vegades el poc coneixement que es t\u00e9 sobre aquesta, \u00e9s especialment important tenir compet\u00e8ncies per a saber cercar i trobar informaci\u00f3 fiable, i evitar possibles problemes derivats d\u2019una mala informaci\u00f3, especialment en temps de pand\u00e8mia, com l\u2019automedicaci\u00f3, tractaments inadequats, etc. Per exemple, a Catalunya en concret trobem el portal <a href=\"https:\/\/canalsalut.gencat.cat\/ca\/salut-a-z\/c\/coronavirus-2019-ncov\/ciutadania\/\" target=\"_blank\" rel=\"noopener\">Canal Salut<\/a>, amb informaci\u00f3 espec\u00edfica sobre la Covid-19,\u00a0 i l&#8217;espai <a href=\"https:\/\/lamevasalut.gencat.cat\/web\/cps\/welcome\" target=\"_blank\" rel=\"noopener\">La meva Salut<\/a> per realitzar diferents tr\u00e0mits relacionats amb la salut.<\/p>\n<p>En un futur no gaire lluny\u00e0, altres operacions, com saber utilitzar la videoconfer\u00e8ncia perqu\u00e8 el metge o la metgessa puguin fer un diagn\u00f2stic o controlar els dispositius de monitoritzaci\u00f3 que estiguin implantats al cos, tamb\u00e9 formaran part de les compet\u00e8ncies digitals necess\u00e0ries.<\/p>\n<p>L\u2019<a href=\"javascript:void(0);\" class=\"tooltip\" data-toggle=\"popover\" data-placement=\"bottom\" data-content=\"En l\u2019enlla\u00e7 <a href='http:\/\/www.who.int\/healthpromotion\/conferences\/9gchp\/health-literacy\/en\/' target='_blank'>http:\/\/www.who.int\/healthpromotion\/conferences\/9gchp\/health-literacy\/en\/<\/a> trobareu la Declaraci\u00f3 de principis sobre l\u2019alfabetitzaci\u00f3 en salut de l\u2019OMS.\" data-placement=\"top\" data-html=\"true\" > Organitzaci\u00f3 Mundial de la Salut<\/a> dona suport a les iniciatives que ajuden a apoderar la ciutadania pel que fa a la comprensi\u00f3 d\u2019aquestes tecnologies per a la millora de la salut. En aquest sentit, tamb\u00e9 trobem la iniciativa <a href=\"https:\/\/www.uoc.edu\/portal\/ca\/ehealth-center\/index.html\" target=\"_blank\" rel=\"noopener\">eHealth Center<\/a>, impulsada per la UOC, que vol esdevenir un centre acad\u00e8mic obert per capacitar la ciutadania i els\/les professionals per a que puguin liderar el canvi de paradigma en salut.<\/p>\n","protected":false},"excerpt":{"rendered":"<p>Saber fer tr\u00e0mits amb les administracions o els bancs, i accedir als seus serveis i als de les empreses comen\u00e7a a formar part de les compet\u00e8ncies b\u00e0siques de qualsevol ciutad\u00e0. En pocs anys les nostres relacions amb entitats i empreses passar\u00e0 necess\u00e0riament per internet i qui no s\u00e0piga fer-ho tindr\u00e0 un desavantatge social que pot [&hellip;]<\/p>\n","protected":false},"author":1,"featured_media":0,"parent":0,"menu_order":0,"comment_status":"closed","ping_status":"closed","template":"","meta":[],"_links":{"self":[{"href":"http:\/\/dinamitzacio-social-digital-test.recursos.uoc.edu\/contextos-exclusio\/wp-json\/wp\/v2\/pages\/67"}],"collection":[{"href":"http:\/\/dinamitzacio-social-digital-test.recursos.uoc.edu\/contextos-exclusio\/wp-json\/wp\/v2\/pages"}],"about":[{"href":"http:\/\/dinamitzacio-social-digital-test.recursos.uoc.edu\/contextos-exclusio\/wp-json\/wp\/v2\/types\/page"}],"author":[{"embeddable":true,"href":"http:\/\/dinamitzacio-social-digital-test.recursos.uoc.edu\/contextos-exclusio\/wp-json\/wp\/v2\/users\/1"}],"replies":[{"embeddable":true,"href":"http:\/\/dinamitzacio-social-digital-test.recursos.uoc.edu\/contextos-exclusio\/wp-json\/wp\/v2\/comments?post=67"}],"version-history":[{"count":10,"href":"http:\/\/dinamitzacio-social-digital-test.recursos.uoc.edu\/contextos-exclusio\/wp-json\/wp\/v2\/pages\/67\/revisions"}],"predecessor-version":[{"id":854,"href":"http:\/\/dinamitzacio-social-digital-test.recursos.uoc.edu\/contextos-exclusio\/wp-json\/wp\/v2\/pages\/67\/revisions\/854"}],"wp:attachment":[{"href":"http:\/\/dinamitzacio-social-digital-test.recursos.uoc.edu\/contextos-exclusio\/wp-json\/wp\/v2\/media?parent=67"}],"curies":[{"name":"wp","href":"https:\/\/api.w.org\/{rel}","templated":true}]}}