{"id":74,"date":"2018-12-11T02:26:30","date_gmt":"2018-12-11T00:26:30","guid":{"rendered":"http:\/\/dinamitzacio-social-digital-test.recursos.uoc.edu\/contextos-exclusio\/?page_id=74"},"modified":"2019-02-19T14:28:16","modified_gmt":"2019-02-19T12:28:16","slug":"2-2-5-participacio","status":"publish","type":"page","link":"http:\/\/dinamitzacio-social-digital-test.recursos.uoc.edu\/contextos-exclusio\/2-2-5-participacio\/","title":{"rendered":"2.2.5. Participaci\u00f3"},"content":{"rendered":"<p>La participaci\u00f3 a la xarxa \u00e9s un altre \u00e0mbit important que cal tenir en compte en relaci\u00f3 amb l\u2019e-inclusi\u00f3. El poder transformador de les TIC s\u2019explica a partir de la capacitat de difusi\u00f3 combinada amb la democratitzaci\u00f3 del seu \u00fas: qualsevol persona amb pocs mitjans pot fer arribar pensaments, suggeriments, queixes, coneixements, idees, ideologies&#8230; a l\u2019altra punta del m\u00f3n. I, encara m\u00e9s important, pot generar canvis petits (per exemple, la millora de l\u2019hotel on m\u2019he allotjat) o grans (creant un corrent de pressi\u00f3 per a canviar alguna situaci\u00f3 d\u2019injust\u00edcia). Estar capacitat digitalment \u00e9s tamb\u00e9 con\u00e8ixer aquestes possibilitats d\u2019apoderament per mitj\u00e0 de la xarxa.<\/p>\n<p>Una de les virtuts de la xarxa \u00e9s que la podem construir entre tots, ja sigui creant continguts multim\u00e8dia i pujant-los a les plataformes de v\u00eddeo o de fotos, o b\u00e9 fent un blog sobre temes dels quals som experts, aportant continguts a la Wikipedia, participant en f\u00f2rums\u2026 Tamb\u00e9 ens permet fer una queixa o un suggeriment per mitj\u00e0 d\u2019un formulari en l\u00ednia, signar un llibre de visites virtuals felicitant un petit comer\u00e7, donar el nostre parer en uns <a href=\"https:\/\/participa.santboi.cat\/processes\/pressupost2019\" target=\"_blank\" rel=\"noopener\">pressupostos participatius<\/a>\u2026 Hi ha moltes maneres de poder participar en la xarxa.<\/p>\n<p>En relaci\u00f3 amb aix\u00f2, cal esmentar especialment la <a href=\"https:\/\/www.decidim.barcelona\/?locale=es\" target=\"_blank\" rel=\"noopener\">participaci\u00f3 democr\u00e0tica a trav\u00e9s de la xarxa<\/a>, que permet que la ciutadania intervingui en diferents processos i influeixi en la pol\u00edtica del territori. <a href=\"javascript:void(0);\" class=\"tooltip\" data-toggle=\"popover\" data-placement=\"bottom\" data-content=\"<b>Exemple<\/b>: Hi ha molts exemples del que podria representar per a la ciutadania el vot electr\u00f2nic o la democr\u00e0cia digital.<br>\r\nEst\u00f2nia \u00e9s el pa\u00eds m\u00e9s avan\u00e7at en aquest aspecte. M\u00e9s informaci\u00f3 a  <a href='https:\/\/elpais.com\/elpais\/2018\/04\/05\/eps\/1522927807_984041.html' target='_blank'>https:\/\/elpais.com\/elpais\/2018\/04\/05\/eps\/1522927807_984041.html<\/a>. <br>Per a m\u00e9s informaci\u00f3 sobre democr\u00e0cia digital visiteu l\u2019enlla\u00e7. <a href='https:\/\/www.opendemocracy.net\/democraciaabierta\/thamy-pogrebinschi\/la-democracia-digital-mejora-la-democracia.' target='_blank'>https:\/\/www.opendemocracy.net\/democraciaabierta\/thamy-pogrebinschi\/la-democracia-digital-mejora-la-democracia<\/a>.\" data-placement=\"top\" data-html=\"true\" >L\u2019e-vot o vot electr\u00f2nic<\/a> significa una reducci\u00f3 de costos en comparaci\u00f3 amb les consultes tradicionals (sense urnes, sense paper, sense tanta gent implicada en l\u2019organitzaci\u00f3, sense paralitzar l\u2019economia per a anar a votar), a m\u00e9s de la facilitat d\u2019\u00fas. Serien motius suficients per a impulsar-lo, per\u00f2, no obstant aix\u00f2, aquest sistema \u00abid\u00edl\u00b7lic\u00bb t\u00e9 inconvenients t\u00e8cnics, com el possible pirateig del sistema, la suplantaci\u00f3 de la identitat digital&#8230; I, sobretot, tamb\u00e9 necessita la capacitaci\u00f3 tecnol\u00f2gica de la ciutadania.<\/p>\n","protected":false},"excerpt":{"rendered":"<p>La participaci\u00f3 a la xarxa \u00e9s un altre \u00e0mbit important que cal tenir en compte en relaci\u00f3 amb l\u2019e-inclusi\u00f3. El poder transformador de les TIC s\u2019explica a partir de la capacitat de difusi\u00f3 combinada amb la democratitzaci\u00f3 del seu \u00fas: qualsevol persona amb pocs mitjans pot fer arribar pensaments, suggeriments, queixes, coneixements, idees, ideologies&#8230; a [&hellip;]<\/p>\n","protected":false},"author":1,"featured_media":0,"parent":0,"menu_order":0,"comment_status":"closed","ping_status":"closed","template":"","meta":[],"_links":{"self":[{"href":"http:\/\/dinamitzacio-social-digital-test.recursos.uoc.edu\/contextos-exclusio\/wp-json\/wp\/v2\/pages\/74"}],"collection":[{"href":"http:\/\/dinamitzacio-social-digital-test.recursos.uoc.edu\/contextos-exclusio\/wp-json\/wp\/v2\/pages"}],"about":[{"href":"http:\/\/dinamitzacio-social-digital-test.recursos.uoc.edu\/contextos-exclusio\/wp-json\/wp\/v2\/types\/page"}],"author":[{"embeddable":true,"href":"http:\/\/dinamitzacio-social-digital-test.recursos.uoc.edu\/contextos-exclusio\/wp-json\/wp\/v2\/users\/1"}],"replies":[{"embeddable":true,"href":"http:\/\/dinamitzacio-social-digital-test.recursos.uoc.edu\/contextos-exclusio\/wp-json\/wp\/v2\/comments?post=74"}],"version-history":[{"count":5,"href":"http:\/\/dinamitzacio-social-digital-test.recursos.uoc.edu\/contextos-exclusio\/wp-json\/wp\/v2\/pages\/74\/revisions"}],"predecessor-version":[{"id":684,"href":"http:\/\/dinamitzacio-social-digital-test.recursos.uoc.edu\/contextos-exclusio\/wp-json\/wp\/v2\/pages\/74\/revisions\/684"}],"wp:attachment":[{"href":"http:\/\/dinamitzacio-social-digital-test.recursos.uoc.edu\/contextos-exclusio\/wp-json\/wp\/v2\/media?parent=74"}],"curies":[{"name":"wp","href":"https:\/\/api.w.org\/{rel}","templated":true}]}}